{"id":11547,"date":"2026-02-27T00:10:55","date_gmt":"2026-02-27T00:10:55","guid":{"rendered":"https:\/\/nordicmart.andreevmaster.com\/product\/songmics-hangmatta-med-metallstativ-gra\/"},"modified":"2026-02-27T08:05:46","modified_gmt":"2026-02-27T08:05:46","slug":"songmics-hangmatta-med-metallstativ-gra","status":"publish","type":"product","link":"https:\/\/nordicmart.andreevmaster.com\/sv\/produkt\/songmics-hangmatta-med-metallstativ-gra\/","title":{"rendered":"SONGMICS h\u00e4ngmatta med metallstativ, gr\u00e5"},"content":{"rendered":"<p>SONGMICS h\u00e4ngmatta med stativ, h\u00e4ngmatta av metall, dubbel h\u00e5llst\u00e5ng, med kudde, belastningskapacitet upp till 200 kg, tr\u00e4dg\u00e5rd GHS002 B34GHS002G01 GHS002Q01<br \/>\nF\u00e4rg: Svart stativ, gr\u00e5 h\u00e4ngmatta<br \/>\nMaterial: St\u00e5l, polyester<br \/>\nStorlek stativ: 400 x 100 x 90 cm (L x B x H)<br \/>\nStorlek h\u00e4ngmatta: 200 x 140 cm (L x B)<br \/>\nVikt: 16,6 kg<br \/>\nMax. statisk belastningskapacitet: 200 kg<\/p>\n","protected":false},"excerpt":{"rendered":"<p>SONGMICS h\u00e4ngmatta med stativ, h\u00e4ngmatta av metall, dubbel h\u00e5llst\u00e5ng, med kudde, belastningskapacitet upp till 200 kg, tr\u00e4dg\u00e5rd GHS002 B34GHS002G01 GHS002Q01<\/p>\n","protected":false},"featured_media":39916,"comment_status":"open","ping_status":"closed","template":"","meta":[],"product_brand":[],"product_cat":[33],"product_tag":[],"class_list":{"0":"post-11547","1":"product","2":"type-product","3":"status-publish","4":"has-post-thumbnail","6":"product_cat-okategoriserad","8":"first","9":"instock","10":"shipping-taxable","11":"purchasable","12":"product-type-simple"},"_links":{"self":[{"href":"https:\/\/nordicmart.andreevmaster.com\/sv\/wp-json\/wp\/v2\/product\/11547","targetHints":{"allow":["GET"]}}],"collection":[{"href":"https:\/\/nordicmart.andreevmaster.com\/sv\/wp-json\/wp\/v2\/product"}],"about":[{"href":"https:\/\/nordicmart.andreevmaster.com\/sv\/wp-json\/wp\/v2\/types\/product"}],"replies":[{"embeddable":true,"href":"https:\/\/nordicmart.andreevmaster.com\/sv\/wp-json\/wp\/v2\/comments?post=11547"}],"wp:featuredmedia":[{"embeddable":true,"href":"https:\/\/nordicmart.andreevmaster.com\/sv\/wp-json\/wp\/v2\/media\/39916"}],"wp:attachment":[{"href":"https:\/\/nordicmart.andreevmaster.com\/sv\/wp-json\/wp\/v2\/media?parent=11547"}],"wp:term":[{"taxonomy":"product_brand","embeddable":true,"href":"https:\/\/nordicmart.andreevmaster.com\/sv\/wp-json\/wp\/v2\/product_brand?post=11547"},{"taxonomy":"product_cat","embeddable":true,"href":"https:\/\/nordicmart.andreevmaster.com\/sv\/wp-json\/wp\/v2\/product_cat?post=11547"},{"taxonomy":"product_tag","embeddable":true,"href":"https:\/\/nordicmart.andreevmaster.com\/sv\/wp-json\/wp\/v2\/product_tag?post=11547"}],"curies":[{"name":"wp","href":"https:\/\/api.w.org\/{rel}","templated":true}]}}