{"id":11546,"date":"2026-02-27T00:10:54","date_gmt":"2026-02-27T00:10:54","guid":{"rendered":"https:\/\/nordicmart.andreevmaster.com\/product\/songmics-hangmatta-med-hoj-och-sankbart-stativ\/"},"modified":"2026-02-27T08:05:45","modified_gmt":"2026-02-27T08:05:45","slug":"songmics-hangmatta-med-hoj-och-sankbart-stativ","status":"publish","type":"product","link":"https:\/\/nordicmart.andreevmaster.com\/sv\/produkt\/songmics-hangmatta-med-hoj-och-sankbart-stativ\/","title":{"rendered":"SONGMICS h\u00e4ngmatta med h\u00f6j- och s\u00e4nkbart stativ"},"content":{"rendered":"<p>Spara dig besv\u00e4ret: Letar du fortfarande efter tv\u00e5 l\u00e4mpliga tr\u00e4d att f\u00e4sta h\u00e4ngmattan i? Eller planerar du till och med att plantera tv\u00e5 tr\u00e4d i din tr\u00e4dg\u00e5rd? V\u00e4nta! Denna h\u00e4ngmatta \u00e4r utrustad med ett stativ. Det tar bara n\u00e5gra minuter att montera detta h\u00e4ngmatteset, och p\u00e5 nolltid f\u00f6rvandlas din tr\u00e4dg\u00e5rd till en oas. V\u00e5rt motto \u2013 komfort! H\u00e4ngmattan \u00e4r tillverkad av bomulls-polyester-tyg och \u00e4r andningsbar och bekv\u00e4m. Stativet \u00e4r stabilt och p\u00e5litligt och tillverkat av robust metall. Du ligger i h\u00e4ngmattan och k\u00e4nner dig avslappnad och lycklig \u2013 vilket bekv\u00e4mt liv! Produktdetaljer: F\u00e4rg: Svart stativ, beige h\u00e4ngmatta Material: Metall, bomull, polyester Storlek stativ: 300 x 90 x 95 cm (L x B x H) Storlek p\u00e5 h\u00e4ngmatta: 210 x 150 cm (L x B) Vikt: 13 kg Max. statisk belastningskapacitet: 240 kg Leveransomfattning: 1 x h\u00e4ngmatta 1 x h\u00e4ngmatta 1 x instruktioner SONGMICS Anm\u00e4rkningar: Den maximala statiska belastningskapaciteten f\u00f6r denna produkt \u00e4r 240 kg. \u00d6verskrid inte denna maximala vikt. Uts\u00e4tt inte produkten f\u00f6r direkt solljus under l\u00e4ngre tid. Kontrollera alltid h\u00e4ngmattans stabilitet innan du l\u00e4gger dig i den.<\/p>\n","protected":false},"excerpt":{"rendered":"<p>SONGMICS h\u00e4ngmatta med stativ, 210 x 150 cm, justerbar i 5 olika h\u00f6jder, stativ av metall, belastningskapacitet upp till 240 kg, f\u00f6r tr\u00e4dg\u00e5rden, svart stativ och gr\u00e5 h\u00e4ngmatta GHS001G01<\/p>\n","protected":false},"featured_media":39915,"comment_status":"open","ping_status":"closed","template":"","meta":[],"product_brand":[],"product_cat":[33],"product_tag":[],"class_list":{"0":"post-11546","1":"product","2":"type-product","3":"status-publish","4":"has-post-thumbnail","6":"product_cat-okategoriserad","8":"first","9":"instock","10":"shipping-taxable","11":"purchasable","12":"product-type-simple"},"_links":{"self":[{"href":"https:\/\/nordicmart.andreevmaster.com\/sv\/wp-json\/wp\/v2\/product\/11546","targetHints":{"allow":["GET"]}}],"collection":[{"href":"https:\/\/nordicmart.andreevmaster.com\/sv\/wp-json\/wp\/v2\/product"}],"about":[{"href":"https:\/\/nordicmart.andreevmaster.com\/sv\/wp-json\/wp\/v2\/types\/product"}],"replies":[{"embeddable":true,"href":"https:\/\/nordicmart.andreevmaster.com\/sv\/wp-json\/wp\/v2\/comments?post=11546"}],"wp:featuredmedia":[{"embeddable":true,"href":"https:\/\/nordicmart.andreevmaster.com\/sv\/wp-json\/wp\/v2\/media\/39915"}],"wp:attachment":[{"href":"https:\/\/nordicmart.andreevmaster.com\/sv\/wp-json\/wp\/v2\/media?parent=11546"}],"wp:term":[{"taxonomy":"product_brand","embeddable":true,"href":"https:\/\/nordicmart.andreevmaster.com\/sv\/wp-json\/wp\/v2\/product_brand?post=11546"},{"taxonomy":"product_cat","embeddable":true,"href":"https:\/\/nordicmart.andreevmaster.com\/sv\/wp-json\/wp\/v2\/product_cat?post=11546"},{"taxonomy":"product_tag","embeddable":true,"href":"https:\/\/nordicmart.andreevmaster.com\/sv\/wp-json\/wp\/v2\/product_tag?post=11546"}],"curies":[{"name":"wp","href":"https:\/\/api.w.org\/{rel}","templated":true}]}}