{"id":11544,"date":"2026-02-27T00:10:54","date_gmt":"2026-02-27T00:10:54","guid":{"rendered":"https:\/\/nordicmart.andreevmaster.com\/product\/songmics-svart-hangmatta\/"},"modified":"2026-02-27T08:05:45","modified_gmt":"2026-02-27T08:05:45","slug":"songmics-svart-hangmatta","status":"publish","type":"product","link":"https:\/\/nordicmart.andreevmaster.com\/sv\/produkt\/songmics-svart-hangmatta\/","title":{"rendered":"SONGMICS svart h\u00e4ngmatta"},"content":{"rendered":"<p>Uppt\u00e4ck din inre seng\u00e5ngare: Solen g\u00e5r ner, f\u00e5glarna kvittrar i din tr\u00e4dg\u00e5rd, du kopplar av p\u00e5 denna ergonomiskt formade h\u00e4ngmatta, kryper ihop i det tjocka liggunderlaget med kudde och \u00e4r helt lugn och avslappnad. Vilken underbar kv\u00e4ll! Njut av sommaren utan solbr\u00e4nna: tack vare den integrerade parasollen ger h\u00e4ngmattan sk\u00f6n skugga. Om solen inte skiner f\u00f6r starkt och du vill b\u00f6rja sommaren med en l\u00e4tt solbr\u00e4nna kan du enkelt ta bort soltaket. Produktdetaljer: F\u00e4rg: svart Material: syntetfiber, j\u00e4rn, polyester, fyllning av PP-plast (polypropylen) Storlek: 185 x 108 x 195 cm (L x B x H) Vikt: 38 kg Max. statisk belastningskapacitet: 150 kg Leveransomfattning: 1 x h\u00e4ngmatta med stativ och liggunderlag 1 x bruksanvisning (DE, EN, FR, IT, ES) SONGMICS Anm\u00e4rkningar: H\u00e5ll denna produkt borta fr\u00e5n regn.Den maximala statiska belastningskapaciteten f\u00f6r denna produkt \u00e4r 150 kg. \u00d6verskrid inte denna maximala vikt. Kontrollera alltid h\u00e4ngmattans stabilitet innan du anv\u00e4nder den. Barn f\u00e5r endast anv\u00e4nda denna produkt under uppsikt av vuxna. Denna produkt levereras i tv\u00e5 paket. Normalt sett levereras dessa samtidigt. Om du endast skulle f\u00e5 ett paket f\u00f6rst ber vi dig ha lite t\u00e5lamod. Den andra leveransen sker vanligtvis inom kort.<\/p>\n","protected":false},"excerpt":{"rendered":"<p>SONGMICS h\u00e4ngmatta, h\u00e4ngmatta med stativ och parasoll, h\u00e4ngstol med 5 cm tjock dyna, h\u00e4nggunga, terrass, balkong, tr\u00e4dg\u00e5rd, belastningskapacitet upp till 150 kg, beige GHC10BE<\/p>\n","protected":false},"featured_media":39913,"comment_status":"open","ping_status":"closed","template":"","meta":[],"product_brand":[],"product_cat":[33],"product_tag":[],"class_list":{"0":"post-11544","1":"product","2":"type-product","3":"status-publish","4":"has-post-thumbnail","6":"product_cat-okategoriserad","8":"first","9":"instock","10":"shipping-taxable","11":"purchasable","12":"product-type-simple"},"_links":{"self":[{"href":"https:\/\/nordicmart.andreevmaster.com\/sv\/wp-json\/wp\/v2\/product\/11544","targetHints":{"allow":["GET"]}}],"collection":[{"href":"https:\/\/nordicmart.andreevmaster.com\/sv\/wp-json\/wp\/v2\/product"}],"about":[{"href":"https:\/\/nordicmart.andreevmaster.com\/sv\/wp-json\/wp\/v2\/types\/product"}],"replies":[{"embeddable":true,"href":"https:\/\/nordicmart.andreevmaster.com\/sv\/wp-json\/wp\/v2\/comments?post=11544"}],"wp:featuredmedia":[{"embeddable":true,"href":"https:\/\/nordicmart.andreevmaster.com\/sv\/wp-json\/wp\/v2\/media\/39913"}],"wp:attachment":[{"href":"https:\/\/nordicmart.andreevmaster.com\/sv\/wp-json\/wp\/v2\/media?parent=11544"}],"wp:term":[{"taxonomy":"product_brand","embeddable":true,"href":"https:\/\/nordicmart.andreevmaster.com\/sv\/wp-json\/wp\/v2\/product_brand?post=11544"},{"taxonomy":"product_cat","embeddable":true,"href":"https:\/\/nordicmart.andreevmaster.com\/sv\/wp-json\/wp\/v2\/product_cat?post=11544"},{"taxonomy":"product_tag","embeddable":true,"href":"https:\/\/nordicmart.andreevmaster.com\/sv\/wp-json\/wp\/v2\/product_tag?post=11544"}],"curies":[{"name":"wp","href":"https:\/\/api.w.org\/{rel}","templated":true}]}}