{"id":11542,"date":"2026-02-27T00:10:54","date_gmt":"2026-02-27T00:10:54","guid":{"rendered":"https:\/\/nordicmart.andreevmaster.com\/product\/songmics-knabank-for-tradgardsarbete\/"},"modified":"2026-02-27T08:05:45","modified_gmt":"2026-02-27T08:05:45","slug":"songmics-knabank-for-tradgardsarbete","status":"publish","type":"product","link":"https:\/\/nordicmart.andreevmaster.com\/sv\/produkt\/songmics-knabank-for-tradgardsarbete\/","title":{"rendered":"SONGMICS kn\u00e4bank f\u00f6r tr\u00e4dg\u00e5rdsarbete"},"content":{"rendered":"<p>Produktdetaljer: Material:  &#8211; Ram: st\u00e5lr\u00f6r &#8211; Kudde: EVA-skumplast &#8211; Verktygsv\u00e4ska: 600 D polyester  M\u00e5tt: &#8211; R\u00f6rdiameter: 22 cm &#8211; Uppf\u00e4lld: 60 x 49 x 27 cm (B x H x D) &#8211; Ihopf\u00e4lld: 60 x 12 x 27 cm (B x H x D) &#8211; Verktygsv\u00e4ska: 32 x 32 cm (L x B) &#8211; EVA-skum: 40,5 x 2,2 x 15,5 (B x H x D) &#8211; Vikt: 2,66 kg  Leveransomfattning: &#8211; 1 x kn\u00e4b\u00e4nk &#8211; 1 x verktygsv\u00e4ska &#8211; 1 x bruksanvisning Anm\u00e4rkningar: &#8211; Anv\u00e4nd endast denna produkt p\u00e5 plana ytor. &#8211; St\u00e4ll dig inte p\u00e5 denna b\u00e4nk och anv\u00e4nd den inte som stege eller kl\u00e4tterhj\u00e4lp.<\/p>\n","protected":false},"excerpt":{"rendered":"<p>SONGMICS kn\u00e4b\u00e4nk, tr\u00e4dg\u00e5rdsb\u00e4nk, pall, sittunderlag av EVA-skum, st\u00e5l, 60 x 49 x 27 cm, gr\u00f6n GGK01G<\/p>\n","protected":false},"featured_media":39911,"comment_status":"open","ping_status":"closed","template":"","meta":[],"product_brand":[],"product_cat":[33],"product_tag":[],"class_list":{"0":"post-11542","1":"product","2":"type-product","3":"status-publish","4":"has-post-thumbnail","6":"product_cat-okategoriserad","8":"first","9":"instock","10":"shipping-taxable","11":"purchasable","12":"product-type-simple"},"_links":{"self":[{"href":"https:\/\/nordicmart.andreevmaster.com\/sv\/wp-json\/wp\/v2\/product\/11542","targetHints":{"allow":["GET"]}}],"collection":[{"href":"https:\/\/nordicmart.andreevmaster.com\/sv\/wp-json\/wp\/v2\/product"}],"about":[{"href":"https:\/\/nordicmart.andreevmaster.com\/sv\/wp-json\/wp\/v2\/types\/product"}],"replies":[{"embeddable":true,"href":"https:\/\/nordicmart.andreevmaster.com\/sv\/wp-json\/wp\/v2\/comments?post=11542"}],"wp:featuredmedia":[{"embeddable":true,"href":"https:\/\/nordicmart.andreevmaster.com\/sv\/wp-json\/wp\/v2\/media\/39911"}],"wp:attachment":[{"href":"https:\/\/nordicmart.andreevmaster.com\/sv\/wp-json\/wp\/v2\/media?parent=11542"}],"wp:term":[{"taxonomy":"product_brand","embeddable":true,"href":"https:\/\/nordicmart.andreevmaster.com\/sv\/wp-json\/wp\/v2\/product_brand?post=11542"},{"taxonomy":"product_cat","embeddable":true,"href":"https:\/\/nordicmart.andreevmaster.com\/sv\/wp-json\/wp\/v2\/product_cat?post=11542"},{"taxonomy":"product_tag","embeddable":true,"href":"https:\/\/nordicmart.andreevmaster.com\/sv\/wp-json\/wp\/v2\/product_tag?post=11542"}],"curies":[{"name":"wp","href":"https:\/\/api.w.org\/{rel}","templated":true}]}}