{"id":11541,"date":"2026-02-27T00:10:53","date_gmt":"2026-02-27T00:10:53","guid":{"rendered":"https:\/\/nordicmart.andreevmaster.com\/product\/songmics-tradgardsmobler-balkongmobler-av-pe-polyrotting-med-bord\/"},"modified":"2026-02-27T08:05:45","modified_gmt":"2026-02-27T08:05:45","slug":"songmics-tradgardsmobler-balkongmobler-av-pe-polyrotting-med-bord","status":"publish","type":"product","link":"https:\/\/nordicmart.andreevmaster.com\/sv\/produkt\/songmics-tradgardsmobler-balkongmobler-av-pe-polyrotting-med-bord\/","title":{"rendered":"SONGMICS tr\u00e4dg\u00e5rdsm\u00f6bler, balkongm\u00f6bler av PE-polyrotting, med bord"},"content":{"rendered":"<p>Tr\u00e4dg\u00e5rdsm\u00f6bler, balkongm\u00f6bler av PE-polyrotting, med bord, tr\u00e4dg\u00e5rdsb\u00e4nk, terrassm\u00f6bler med kuddar, utomhus, svart-m\u00f6rkgr\u00e5<br \/>\nProduktdetaljer:<br \/>\n&#8211; F\u00e4rg: Svart-m\u00f6rkgr\u00e5<br \/>\n&#8211; Material: st\u00e5l, PE (polyeten), polyester, skumplaststoppning, h\u00e4rdat glas<br \/>\n&#8211; Storlek: 65 x 131 x 84 cm (D x B x H)<br \/>\n&#8211; Vikt: 13 kg<br \/>\n&#8211; Max. statisk belastningskapacitet per sittplats: 130 kg<\/p>\n<p>Leveransomfattning:<br \/>\n&#8211; 1 x tr\u00e4dg\u00e5rdssoffa<br \/>\n&#8211; 2 x kuddar<br \/>\n&#8211; 1 x tillbeh\u00f6rspaket<br \/>\n&#8211; 1 x bruksanvisning<\/p>\n<p>Anm\u00e4rkningar:<br \/>\n&#8211; F\u00f6r att skapa en s\u00e4ker anv\u00e4ndningsmilj\u00f6 f\u00e5r den maximala belastningskapaciteten inte \u00f6verskridas.<\/p>\n","protected":false},"excerpt":{"rendered":"<p>Tr\u00e4dg\u00e5rdsm\u00f6bler, balkongm\u00f6bler av PE-polyrotting, med bord, tr\u00e4dg\u00e5rdsb\u00e4nk, terrassm\u00f6bler med kuddar, utomhus, svart-m\u00f6rkgr\u00e5<\/p>\n","protected":false},"featured_media":39910,"comment_status":"open","ping_status":"closed","template":"","meta":[],"product_brand":[],"product_cat":[33],"product_tag":[],"class_list":{"0":"post-11541","1":"product","2":"type-product","3":"status-publish","4":"has-post-thumbnail","6":"product_cat-okategoriserad","8":"first","9":"instock","10":"shipping-taxable","11":"purchasable","12":"product-type-simple"},"_links":{"self":[{"href":"https:\/\/nordicmart.andreevmaster.com\/sv\/wp-json\/wp\/v2\/product\/11541","targetHints":{"allow":["GET"]}}],"collection":[{"href":"https:\/\/nordicmart.andreevmaster.com\/sv\/wp-json\/wp\/v2\/product"}],"about":[{"href":"https:\/\/nordicmart.andreevmaster.com\/sv\/wp-json\/wp\/v2\/types\/product"}],"replies":[{"embeddable":true,"href":"https:\/\/nordicmart.andreevmaster.com\/sv\/wp-json\/wp\/v2\/comments?post=11541"}],"wp:featuredmedia":[{"embeddable":true,"href":"https:\/\/nordicmart.andreevmaster.com\/sv\/wp-json\/wp\/v2\/media\/39910"}],"wp:attachment":[{"href":"https:\/\/nordicmart.andreevmaster.com\/sv\/wp-json\/wp\/v2\/media?parent=11541"}],"wp:term":[{"taxonomy":"product_brand","embeddable":true,"href":"https:\/\/nordicmart.andreevmaster.com\/sv\/wp-json\/wp\/v2\/product_brand?post=11541"},{"taxonomy":"product_cat","embeddable":true,"href":"https:\/\/nordicmart.andreevmaster.com\/sv\/wp-json\/wp\/v2\/product_cat?post=11541"},{"taxonomy":"product_tag","embeddable":true,"href":"https:\/\/nordicmart.andreevmaster.com\/sv\/wp-json\/wp\/v2\/product_tag?post=11541"}],"curies":[{"name":"wp","href":"https:\/\/api.w.org\/{rel}","templated":true}]}}