{"id":11539,"date":"2026-02-27T00:10:53","date_gmt":"2026-02-27T00:10:53","guid":{"rendered":"https:\/\/nordicmart.andreevmaster.com\/product\/songmics-balkongmobler-3-delars-set-tradgardsmobelset-med-bord-och-2-stolar-pe-polyrotting\/"},"modified":"2026-02-27T08:05:44","modified_gmt":"2026-02-27T08:05:44","slug":"songmics-balkongmobler-3-delars-set-tradgardsmobelset-med-bord-och-2-stolar-pe-polyrotting","status":"publish","type":"product","link":"https:\/\/nordicmart.andreevmaster.com\/sv\/produkt\/songmics-balkongmobler-3-delars-set-tradgardsmobelset-med-bord-och-2-stolar-pe-polyrotting\/","title":{"rendered":"SONGMICS Balkongm\u00f6bler 3-delars set, tr\u00e4dg\u00e5rdsm\u00f6belset med bord och 2 stolar, PE-polyrotting"},"content":{"rendered":"<p>Balkongm\u00f6bler 3-delars set, tr\u00e4dg\u00e5rdsm\u00f6belset med bord och 2 stolar, PE-polyrotting, f\u00f6r terrass, tr\u00e4dg\u00e5rd, balkong, bl\u00e4ck svart<br \/>\nProduktdetaljer:<br \/>\n&#8211; F\u00e4rg: bl\u00e4ck svart<br \/>\n&#8211; Material: PE (polyeten), pulverlackerat st\u00e5l<br \/>\n&#8211; Storlek bord: 50 cm d x 45 cm H<br \/>\n&#8211; Storlek per stol: 68 x 74 x 78 cm (D x B x H)<br \/>\n&#8211; Totalvikt: 10,3 kg<br \/>\n&#8211; Max. statisk belastningskapacitet per stol: 130 kg<\/p>\n<p>Leveransomfattning:<br \/>\n&#8211; 2 x stol<br \/>\n&#8211; 1 x sidobord<br \/>\n&#8211; 1 x tillbeh\u00f6rspaket<br \/>\n&#8211; 1 x bruksanvisning<\/p>\n<p>Anm\u00e4rkningar:<br \/>\n&#8211; F\u00f6r att kunna anv\u00e4nda tr\u00e4dg\u00e5rdsm\u00f6blerna under l\u00e5ng tid rekommenderas att du t\u00e4cker \u00f6ver dem vid d\u00e5ligt v\u00e4der eller under vintern.<br \/>\n&#8211; \u00d6verskrid inte den maximala vikten f\u00f6r dessa balkongm\u00f6bler.<\/p>\n","protected":false},"excerpt":{"rendered":"<p>Balkongm\u00f6bler 3-delars set, tr\u00e4dg\u00e5rdsm\u00f6belset med bord och 2 stolar, PE-polyrotting, f\u00f6r terrass, tr\u00e4dg\u00e5rd, balkong, bl\u00e4ck svart<\/p>\n","protected":false},"featured_media":39909,"comment_status":"open","ping_status":"closed","template":"","meta":[],"product_brand":[],"product_cat":[33],"product_tag":[],"class_list":{"0":"post-11539","1":"product","2":"type-product","3":"status-publish","4":"has-post-thumbnail","6":"product_cat-okategoriserad","8":"first","9":"instock","10":"shipping-taxable","11":"purchasable","12":"product-type-simple"},"_links":{"self":[{"href":"https:\/\/nordicmart.andreevmaster.com\/sv\/wp-json\/wp\/v2\/product\/11539","targetHints":{"allow":["GET"]}}],"collection":[{"href":"https:\/\/nordicmart.andreevmaster.com\/sv\/wp-json\/wp\/v2\/product"}],"about":[{"href":"https:\/\/nordicmart.andreevmaster.com\/sv\/wp-json\/wp\/v2\/types\/product"}],"replies":[{"embeddable":true,"href":"https:\/\/nordicmart.andreevmaster.com\/sv\/wp-json\/wp\/v2\/comments?post=11539"}],"wp:featuredmedia":[{"embeddable":true,"href":"https:\/\/nordicmart.andreevmaster.com\/sv\/wp-json\/wp\/v2\/media\/39909"}],"wp:attachment":[{"href":"https:\/\/nordicmart.andreevmaster.com\/sv\/wp-json\/wp\/v2\/media?parent=11539"}],"wp:term":[{"taxonomy":"product_brand","embeddable":true,"href":"https:\/\/nordicmart.andreevmaster.com\/sv\/wp-json\/wp\/v2\/product_brand?post=11539"},{"taxonomy":"product_cat","embeddable":true,"href":"https:\/\/nordicmart.andreevmaster.com\/sv\/wp-json\/wp\/v2\/product_cat?post=11539"},{"taxonomy":"product_tag","embeddable":true,"href":"https:\/\/nordicmart.andreevmaster.com\/sv\/wp-json\/wp\/v2\/product_tag?post=11539"}],"curies":[{"name":"wp","href":"https:\/\/api.w.org\/{rel}","templated":true}]}}