{"id":11532,"date":"2026-02-27T00:10:51","date_gmt":"2026-02-27T00:10:51","guid":{"rendered":"https:\/\/nordicmart.andreevmaster.com\/product\/songmics-tradgardsmobelset-terrassmobler-av-pe-polyrotting-balkongmobler-med-kuddar-och-glasbord\/"},"modified":"2026-02-27T08:05:43","modified_gmt":"2026-02-27T08:05:43","slug":"songmics-tradgardsmobelset-terrassmobler-av-pe-polyrotting-balkongmobler-med-kuddar-och-glasbord","status":"publish","type":"product","link":"https:\/\/nordicmart.andreevmaster.com\/sv\/produkt\/songmics-tradgardsmobelset-terrassmobler-av-pe-polyrotting-balkongmobler-med-kuddar-och-glasbord\/","title":{"rendered":"SONGMICS tr\u00e4dg\u00e5rdsm\u00f6belset, terrassm\u00f6bler av PE-polyrotting, balkongm\u00f6bler med kuddar och glasbord"},"content":{"rendered":"<p>Produktdetaljer: F\u00e4rg: Svart-Taupe Material i soffa och bord: PE-polyrotting (polyeten), pulverlackerat st\u00e5l, h\u00e4rdat glas Material i kuddar: VFT-stoppning (Vertical Fibre Technology), \u00f6verdrag i polyesterv\u00e4v Storlek p\u00e5 3-sitssoffa: 173 x 60 x 66 cm (L x B x H) Storlek p\u00e5 fotpallen: 58 x 58 x 34 cm (L x B x H) Storlek p\u00e5 soffbordet: 58 x 58 x 34 cm (L x B x H) Totalvikt: 32,6 kg Max. statisk belastningskapacitet f\u00f6r 3-sitssoffan: 350 kg Max. statisk belastningskapacitet f\u00f6r fotpallen: 150 kg Max. statisk belastningskapacitet f\u00f6r bordet: 30 kg Leveransomfattning: 1 x 3-sits soffa 1 x fotpall 1 x soffbord 4 x sittdynor 3 x ryggdynor 1 x tillbeh\u00f6rspaket 1 x bruksanvisning<\/p>\n","protected":false},"excerpt":{"rendered":"<p>Tr\u00e4dg\u00e5rdsm\u00f6belset, terrassm\u00f6bler av PE-polyrotting, balkongm\u00f6bler med kuddar och glasbord, h\u00f6rnsoffa, utomhus, loungeset, svart-taupe<\/p>\n","protected":false},"featured_media":39902,"comment_status":"open","ping_status":"closed","template":"","meta":[],"product_brand":[],"product_cat":[33],"product_tag":[],"class_list":{"0":"post-11532","1":"product","2":"type-product","3":"status-publish","4":"has-post-thumbnail","6":"product_cat-okategoriserad","8":"first","9":"instock","10":"shipping-taxable","11":"purchasable","12":"product-type-simple"},"_links":{"self":[{"href":"https:\/\/nordicmart.andreevmaster.com\/sv\/wp-json\/wp\/v2\/product\/11532","targetHints":{"allow":["GET"]}}],"collection":[{"href":"https:\/\/nordicmart.andreevmaster.com\/sv\/wp-json\/wp\/v2\/product"}],"about":[{"href":"https:\/\/nordicmart.andreevmaster.com\/sv\/wp-json\/wp\/v2\/types\/product"}],"replies":[{"embeddable":true,"href":"https:\/\/nordicmart.andreevmaster.com\/sv\/wp-json\/wp\/v2\/comments?post=11532"}],"wp:featuredmedia":[{"embeddable":true,"href":"https:\/\/nordicmart.andreevmaster.com\/sv\/wp-json\/wp\/v2\/media\/39902"}],"wp:attachment":[{"href":"https:\/\/nordicmart.andreevmaster.com\/sv\/wp-json\/wp\/v2\/media?parent=11532"}],"wp:term":[{"taxonomy":"product_brand","embeddable":true,"href":"https:\/\/nordicmart.andreevmaster.com\/sv\/wp-json\/wp\/v2\/product_brand?post=11532"},{"taxonomy":"product_cat","embeddable":true,"href":"https:\/\/nordicmart.andreevmaster.com\/sv\/wp-json\/wp\/v2\/product_cat?post=11532"},{"taxonomy":"product_tag","embeddable":true,"href":"https:\/\/nordicmart.andreevmaster.com\/sv\/wp-json\/wp\/v2\/product_tag?post=11532"}],"curies":[{"name":"wp","href":"https:\/\/api.w.org\/{rel}","templated":true}]}}