{"id":11529,"date":"2026-02-27T00:10:50","date_gmt":"2026-02-27T00:10:50","guid":{"rendered":"https:\/\/nordicmart.andreevmaster.com\/product\/songmics-balkongmobler-tradgardsmobelset-av-pe-polyrotting\/"},"modified":"2026-02-27T08:05:43","modified_gmt":"2026-02-27T08:05:43","slug":"songmics-balkongmobler-tradgardsmobelset-av-pe-polyrotting","status":"publish","type":"product","link":"https:\/\/nordicmart.andreevmaster.com\/sv\/produkt\/songmics-balkongmobler-tradgardsmobelset-av-pe-polyrotting\/","title":{"rendered":"SONGMICS balkongm\u00f6bler, tr\u00e4dg\u00e5rdsm\u00f6belset, av PE-polyrotting"},"content":{"rendered":"<p>Fyller det ditt hj\u00e4rta med gl\u00e4dje att umg\u00e5s med din familj? Ta plats i denna tr\u00e4dg\u00e5rdsm\u00f6belset fr\u00e5n SONGMICS och tillbringa trevliga stunder utomhus med dina n\u00e4ra och k\u00e4ra! G\u00f6r det bekv\u00e4mt f\u00f6r dig: Tr\u00e4dg\u00e5rdsstolarna och soffan har ut\u00e5tb\u00f6jda armst\u00f6d och ett ryggst\u00f6d som \u00e4r lutat mer \u00e4n 90\u00b0 f\u00f6r att anpassa sig efter din kroppsform och st\u00f6dja din ryggrad. Njut av din fritid utomhus: St\u00e4ll ut m\u00f6belsetet i tr\u00e4dg\u00e5rden eller p\u00e5 g\u00e5rden f\u00f6r att skapa en plats f\u00f6r avkoppling. Du kan l\u00e4sa en bok en mysig eftermiddag, prata med en v\u00e4n i skuggan eller njuta av en behaglig sommarbris vid poolen. Med denna sittgrupp \u00e4r allt m\u00f6jligt! SONGMICS Anm\u00e4rkningar: Vi rekommenderar att du t\u00e4cker \u00f6ver denna m\u00f6belset vid d\u00e5ligt v\u00e4der eller p\u00e5 vintern. Detta \u00f6kar dess livsl\u00e4ngd. Reng\u00f6r dessa produkter endast med en fuktig trasa.F\u00f6r att garantera s\u00e4ker anv\u00e4ndning f\u00e5r den maximala belastningen inte \u00f6verskridas. Dra inte \u00e5t skruvarna omedelbart vid montering. F\u00f6rst efter att du har satt i alla skruvar ska du dra \u00e5t dem f\u00f6rsiktigt. Om produkten wacklar, justera skruvarna f\u00f6r att stabilisera produkten. Produktdetaljer: F\u00e4rg: Svart-taupe Material i stol, bord och soffa: St\u00e4llning av galvaniserad metall, PE-polyrotting, h\u00e4rdat glas, Material i kuddarna: VFT-stoppning (Vertical Fibre Technology), \u00f6verdrag av polyestertyg Storlek stol: 56,5 x 54,5 x 81,5 cm (L x B x H) Storlek soffa: 99 x 54,5 x 81,5 cm (L x B x H) Storlek bord: 71 x 41 x 39 cm (L x B x H) Totalvikt: 25,4 kg Max. statisk belastningskapacitet per stol: 150 kg Max. statisk belastningskapacitet f\u00f6r soffan: 200 kg Max. statisk belastningskapacitet f\u00f6r bordet: 30 kg<\/p>\n","protected":false},"excerpt":{"rendered":"<p>Balkongm\u00f6bler, tr\u00e4dg\u00e5rdsm\u00f6belset, av PE-polyrotting, loungeset, terrassm\u00f6bler, utomhus, f\u00f6r terrass, balkong, tr\u00e4dg\u00e5rd, svart-taupe<\/p>\n","protected":false},"featured_media":39899,"comment_status":"open","ping_status":"closed","template":"","meta":[],"product_brand":[],"product_cat":[33],"product_tag":[],"class_list":{"0":"post-11529","1":"product","2":"type-product","3":"status-publish","4":"has-post-thumbnail","6":"product_cat-okategoriserad","8":"first","9":"instock","10":"shipping-taxable","11":"purchasable","12":"product-type-simple"},"_links":{"self":[{"href":"https:\/\/nordicmart.andreevmaster.com\/sv\/wp-json\/wp\/v2\/product\/11529","targetHints":{"allow":["GET"]}}],"collection":[{"href":"https:\/\/nordicmart.andreevmaster.com\/sv\/wp-json\/wp\/v2\/product"}],"about":[{"href":"https:\/\/nordicmart.andreevmaster.com\/sv\/wp-json\/wp\/v2\/types\/product"}],"replies":[{"embeddable":true,"href":"https:\/\/nordicmart.andreevmaster.com\/sv\/wp-json\/wp\/v2\/comments?post=11529"}],"wp:featuredmedia":[{"embeddable":true,"href":"https:\/\/nordicmart.andreevmaster.com\/sv\/wp-json\/wp\/v2\/media\/39899"}],"wp:attachment":[{"href":"https:\/\/nordicmart.andreevmaster.com\/sv\/wp-json\/wp\/v2\/media?parent=11529"}],"wp:term":[{"taxonomy":"product_brand","embeddable":true,"href":"https:\/\/nordicmart.andreevmaster.com\/sv\/wp-json\/wp\/v2\/product_brand?post=11529"},{"taxonomy":"product_cat","embeddable":true,"href":"https:\/\/nordicmart.andreevmaster.com\/sv\/wp-json\/wp\/v2\/product_cat?post=11529"},{"taxonomy":"product_tag","embeddable":true,"href":"https:\/\/nordicmart.andreevmaster.com\/sv\/wp-json\/wp\/v2\/product_tag?post=11529"}],"curies":[{"name":"wp","href":"https:\/\/api.w.org\/{rel}","templated":true}]}}