{"id":11528,"date":"2026-02-27T00:10:50","date_gmt":"2026-02-27T00:10:50","guid":{"rendered":"https:\/\/nordicmart.andreevmaster.com\/product\/songmics-tradgardsmobelset-4-stolar-med-bord\/"},"modified":"2026-02-27T08:05:43","modified_gmt":"2026-02-27T08:05:43","slug":"songmics-tradgardsmobelset-4-stolar-med-bord","status":"publish","type":"product","link":"https:\/\/nordicmart.andreevmaster.com\/sv\/produkt\/songmics-tradgardsmobelset-4-stolar-med-bord\/","title":{"rendered":"SONGMICS tr\u00e4dg\u00e5rdsm\u00f6belset 4 stolar med bord"},"content":{"rendered":"<p>SONGMICS tr\u00e4dg\u00e5rdsm\u00f6belset, tr\u00e4dg\u00e5rdsm\u00f6belset, 4 stolar med bord, 4+1 balkongm\u00f6bler, terrassm\u00f6bler, utomhus, f\u00f6r terrass, balkong, tr\u00e4dg\u00e5rd<br \/>\nF\u00e4rg: Antracitgr\u00e5-bl\u00e4ksvart<br \/>\nMaterial: st\u00e5l, konstfiberv\u00e4v, tr\u00e4-plast-kompositmaterial<br \/>\nStorlek per stol: 66 x 56 x 82 cm (D x B x H)<br \/>\nStorlek bord: 88 x 88 x 70 cm (D x B x H)<br \/>\nTotalvikt: 33,9 kg<br \/>\nMax. statisk belastningskapacitet per stol: 135 kg<br \/>\nMax. statisk belastningskapacitet f\u00f6r bordet: 90 kg<\/p>\n","protected":false},"excerpt":{"rendered":"<p>SONGMICS tr\u00e4dg\u00e5rdsm\u00f6belset, tr\u00e4dg\u00e5rdsm\u00f6belset, 4 stolar med bord, 4+1 balkongm\u00f6bler, terrassm\u00f6bler, utomhus, f\u00f6r terrass, balkong, tr\u00e4dg\u00e5rd<\/p>\n","protected":false},"featured_media":39898,"comment_status":"open","ping_status":"closed","template":"","meta":[],"product_brand":[],"product_cat":[33],"product_tag":[],"class_list":{"0":"post-11528","1":"product","2":"type-product","3":"status-publish","4":"has-post-thumbnail","6":"product_cat-okategoriserad","8":"first","9":"instock","10":"shipping-taxable","11":"purchasable","12":"product-type-simple"},"_links":{"self":[{"href":"https:\/\/nordicmart.andreevmaster.com\/sv\/wp-json\/wp\/v2\/product\/11528","targetHints":{"allow":["GET"]}}],"collection":[{"href":"https:\/\/nordicmart.andreevmaster.com\/sv\/wp-json\/wp\/v2\/product"}],"about":[{"href":"https:\/\/nordicmart.andreevmaster.com\/sv\/wp-json\/wp\/v2\/types\/product"}],"replies":[{"embeddable":true,"href":"https:\/\/nordicmart.andreevmaster.com\/sv\/wp-json\/wp\/v2\/comments?post=11528"}],"wp:featuredmedia":[{"embeddable":true,"href":"https:\/\/nordicmart.andreevmaster.com\/sv\/wp-json\/wp\/v2\/media\/39898"}],"wp:attachment":[{"href":"https:\/\/nordicmart.andreevmaster.com\/sv\/wp-json\/wp\/v2\/media?parent=11528"}],"wp:term":[{"taxonomy":"product_brand","embeddable":true,"href":"https:\/\/nordicmart.andreevmaster.com\/sv\/wp-json\/wp\/v2\/product_brand?post=11528"},{"taxonomy":"product_cat","embeddable":true,"href":"https:\/\/nordicmart.andreevmaster.com\/sv\/wp-json\/wp\/v2\/product_cat?post=11528"},{"taxonomy":"product_tag","embeddable":true,"href":"https:\/\/nordicmart.andreevmaster.com\/sv\/wp-json\/wp\/v2\/product_tag?post=11528"}],"curies":[{"name":"wp","href":"https:\/\/api.w.org\/{rel}","templated":true}]}}