{"id":11527,"date":"2026-02-27T00:10:50","date_gmt":"2026-02-27T00:10:50","guid":{"rendered":"https:\/\/nordicmart.andreevmaster.com\/product\/songmics-tradgardsmobler-rokgra-vit\/"},"modified":"2026-02-27T08:05:42","modified_gmt":"2026-02-27T08:05:42","slug":"songmics-tradgardsmobler-rokgra-vit","status":"publish","type":"product","link":"https:\/\/nordicmart.andreevmaster.com\/sv\/produkt\/songmics-tradgardsmobler-rokgra-vit\/","title":{"rendered":"SONGMICS tr\u00e4dg\u00e5rdsm\u00f6bler r\u00f6kgr\u00e5-vit"},"content":{"rendered":"<p>Anv\u00e4nd denna tr\u00e4dg\u00e5rdsm\u00f6belset fr\u00e5n SONGMICS varje vacker sommardag f\u00f6r att titta p\u00e5 solnedg\u00e5ngen tillsammans med din b\u00e4ttre h\u00e4lft! Finns det n\u00e5got b\u00e4ttre s\u00e4tt att avsluta dagen p\u00e5? G\u00f6r det bekv\u00e4mt f\u00f6r dig S\u00e4g adj\u00f6 till smala, obekv\u00e4ma stolar och br\u00e4ckliga bord! Dessa tr\u00e4dg\u00e5rdsstolar har en stor sittyta och \u00e4r utrustade med bekv\u00e4ma sittdynor. Hela setet st\u00f6ds dessutom av en stabil struktur av pulverlackerat j\u00e4rn. Reng\u00f6r, ta bort, byt ut Kuddarnas \u00f6verdrag \u00e4r tillverkade av vattent\u00e4tt polyester som enkelt kan reng\u00f6ras med en fuktig trasa. Du kan ocks\u00e5 \u00f6ppna \u00f6verdraget och kasta det i tv\u00e4ttmaskinen eller byta ut det mot ett helt annat tyg. Produktdetaljer: &#8211; F\u00e4rg: R\u00f6kgr\u00e5-vit &#8211; Material: Stomme av pulverlackerat j\u00e4rn, bordsskiva, sits och ryggst\u00f6d av HDPE-plast, VFT-stoppning (Vertical Fibre Technology), \u00f6verdrag av vattent\u00e4tt polyestertyg &#8211; Storlek stol: 62,5 x 64 x 78 cm (L x B x H) &#8211; Storlek bord: 52 x 48 x 39 cm (L x B x H) &#8211; Storlek kudde: 52 x 52 x 4 cm (L x B x H) &#8211; Vikt: 23,5 kg \u2013 Max. statisk belastningskapacitet per stol: 150 kg \u2013 Max. statisk belastningskapacitet bord: 60 kg Leveransomfattning: \u2013 2 x tr\u00e4dg\u00e5rdsstol \u2013 1 x tr\u00e4dg\u00e5rdsbord \u2013 2 x kudde \u2013 1 x tillbeh\u00f6rspaket \u2013 1 x bruksanvisning (DE, EN, IT, FR, ES) SONGMICS Anm\u00e4rkningar:- Barn som anv\u00e4nder produkten m\u00e5ste \u00f6vervakas av vuxna f\u00f6r att undvika eventuella skador. &#8211; H\u00e5ll produkten borta fr\u00e5n v\u00e4rmek\u00e4llor.<\/p>\n","protected":false},"excerpt":{"rendered":"<p>SONGMICS tr\u00e4dg\u00e5rdsm\u00f6bler, 3-pack, 2 tr\u00e4dg\u00e5rdsstolar, 1 tr\u00e4dg\u00e5rdsbord, 2 avtagbara kuddar, f\u00f6r terrass, tr\u00e4dg\u00e5rd, balkong, j\u00e4rn, svart GGF03BK<\/p>\n","protected":false},"featured_media":39897,"comment_status":"open","ping_status":"closed","template":"","meta":[],"product_brand":[],"product_cat":[33],"product_tag":[],"class_list":{"0":"post-11527","1":"product","2":"type-product","3":"status-publish","4":"has-post-thumbnail","6":"product_cat-okategoriserad","8":"first","9":"instock","10":"shipping-taxable","11":"purchasable","12":"product-type-simple"},"_links":{"self":[{"href":"https:\/\/nordicmart.andreevmaster.com\/sv\/wp-json\/wp\/v2\/product\/11527","targetHints":{"allow":["GET"]}}],"collection":[{"href":"https:\/\/nordicmart.andreevmaster.com\/sv\/wp-json\/wp\/v2\/product"}],"about":[{"href":"https:\/\/nordicmart.andreevmaster.com\/sv\/wp-json\/wp\/v2\/types\/product"}],"replies":[{"embeddable":true,"href":"https:\/\/nordicmart.andreevmaster.com\/sv\/wp-json\/wp\/v2\/comments?post=11527"}],"wp:featuredmedia":[{"embeddable":true,"href":"https:\/\/nordicmart.andreevmaster.com\/sv\/wp-json\/wp\/v2\/media\/39897"}],"wp:attachment":[{"href":"https:\/\/nordicmart.andreevmaster.com\/sv\/wp-json\/wp\/v2\/media?parent=11527"}],"wp:term":[{"taxonomy":"product_brand","embeddable":true,"href":"https:\/\/nordicmart.andreevmaster.com\/sv\/wp-json\/wp\/v2\/product_brand?post=11527"},{"taxonomy":"product_cat","embeddable":true,"href":"https:\/\/nordicmart.andreevmaster.com\/sv\/wp-json\/wp\/v2\/product_cat?post=11527"},{"taxonomy":"product_tag","embeddable":true,"href":"https:\/\/nordicmart.andreevmaster.com\/sv\/wp-json\/wp\/v2\/product_tag?post=11527"}],"curies":[{"name":"wp","href":"https:\/\/api.w.org\/{rel}","templated":true}]}}