{"id":11521,"date":"2026-02-27T00:10:49","date_gmt":"2026-02-27T00:10:49","guid":{"rendered":"https:\/\/nordicmart.andreevmaster.com\/product\/songmics-balkongmobelset-med-bord-och-2-stolar-kamelbrun\/"},"modified":"2026-02-27T08:05:42","modified_gmt":"2026-02-27T08:05:42","slug":"songmics-balkongmobelset-med-bord-och-2-stolar-kamelbrun","status":"publish","type":"product","link":"https:\/\/nordicmart.andreevmaster.com\/sv\/produkt\/songmics-balkongmobelset-med-bord-och-2-stolar-kamelbrun\/","title":{"rendered":"SONGMICS balkongm\u00f6belset med bord och 2 stolar kamelbrun"},"content":{"rendered":"<p>SONGMICS balkongm\u00f6bler, 3-delars set, tr\u00e4dg\u00e5rdsm\u00f6belset, av PE-polyrotting, utomhus, med bord, 2 stolar, f\u00f6r terrass, tr\u00e4dg\u00e5rd, balkong<br \/>\nF\u00e4rg: kamelbrun<br \/>\nMaterial: PE (polyeten), pulverlackerat st\u00e5l<br \/>\nStorlek bord: 50 cm d x 45 cm H<br \/>\nStorlek per stol: 68 x 74 x 78 cm (D x B x H)<br \/>\nTotalvikt: 10,3 kg<br \/>\nMax. statisk belastningskapacitet per stol: 130 kg<\/p>\n","protected":false},"excerpt":{"rendered":"<p>SONGMICS balkongm\u00f6bler, 3-delars set, tr\u00e4dg\u00e5rdsm\u00f6belset, av PE-polyrotting, utomhus, med bord, 2 stolar, f\u00f6r terrass, tr\u00e4dg\u00e5rd, balkong<\/p>\n","protected":false},"featured_media":39892,"comment_status":"open","ping_status":"closed","template":"","meta":[],"product_brand":[],"product_cat":[33],"product_tag":[],"class_list":{"0":"post-11521","1":"product","2":"type-product","3":"status-publish","4":"has-post-thumbnail","6":"product_cat-okategoriserad","8":"first","9":"instock","10":"shipping-taxable","11":"purchasable","12":"product-type-simple"},"_links":{"self":[{"href":"https:\/\/nordicmart.andreevmaster.com\/sv\/wp-json\/wp\/v2\/product\/11521","targetHints":{"allow":["GET"]}}],"collection":[{"href":"https:\/\/nordicmart.andreevmaster.com\/sv\/wp-json\/wp\/v2\/product"}],"about":[{"href":"https:\/\/nordicmart.andreevmaster.com\/sv\/wp-json\/wp\/v2\/types\/product"}],"replies":[{"embeddable":true,"href":"https:\/\/nordicmart.andreevmaster.com\/sv\/wp-json\/wp\/v2\/comments?post=11521"}],"wp:featuredmedia":[{"embeddable":true,"href":"https:\/\/nordicmart.andreevmaster.com\/sv\/wp-json\/wp\/v2\/media\/39892"}],"wp:attachment":[{"href":"https:\/\/nordicmart.andreevmaster.com\/sv\/wp-json\/wp\/v2\/media?parent=11521"}],"wp:term":[{"taxonomy":"product_brand","embeddable":true,"href":"https:\/\/nordicmart.andreevmaster.com\/sv\/wp-json\/wp\/v2\/product_brand?post=11521"},{"taxonomy":"product_cat","embeddable":true,"href":"https:\/\/nordicmart.andreevmaster.com\/sv\/wp-json\/wp\/v2\/product_cat?post=11521"},{"taxonomy":"product_tag","embeddable":true,"href":"https:\/\/nordicmart.andreevmaster.com\/sv\/wp-json\/wp\/v2\/product_tag?post=11521"}],"curies":[{"name":"wp","href":"https:\/\/api.w.org\/{rel}","templated":true}]}}