{"id":11518,"date":"2026-02-27T00:10:48","date_gmt":"2026-02-27T00:10:48","guid":{"rendered":"https:\/\/nordicmart.andreevmaster.com\/product\/songmics-balkongmobler-3-delat-set\/"},"modified":"2026-02-27T08:05:41","modified_gmt":"2026-02-27T08:05:41","slug":"songmics-balkongmobler-3-delat-set","status":"publish","type":"product","link":"https:\/\/nordicmart.andreevmaster.com\/sv\/produkt\/songmics-balkongmobler-3-delat-set\/","title":{"rendered":"SONGMICS balkongm\u00f6bler, 3-delat set"},"content":{"rendered":"<p>En lugn oas Koppla av vid poolen p\u00e5 sommaren och avsluta dagen i v\u00e5ra extremt bekv\u00e4ma Acapulco-stolar. Den ergonomiska designen ger en bekv\u00e4m sittst\u00e4llning s\u00e5 att du kan luta dig tillbaka och njuta av ett glas kallt vin. Du kan st\u00e4lla glaset p\u00e5 sidobordet. Skapar semesterk\u00e4nsla i varje rum Den moderna estetiken skapar en mexikansk semesterk\u00e4nsla p\u00e5 balkonger, terrasser och innerg\u00e5rdar. Koppla av p\u00e5 denna Acapulco-stolsats utomhus och njut av en frisk bris, eller anv\u00e4nd den inomhus? Det g\u00e5r sj\u00e4lvklart ocks\u00e5 bra! Denna sittgrupp f\u00f6rvandlar ett litet rum till en bekv\u00e4m vistelseplats p\u00e5 nolltid. Produktdetaljer: &#8211; F\u00e4rg: Turkisbl\u00e5 &#8211; Material: Pulverlackerat st\u00e5l, PE (polyeten), h\u00e4rdat glas &#8211; Storlek bord: 50,5 x 52 cm (\u00d8 x H) &#8211; Storlek per stol: 64 x 65 x 77 cm (L x B x H) &#8211; Vikt bord: 4,2 kg &#8211; Vikt per stol: 4,4 kg &#8211; Max. statisk belastningskapacitet per stol: 130 kg &#8211; Max. statisk belastningskapacitet f\u00f6r bordsskivan: 60 kg Leveransomfattning:- 2 x stol &#8211; 1 x bord &#8211; 1 x tillbeh\u00f6rspaket &#8211; 1 x bruksanvisning SONGMICS Anm\u00e4rkningar: &#8211; Vi rekommenderar att du t\u00e4cker \u00f6ver denna m\u00f6belset vid d\u00e5ligt v\u00e4der eller under vintern. Detta \u00f6kar dess livsl\u00e4ngd. &#8211; F\u00f6r att garantera s\u00e4ker anv\u00e4ndning f\u00e5r den maximala belastningskapaciteten inte \u00f6verskridas.<\/p>\n","protected":false},"excerpt":{"rendered":"<p>SONGMICS balkongm\u00f6bler, tr\u00e4dg\u00e5rdsm\u00f6belset, 3-delat set Acapulco, sittgrupp, terrassm\u00f6bler, bordsskiva av glas, 2 stolar, inomhus- och utomhusbruk, f\u00f6r terrass, tr\u00e4dg\u00e5rd, balkong, utomhus, svart GGF013B02<\/p>\n","protected":false},"featured_media":39889,"comment_status":"open","ping_status":"closed","template":"","meta":[],"product_brand":[],"product_cat":[33],"product_tag":[],"class_list":{"0":"post-11518","1":"product","2":"type-product","3":"status-publish","4":"has-post-thumbnail","6":"product_cat-okategoriserad","8":"first","9":"instock","10":"shipping-taxable","11":"purchasable","12":"product-type-simple"},"_links":{"self":[{"href":"https:\/\/nordicmart.andreevmaster.com\/sv\/wp-json\/wp\/v2\/product\/11518","targetHints":{"allow":["GET"]}}],"collection":[{"href":"https:\/\/nordicmart.andreevmaster.com\/sv\/wp-json\/wp\/v2\/product"}],"about":[{"href":"https:\/\/nordicmart.andreevmaster.com\/sv\/wp-json\/wp\/v2\/types\/product"}],"replies":[{"embeddable":true,"href":"https:\/\/nordicmart.andreevmaster.com\/sv\/wp-json\/wp\/v2\/comments?post=11518"}],"wp:featuredmedia":[{"embeddable":true,"href":"https:\/\/nordicmart.andreevmaster.com\/sv\/wp-json\/wp\/v2\/media\/39889"}],"wp:attachment":[{"href":"https:\/\/nordicmart.andreevmaster.com\/sv\/wp-json\/wp\/v2\/media?parent=11518"}],"wp:term":[{"taxonomy":"product_brand","embeddable":true,"href":"https:\/\/nordicmart.andreevmaster.com\/sv\/wp-json\/wp\/v2\/product_brand?post=11518"},{"taxonomy":"product_cat","embeddable":true,"href":"https:\/\/nordicmart.andreevmaster.com\/sv\/wp-json\/wp\/v2\/product_cat?post=11518"},{"taxonomy":"product_tag","embeddable":true,"href":"https:\/\/nordicmart.andreevmaster.com\/sv\/wp-json\/wp\/v2\/product_tag?post=11518"}],"curies":[{"name":"wp","href":"https:\/\/api.w.org\/{rel}","templated":true}]}}