{"id":11515,"date":"2026-02-27T00:10:47","date_gmt":"2026-02-27T00:10:47","guid":{"rendered":"https:\/\/nordicmart.andreevmaster.com\/product\/songmics-tradgardsmobelset-gra\/"},"modified":"2026-02-27T08:05:41","modified_gmt":"2026-02-27T08:05:41","slug":"songmics-tradgardsmobelset-gra","status":"publish","type":"product","link":"https:\/\/nordicmart.andreevmaster.com\/sv\/produkt\/songmics-tradgardsmobelset-gra\/","title":{"rendered":"SONGMICS tr\u00e4dg\u00e5rdsm\u00f6belset gr\u00e5"},"content":{"rendered":"<p>Om du gillar att tillbringa din fritid p\u00e5 terrassen eller balkongen \u00e4r denna m\u00f6belset ett praktiskt komplement till dina utem\u00f6bler. Ytan p\u00e5 dessa m\u00f6bler \u00e4r vattenavvisande och l\u00e4tt att reng\u00f6ra. Stabilitet \u00e4r viktigt: Oavsett om du vill st\u00e4lla grillkorv och \u00f6l p\u00e5 terrassen eller en vacker krukv\u00e4xt och din kaffekopp p\u00e5 bordet p\u00e5 balkongen, garanterar de stabila st\u00e5lbenen och den robusta bordsskivan h\u00f6g stabilitet f\u00f6r dessa utem\u00f6bler.N\u00e4r du inte anv\u00e4nder dessa terrassm\u00f6bler kan du f\u00e4lla ihop dem och f\u00f6rvara dem i ett h\u00f6rn av k\u00e4llaren eller p\u00e5 vinden. Eller l\u00e4gg dem i bagageutrymmet och ta med dem p\u00e5 campingen! Produktdetaljer: F\u00e4rg: Gr\u00e5 Material: PE (polyeten), pulverlackerat st\u00e5l Storlek stol: 45 x 45 x 83,5 cm (L x B x H) Storlek bord: 56 x 56 x 68,5 cm (L x B x H) Totalvikt: 13 kg Max. statisk belastningskapacitet per stol: 130 kg Max. statisk belastningskapacitet f\u00f6r bordet: 30 kg Leveransomfattning: 2 x f\u00e4llbar stol 1 x f\u00e4llbart bord SONGMICS Anm\u00e4rkningar:Vi rekommenderar att du t\u00e4cker \u00f6ver denna m\u00f6belset vid d\u00e5ligt v\u00e4der eller under vintern. Detta \u00f6kar dess livsl\u00e4ngd. F\u00f6r att garantera s\u00e4ker anv\u00e4ndning f\u00e5r den maximala belastningskapaciteten inte \u00f6verskridas.<\/p>\n","protected":false},"excerpt":{"rendered":"<p>SONGMICS tr\u00e4dg\u00e5rdsm\u00f6belset, 3-delat set, terrassm\u00f6bler, balkongm\u00f6bler, f\u00e4llbart bord, f\u00e4llbara stolar, av polyrotting, st\u00e5lstativ, f\u00e4llbart, ingen montering kr\u00e4vs, f\u00f6r utomhusbruk, gr\u00e5 GGF012G01<\/p>\n","protected":false},"featured_media":39886,"comment_status":"open","ping_status":"closed","template":"","meta":[],"product_brand":[],"product_cat":[33],"product_tag":[],"class_list":{"0":"post-11515","1":"product","2":"type-product","3":"status-publish","4":"has-post-thumbnail","6":"product_cat-okategoriserad","8":"first","9":"instock","10":"shipping-taxable","11":"purchasable","12":"product-type-simple"},"_links":{"self":[{"href":"https:\/\/nordicmart.andreevmaster.com\/sv\/wp-json\/wp\/v2\/product\/11515","targetHints":{"allow":["GET"]}}],"collection":[{"href":"https:\/\/nordicmart.andreevmaster.com\/sv\/wp-json\/wp\/v2\/product"}],"about":[{"href":"https:\/\/nordicmart.andreevmaster.com\/sv\/wp-json\/wp\/v2\/types\/product"}],"replies":[{"embeddable":true,"href":"https:\/\/nordicmart.andreevmaster.com\/sv\/wp-json\/wp\/v2\/comments?post=11515"}],"wp:featuredmedia":[{"embeddable":true,"href":"https:\/\/nordicmart.andreevmaster.com\/sv\/wp-json\/wp\/v2\/media\/39886"}],"wp:attachment":[{"href":"https:\/\/nordicmart.andreevmaster.com\/sv\/wp-json\/wp\/v2\/media?parent=11515"}],"wp:term":[{"taxonomy":"product_brand","embeddable":true,"href":"https:\/\/nordicmart.andreevmaster.com\/sv\/wp-json\/wp\/v2\/product_brand?post=11515"},{"taxonomy":"product_cat","embeddable":true,"href":"https:\/\/nordicmart.andreevmaster.com\/sv\/wp-json\/wp\/v2\/product_cat?post=11515"},{"taxonomy":"product_tag","embeddable":true,"href":"https:\/\/nordicmart.andreevmaster.com\/sv\/wp-json\/wp\/v2\/product_tag?post=11515"}],"curies":[{"name":"wp","href":"https:\/\/api.w.org\/{rel}","templated":true}]}}