{"id":11513,"date":"2026-02-27T00:10:47","date_gmt":"2026-02-27T00:10:47","guid":{"rendered":"https:\/\/nordicmart.andreevmaster.com\/product\/songmics-tradgardsmobelset\/"},"modified":"2026-02-27T08:05:40","modified_gmt":"2026-02-27T08:05:40","slug":"songmics-tradgardsmobelset","status":"publish","type":"product","link":"https:\/\/nordicmart.andreevmaster.com\/sv\/produkt\/songmics-tradgardsmobelset\/","title":{"rendered":"SONGMICS tr\u00e4dg\u00e5rdsm\u00f6belset"},"content":{"rendered":"<p>Fl\u00e4tad sk\u00f6nhet: PE-polyrotting ger inte bara dessa m\u00f6bler en speciell touch, utan tillf\u00f6r ocks\u00e5 karakt\u00e4r och charm till din tr\u00e4dg\u00e5rd. Utomhusn\u00f6je: Lunch i tr\u00e4dg\u00e5rden? Kaffepaus p\u00e5 terrassen? Denna m\u00f6belset g\u00f6r alla dina planer till verklighet. Anv\u00e4nd den varje vacker sommardag f\u00f6r att titta p\u00e5 solnedg\u00e5ngen tillsammans med din b\u00e4ttre h\u00e4lft! Finns det n\u00e5got b\u00e4ttre s\u00e4tt att avsluta dagen? Eller st\u00e4ll bordet vid poolen f\u00f6r att st\u00e4lla drinkar p\u00e5. Passar \u00e4ven bra inomhus: Du kan naturligtvis ocks\u00e5 anv\u00e4nda denna m\u00f6belset inomhus. St\u00e4ll den i ett h\u00f6rn av ditt vardagsrum f\u00f6r att njuta av snacks. Dessutom erbjuder dessa stolar extra sittplatser n\u00e4r dina v\u00e4nner kommer p\u00e5 bes\u00f6k.Produktdetaljer: F\u00e4rg: Svart-beige Material i m\u00f6blerna: PE (polyeten), pulverlackerat st\u00e5l, h\u00e4rdat glas Material i kuddarna: VFT-stoppning (Vertical Fibre Technology), \u00f6verdrag i polyesterv\u00e4v Storlek per stol: 57,5 x 53 x 76 cm (L x B x H)Storlek bord: 40 x 40 x 39 cm (L x B x H) Totalvikt: 16,5 kg Max. statisk belastningskapacitet per stol: 130 kg Max. statisk belastningskapacitet f\u00f6r bordet: 30 kg Leveransomfattning: 2 x stol 1 x bord 2 x kudde 1 x tillbeh\u00f6rspaket 1 x instruktioner SONGMICS Anm\u00e4rkningar:Vi rekommenderar att du t\u00e4cker \u00f6ver denna m\u00f6belset vid d\u00e5ligt v\u00e4der eller under vintern. Detta \u00f6kar dess livsl\u00e4ngd. Reng\u00f6r endast dessa produkter med en fuktig trasa. F\u00f6r att garantera s\u00e4ker anv\u00e4ndning f\u00e5r den maximala belastningskapaciteten inte \u00f6verskridas.<\/p>\n","protected":false},"excerpt":{"rendered":"<p>SONGMICS tr\u00e4dg\u00e5rdsm\u00f6belset, 3-delat set, av polyrotting, f\u00f6r utomhusbruk, terrass, balkong, tr\u00e4dg\u00e5rd, enkel montering, sidobord och 2 stolar, svart-beige GGF010M01<\/p>\n","protected":false},"featured_media":39884,"comment_status":"open","ping_status":"closed","template":"","meta":[],"product_brand":[],"product_cat":[33],"product_tag":[],"class_list":{"0":"post-11513","1":"product","2":"type-product","3":"status-publish","4":"has-post-thumbnail","6":"product_cat-okategoriserad","8":"first","9":"instock","10":"shipping-taxable","11":"purchasable","12":"product-type-simple"},"_links":{"self":[{"href":"https:\/\/nordicmart.andreevmaster.com\/sv\/wp-json\/wp\/v2\/product\/11513","targetHints":{"allow":["GET"]}}],"collection":[{"href":"https:\/\/nordicmart.andreevmaster.com\/sv\/wp-json\/wp\/v2\/product"}],"about":[{"href":"https:\/\/nordicmart.andreevmaster.com\/sv\/wp-json\/wp\/v2\/types\/product"}],"replies":[{"embeddable":true,"href":"https:\/\/nordicmart.andreevmaster.com\/sv\/wp-json\/wp\/v2\/comments?post=11513"}],"wp:featuredmedia":[{"embeddable":true,"href":"https:\/\/nordicmart.andreevmaster.com\/sv\/wp-json\/wp\/v2\/media\/39884"}],"wp:attachment":[{"href":"https:\/\/nordicmart.andreevmaster.com\/sv\/wp-json\/wp\/v2\/media?parent=11513"}],"wp:term":[{"taxonomy":"product_brand","embeddable":true,"href":"https:\/\/nordicmart.andreevmaster.com\/sv\/wp-json\/wp\/v2\/product_brand?post=11513"},{"taxonomy":"product_cat","embeddable":true,"href":"https:\/\/nordicmart.andreevmaster.com\/sv\/wp-json\/wp\/v2\/product_cat?post=11513"},{"taxonomy":"product_tag","embeddable":true,"href":"https:\/\/nordicmart.andreevmaster.com\/sv\/wp-json\/wp\/v2\/product_tag?post=11513"}],"curies":[{"name":"wp","href":"https:\/\/api.w.org\/{rel}","templated":true}]}}