{"id":11512,"date":"2026-02-27T00:10:46","date_gmt":"2026-02-27T00:10:46","guid":{"rendered":"https:\/\/nordicmart.andreevmaster.com\/product\/songmics-tradgardsmobelset-i-rottinglook-3-delar\/"},"modified":"2026-02-27T08:05:40","modified_gmt":"2026-02-27T08:05:40","slug":"songmics-tradgardsmobelset-i-rottinglook-3-delar","status":"publish","type":"product","link":"https:\/\/nordicmart.andreevmaster.com\/sv\/produkt\/songmics-tradgardsmobelset-i-rottinglook-3-delar\/","title":{"rendered":"SONGMICS tr\u00e4dg\u00e5rdsm\u00f6belset i rottinglook, 3 delar"},"content":{"rendered":"<p>SONGMICS tr\u00e4dg\u00e5rdsm\u00f6belset, 3-delat set, av polyrotting, f\u00f6r utomhusbruk, terrass, balkong, tr\u00e4dg\u00e5rd, enkel montering, sidobord och 2 stolar, svart-beige GGF010M01<br \/>\nF\u00e4rg: brun-gr\u00e5<br \/>\nM\u00f6belns material: PE (polyeten), pulverlackerat st\u00e5l, h\u00e4rdat glas<br \/>\nKuddarnas material: VFT-stoppning (Vertical Fibre Technology), \u00f6verdrag av polyestertyg<br \/>\nStorlek per stol: 57,5 x 53 x 76 cm (D x B x H)<br \/>\nStorlek bord: 40 x 42 x 39 cm (D x B x H)<br \/>\nTotalvikt: 17,1 kg<br \/>\nMax. statisk belastningskapacitet per stol: 150 kg<br \/>\nMax. statisk belastningskapacitet f\u00f6r bordet: 30 kg<\/p>\n","protected":false},"excerpt":{"rendered":"<p>SONGMICS tr\u00e4dg\u00e5rdsm\u00f6belset, 3-delat set, av polyrotting, f\u00f6r utomhusbruk, terrass, balkong, tr\u00e4dg\u00e5rd, enkel montering, sidobord och 2 stolar, svart-beige GGF010M01<\/p>\n","protected":false},"featured_media":39883,"comment_status":"open","ping_status":"closed","template":"","meta":[],"product_brand":[],"product_cat":[33],"product_tag":[],"class_list":{"0":"post-11512","1":"product","2":"type-product","3":"status-publish","4":"has-post-thumbnail","6":"product_cat-okategoriserad","8":"first","9":"instock","10":"shipping-taxable","11":"purchasable","12":"product-type-simple"},"_links":{"self":[{"href":"https:\/\/nordicmart.andreevmaster.com\/sv\/wp-json\/wp\/v2\/product\/11512","targetHints":{"allow":["GET"]}}],"collection":[{"href":"https:\/\/nordicmart.andreevmaster.com\/sv\/wp-json\/wp\/v2\/product"}],"about":[{"href":"https:\/\/nordicmart.andreevmaster.com\/sv\/wp-json\/wp\/v2\/types\/product"}],"replies":[{"embeddable":true,"href":"https:\/\/nordicmart.andreevmaster.com\/sv\/wp-json\/wp\/v2\/comments?post=11512"}],"wp:featuredmedia":[{"embeddable":true,"href":"https:\/\/nordicmart.andreevmaster.com\/sv\/wp-json\/wp\/v2\/media\/39883"}],"wp:attachment":[{"href":"https:\/\/nordicmart.andreevmaster.com\/sv\/wp-json\/wp\/v2\/media?parent=11512"}],"wp:term":[{"taxonomy":"product_brand","embeddable":true,"href":"https:\/\/nordicmart.andreevmaster.com\/sv\/wp-json\/wp\/v2\/product_brand?post=11512"},{"taxonomy":"product_cat","embeddable":true,"href":"https:\/\/nordicmart.andreevmaster.com\/sv\/wp-json\/wp\/v2\/product_cat?post=11512"},{"taxonomy":"product_tag","embeddable":true,"href":"https:\/\/nordicmart.andreevmaster.com\/sv\/wp-json\/wp\/v2\/product_tag?post=11512"}],"curies":[{"name":"wp","href":"https:\/\/api.w.org\/{rel}","templated":true}]}}