{"id":11511,"date":"2026-02-27T00:10:46","date_gmt":"2026-02-27T00:10:46","guid":{"rendered":"https:\/\/nordicmart.andreevmaster.com\/product\/songmics-ggf010g05-altanmobelset-pe-polyrotting-loungeset-bord-och-2-stolar-tradgardsmobler-enkel-montering-utomhus-for-terrass-altan-tradgard-svart-gra\/"},"modified":"2026-02-27T08:05:40","modified_gmt":"2026-02-27T08:05:40","slug":"songmics-ggf010g05-altanmobelset-pe-polyrotting-loungeset-bord-och-2-stolar-tradgardsmobler-enkel-montering-utomhus-for-terrass-altan-tradgard-svart-gra","status":"publish","type":"product","link":"https:\/\/nordicmart.andreevmaster.com\/sv\/produkt\/songmics-ggf010g05-altanmobelset-pe-polyrotting-loungeset-bord-och-2-stolar-tradgardsmobler-enkel-montering-utomhus-for-terrass-altan-tradgard-svart-gra\/","title":{"rendered":"Songmics GGF010G05 Altanm\u00f6belset, PE polyrotting loungeset, bord och 2 stolar, tr\u00e4dg\u00e5rdsm\u00f6bler, enkel montering, utomhus, f\u00f6r terrass, altan, tr\u00e4dg\u00e5rd, svart\/gr\u00e5"},"content":{"rendered":"<p>Semesterk\u00e4nsla i ditt eget hem: Vill du hoppa in i semesterk\u00e4nslan? D\u00e5 \u00e4r detta m\u00f6belset det perfekta valet f\u00f6r dig. Det ger din tr\u00e4dg\u00e5rd ett dekorativt intryck tack vare de rena linjerna och rottinglooken. Ingen komplicerad montering: Det \u00e4r enkelt att montera detta tr\u00e4dg\u00e5rdsm\u00f6belset, \u00e4ven om du inte \u00e4r n\u00e5gon g\u00f6r-det-sj\u00e4lv-expert! Monteringsdetaljerna, de exakt borrade h\u00e5len och de tydliga instruktionerna g\u00f6r arbetet enklare. <\/p>\n<p>Stabilt grepp: Pulverlackerade st\u00e5lben, v\u00e4derbest\u00e4ndig polyrotting \u2013 Varje stol t\u00e5l en vikt p\u00e5 upp till 150 kg. Bordet har en extra f\u00f6rst\u00e4rkningsst\u00e5ng i botten och t\u00e5l upp till 30 kg.<\/p>\n<p>En bekv\u00e4m plats: En 5 cm tjock skumdynning, ett ergonomiskt format ryggst\u00f6d som anpassar sig perfekt efter din kropp \u2013 s\u00e4tt dig bara i en av dessa stolar f\u00f6r att koppla av och ladda batterierna.<\/p>\n<p>Anv\u00e4nd dem efter behov: P\u00e5 din altan, din terrass, i din tr\u00e4dg\u00e5rd och var som helst d\u00e4r du vill koppla av eller prata med v\u00e4nnerna. Eller placera altanm\u00f6blerna inomhus f\u00f6r att skapa en matplats eller en mysig l\u00e4sh\u00f6rna.<\/p>\n","protected":false},"excerpt":{"rendered":"<p>Semesterk\u00e4nsla i ditt eget hem: Vill du hoppa in i semesterk\u00e4nslan? D\u00e5 \u00e4r detta m\u00f6belset det perfekta valet f\u00f6r dig. Det ger din tr\u00e4dg\u00e5rd ett dekorativt intryck tack vare de rena linjerna och rottinglooken. Ingen komplicerad montering: Det \u00e4r enkelt att montera detta tr\u00e4dg\u00e5rdsm\u00f6belset, \u00e4ven om du inte \u00e4r n\u00e5gon g\u00f6r-det-sj\u00e4lv-expert! Monteringsdetaljerna, de exakt borrade [&hellip;]<\/p>\n","protected":false},"featured_media":0,"comment_status":"open","ping_status":"closed","template":"","meta":[],"product_brand":[],"product_cat":[33],"product_tag":[],"class_list":{"0":"post-11511","1":"product","2":"type-product","3":"status-publish","5":"product_cat-okategoriserad","7":"first","8":"instock","9":"shipping-taxable","10":"purchasable","11":"product-type-simple"},"_links":{"self":[{"href":"https:\/\/nordicmart.andreevmaster.com\/sv\/wp-json\/wp\/v2\/product\/11511","targetHints":{"allow":["GET"]}}],"collection":[{"href":"https:\/\/nordicmart.andreevmaster.com\/sv\/wp-json\/wp\/v2\/product"}],"about":[{"href":"https:\/\/nordicmart.andreevmaster.com\/sv\/wp-json\/wp\/v2\/types\/product"}],"replies":[{"embeddable":true,"href":"https:\/\/nordicmart.andreevmaster.com\/sv\/wp-json\/wp\/v2\/comments?post=11511"}],"wp:attachment":[{"href":"https:\/\/nordicmart.andreevmaster.com\/sv\/wp-json\/wp\/v2\/media?parent=11511"}],"wp:term":[{"taxonomy":"product_brand","embeddable":true,"href":"https:\/\/nordicmart.andreevmaster.com\/sv\/wp-json\/wp\/v2\/product_brand?post=11511"},{"taxonomy":"product_cat","embeddable":true,"href":"https:\/\/nordicmart.andreevmaster.com\/sv\/wp-json\/wp\/v2\/product_cat?post=11511"},{"taxonomy":"product_tag","embeddable":true,"href":"https:\/\/nordicmart.andreevmaster.com\/sv\/wp-json\/wp\/v2\/product_tag?post=11511"}],"curies":[{"name":"wp","href":"https:\/\/api.w.org\/{rel}","templated":true}]}}