{"id":11510,"date":"2026-02-27T00:10:46","date_gmt":"2026-02-27T00:10:46","guid":{"rendered":"https:\/\/nordicmart.andreevmaster.com\/product\/songmics-balkongstolar-med-bord\/"},"modified":"2026-02-27T08:05:40","modified_gmt":"2026-02-27T08:05:40","slug":"songmics-balkongstolar-med-bord","status":"publish","type":"product","link":"https:\/\/nordicmart.andreevmaster.com\/sv\/produkt\/songmics-balkongstolar-med-bord\/","title":{"rendered":"SONGMICS balkongstolar med bord"},"content":{"rendered":"<p>Fl\u00e4tad sk\u00f6nhet: PE-polyrotting ger inte bara dessa m\u00f6bler en speciell touch, utan tillf\u00f6r ocks\u00e5 karakt\u00e4r och charm till din tr\u00e4dg\u00e5rd. Njut av utelivet: Lunch i tr\u00e4dg\u00e5rden? Kaffepaus p\u00e5 terrassen? Med denna balkongm\u00f6belset kan du f\u00f6rverkliga alla dina planer. Anv\u00e4nd det varje vacker sommardag f\u00f6r att titta p\u00e5 solnedg\u00e5ngen tillsammans med din b\u00e4ttre h\u00e4lft! Finns det n\u00e5got b\u00e4ttre s\u00e4tt att avsluta dagen? Eller st\u00e4ll bordet vid poolen f\u00f6r att st\u00e4lla drinkar p\u00e5. Passar \u00e4ven bra inomhus: Du kan naturligtvis ocks\u00e5 anv\u00e4nda denna m\u00f6belset inomhus. St\u00e4ll den i ett h\u00f6rn av ditt vardagsrum f\u00f6r att njuta av snacks. Dessutom erbjuder dessa stolar extra sittplatser n\u00e4r dina v\u00e4nner kommer p\u00e5 bes\u00f6k. Produktdetaljer: F\u00e4rg: Svart Material i m\u00f6blerna: PE (polyeten), pulverlackerat st\u00e5l, h\u00e4rdat glas Material i kuddarna: VFT-stoppning (Vertical Fibre Technology), \u00f6verdrag i polyesterv\u00e4v Storlek per stol: 53 x 57,5 x 76 cm (L x B x H) Storlek bord: 42 x 40 x 39 cm (L x B x H) Totalvikt: 17,1 kg Max. statisk belastningskapacitet per stol: 150 kg Max. statisk belastningskapacitet f\u00f6r bordet: 30 kg SONGMICS Anm\u00e4rkningar: Vi rekommenderar att du t\u00e4cker \u00f6ver denna m\u00f6belset vid d\u00e5ligt v\u00e4der eller under vintern. Detta \u00f6kar dess livsl\u00e4ngd. Reng\u00f6r endast dessa produkter med en fuktig trasa. F\u00f6r att garantera s\u00e4ker anv\u00e4ndning f\u00e5r den maximala belastningskapaciteten inte \u00f6verskridas.<\/p>\n","protected":false},"excerpt":{"rendered":"<p>SONGMICS balkongm\u00f6bler, tr\u00e4dg\u00e5rdsm\u00f6belset, av PE-polyrotting, loungeset, bord och 2 stolar, terrassm\u00f6bler, enkel montering, utomhus, f\u00f6r terrass, balkong, tr\u00e4dg\u00e5rd, svart GGF010B05<\/p>\n","protected":false},"featured_media":39882,"comment_status":"open","ping_status":"closed","template":"","meta":[],"product_brand":[],"product_cat":[33],"product_tag":[],"class_list":{"0":"post-11510","1":"product","2":"type-product","3":"status-publish","4":"has-post-thumbnail","6":"product_cat-okategoriserad","8":"first","9":"instock","10":"shipping-taxable","11":"purchasable","12":"product-type-simple"},"_links":{"self":[{"href":"https:\/\/nordicmart.andreevmaster.com\/sv\/wp-json\/wp\/v2\/product\/11510","targetHints":{"allow":["GET"]}}],"collection":[{"href":"https:\/\/nordicmart.andreevmaster.com\/sv\/wp-json\/wp\/v2\/product"}],"about":[{"href":"https:\/\/nordicmart.andreevmaster.com\/sv\/wp-json\/wp\/v2\/types\/product"}],"replies":[{"embeddable":true,"href":"https:\/\/nordicmart.andreevmaster.com\/sv\/wp-json\/wp\/v2\/comments?post=11510"}],"wp:featuredmedia":[{"embeddable":true,"href":"https:\/\/nordicmart.andreevmaster.com\/sv\/wp-json\/wp\/v2\/media\/39882"}],"wp:attachment":[{"href":"https:\/\/nordicmart.andreevmaster.com\/sv\/wp-json\/wp\/v2\/media?parent=11510"}],"wp:term":[{"taxonomy":"product_brand","embeddable":true,"href":"https:\/\/nordicmart.andreevmaster.com\/sv\/wp-json\/wp\/v2\/product_brand?post=11510"},{"taxonomy":"product_cat","embeddable":true,"href":"https:\/\/nordicmart.andreevmaster.com\/sv\/wp-json\/wp\/v2\/product_cat?post=11510"},{"taxonomy":"product_tag","embeddable":true,"href":"https:\/\/nordicmart.andreevmaster.com\/sv\/wp-json\/wp\/v2\/product_tag?post=11510"}],"curies":[{"name":"wp","href":"https:\/\/api.w.org\/{rel}","templated":true}]}}