{"id":11506,"date":"2026-02-27T00:10:45","date_gmt":"2026-02-27T00:10:45","guid":{"rendered":"https:\/\/nordicmart.andreevmaster.com\/product\/songmics-tradgardsmobler-9-delars-set-i-polyrotting\/"},"modified":"2026-02-27T08:05:39","modified_gmt":"2026-02-27T08:05:39","slug":"songmics-tradgardsmobler-9-delars-set-i-polyrotting","status":"publish","type":"product","link":"https:\/\/nordicmart.andreevmaster.com\/sv\/produkt\/songmics-tradgardsmobler-9-delars-set-i-polyrotting\/","title":{"rendered":"SONGMICS tr\u00e4dg\u00e5rdsm\u00f6bler 9-delars set i polyrotting"},"content":{"rendered":"<p>Det vackra v\u00e4dret lockar alla ut i friska luften. Vill du njuta av den varma solen i din tr\u00e4dg\u00e5rd? Unna dig denna tr\u00e4dg\u00e5rdsm\u00f6belset fr\u00e5n SONGMICS och tillbringa trevliga stunder utomhus med dina n\u00e4ra och k\u00e4ra! Ge mer, ta mindre: En 9-delad m\u00f6belset som tar lika mycket plats som ett bord? Ja, det \u00e4r m\u00f6jligt! Tack vare det smarta designen p\u00e5 detta m\u00f6belset kan du skjuta in pallarna under stolarna och skjuta in stolarna under bordet. P\u00e5 s\u00e5 s\u00e4tt kan dessa m\u00f6bler f\u00f6rvaras p\u00e5 ett utrymmesbesparande s\u00e4tt n\u00e4r de inte anv\u00e4nds. Mycket praktiskt! En oas av avkoppling: Skapa en avslappnad atmosf\u00e4r med detta tr\u00e4dg\u00e5rdsm\u00f6belset f\u00f6r utomhusbruk. Njut av en m\u00e5ltid tillsammans med din b\u00e4ttre h\u00e4lft i tr\u00e4dg\u00e5rden, p\u00e5 terrassen eller vid poolen n\u00e4r v\u00e4dret \u00e4r varmt. Med sitt fr\u00e4scha och naturliga utseende kommer denna terrassm\u00f6belset att vara en vacker h\u00f6jdpunkt i m\u00e5nga \u00e5r! Produktdetaljer: F\u00e4rg: Svart-beige Material p\u00e5 stol och bord: PE-polyrotting (polyeten), pulverlackerat st\u00e5l, h\u00e4rdat glas Material p\u00e5 kuddar: VFT-stoppning (Vertical Fibre Technology), \u00f6verdrag av polyestertyg Storlek per stol: 52 x 52 x 86 cm (L x B x H) Storlek per pall: 41 x 41 x 35 cm (L x B x H) Storlek bord: 109 x 109 x 72 cm (L x B x H) Totalvikt: 64 kg Max. statisk belastningskapacitet per stol: 130 kg Max. statisk belastningskapacitet per pall: 130 kg Max. statisk belastningskapacitet f\u00f6r bordet: 30 kg Leveransomfattning: 4 x tr\u00e4dg\u00e5rdsstol 4 x pall 1 x tr\u00e4dg\u00e5rdsbord 12 x kudde 1 x tillbeh\u00f6rspaket 1 x bruksanvisning<\/p>\n","protected":false},"excerpt":{"rendered":"<p>SONGMICS balkongm\u00f6bler, tr\u00e4dg\u00e5rdsm\u00f6belset, matsalsm\u00f6bler, matbord och stolar, 9-delars set, av PE-rotting, terrassm\u00f6bler, soffbord med glasskiva, med kuddar, platsbesparande, brun-beige GGF009K02<\/p>\n","protected":false},"featured_media":39878,"comment_status":"open","ping_status":"closed","template":"","meta":[],"product_brand":[],"product_cat":[33],"product_tag":[],"class_list":{"0":"post-11506","1":"product","2":"type-product","3":"status-publish","4":"has-post-thumbnail","6":"product_cat-okategoriserad","8":"first","9":"instock","10":"shipping-taxable","11":"purchasable","12":"product-type-simple"},"_links":{"self":[{"href":"https:\/\/nordicmart.andreevmaster.com\/sv\/wp-json\/wp\/v2\/product\/11506","targetHints":{"allow":["GET"]}}],"collection":[{"href":"https:\/\/nordicmart.andreevmaster.com\/sv\/wp-json\/wp\/v2\/product"}],"about":[{"href":"https:\/\/nordicmart.andreevmaster.com\/sv\/wp-json\/wp\/v2\/types\/product"}],"replies":[{"embeddable":true,"href":"https:\/\/nordicmart.andreevmaster.com\/sv\/wp-json\/wp\/v2\/comments?post=11506"}],"wp:featuredmedia":[{"embeddable":true,"href":"https:\/\/nordicmart.andreevmaster.com\/sv\/wp-json\/wp\/v2\/media\/39878"}],"wp:attachment":[{"href":"https:\/\/nordicmart.andreevmaster.com\/sv\/wp-json\/wp\/v2\/media?parent=11506"}],"wp:term":[{"taxonomy":"product_brand","embeddable":true,"href":"https:\/\/nordicmart.andreevmaster.com\/sv\/wp-json\/wp\/v2\/product_brand?post=11506"},{"taxonomy":"product_cat","embeddable":true,"href":"https:\/\/nordicmart.andreevmaster.com\/sv\/wp-json\/wp\/v2\/product_cat?post=11506"},{"taxonomy":"product_tag","embeddable":true,"href":"https:\/\/nordicmart.andreevmaster.com\/sv\/wp-json\/wp\/v2\/product_tag?post=11506"}],"curies":[{"name":"wp","href":"https:\/\/api.w.org\/{rel}","templated":true}]}}