{"id":11504,"date":"2026-02-27T00:10:45","date_gmt":"2026-02-27T00:10:45","guid":{"rendered":"https:\/\/nordicmart.andreevmaster.com\/product\/songmics-tradgardssoffa-med-bord\/"},"modified":"2026-02-27T08:05:39","modified_gmt":"2026-02-27T08:05:39","slug":"songmics-tradgardssoffa-med-bord","status":"publish","type":"product","link":"https:\/\/nordicmart.andreevmaster.com\/sv\/produkt\/songmics-tradgardssoffa-med-bord\/","title":{"rendered":"SONGMICS tr\u00e4dg\u00e5rdssoffa med bord"},"content":{"rendered":"<p>Det vackra v\u00e4dret lockar alla ut i friska luften. Vill du njuta av den varma solen i din tr\u00e4dg\u00e5rd? Unna dig denna tr\u00e4dg\u00e5rdsm\u00f6belset och tillbringa h\u00e4rliga stunder utomhus med dina n\u00e4ra och k\u00e4ra! Bekv\u00e4mare \u00e4n n\u00e5gonsin tidigare! Ta en tupplur i tr\u00e4dg\u00e5rden, njut av en kaffepaus p\u00e5 terrassen, titta p\u00e5 solnedg\u00e5ngen tillsammans med dina n\u00e4ra och k\u00e4ra&#8230; Denna tr\u00e4dg\u00e5rdsm\u00f6belset g\u00f6r alla dina planer till verklighet, och de stora, stoppade sittplatserna garanterar h\u00f6g komfort. L\u00e5ng livsl\u00e4ngd: Med denna robusta m\u00f6belset skapar du en oas av avkoppling som du kommer att ha gl\u00e4dje av l\u00e4nge. Ett stabilt metallstativ, h\u00f6gkvalitativ PE-polyrotting, en robust h\u00e5rdglasplatta \u2013 dessa m\u00f6bler kommer att h\u00e5lla i m\u00e5nga \u00e5r. Dessutom g\u00f6r den tilltalande rottinglooken detta m\u00f6belset till ett blickf\u00e5ng i din tr\u00e4dg\u00e5rd och ger en s\u00e4rskilt dekorativ touch. Produktdetaljer: F\u00e4rg: Brun-taupe Material i soffan och bordet: PE-polyrotting (polyeten), pulverlackerat st\u00e5l, h\u00e4rdat glas Material i kuddarna: VFT-stoppning (Vertical Fibre Technology), \u00f6verdrag av polyestertyg Storlek p\u00e5 3-sits soffa: 173 x 60 x 66 cm (L x B x H) Storlek p\u00e5 fotpall: 58 x 58 x 34 cm (L x B x H) Storlek p\u00e5 soffbordet: 58 x 58 x 34 cm (L x B x H) Totalvikt: 32,6 kg Max. statisk belastningskapacitet f\u00f6r 3-sits soffan: 350 kg Max. statisk belastningskapacitet f\u00f6r fotpallen: 150 kg Max. statisk belastningskapacitet f\u00f6r bordet: 30 kg SONGMICS Anm\u00e4rkningar:Vi rekommenderar att du t\u00e4cker \u00f6ver denna m\u00f6belset vid d\u00e5ligt v\u00e4der eller under vintern. Detta \u00f6kar dess livsl\u00e4ngd. Reng\u00f6r endast dessa produkter med en fuktig trasa. F\u00f6r att garantera s\u00e4ker anv\u00e4ndning f\u00e5r den maximala belastningskapaciteten inte \u00f6verskridas.<\/p>\n","protected":false},"excerpt":{"rendered":"<p>SONGMICS tr\u00e4dg\u00e5rdsm\u00f6belset, 5 delar, av polyrotting, handfl\u00e4tat, tr\u00e4dg\u00e5rdssoffa, tr\u00e4dg\u00e5rdsbord med glasskiva, med kuddar, f\u00f6r utomhusbruk, tr\u00e4dg\u00e5rd, brun-beige GGF005K01<\/p>\n","protected":false},"featured_media":39876,"comment_status":"open","ping_status":"closed","template":"","meta":[],"product_brand":[],"product_cat":[33],"product_tag":[],"class_list":{"0":"post-11504","1":"product","2":"type-product","3":"status-publish","4":"has-post-thumbnail","6":"product_cat-okategoriserad","8":"first","9":"instock","10":"shipping-taxable","11":"purchasable","12":"product-type-simple"},"_links":{"self":[{"href":"https:\/\/nordicmart.andreevmaster.com\/sv\/wp-json\/wp\/v2\/product\/11504","targetHints":{"allow":["GET"]}}],"collection":[{"href":"https:\/\/nordicmart.andreevmaster.com\/sv\/wp-json\/wp\/v2\/product"}],"about":[{"href":"https:\/\/nordicmart.andreevmaster.com\/sv\/wp-json\/wp\/v2\/types\/product"}],"replies":[{"embeddable":true,"href":"https:\/\/nordicmart.andreevmaster.com\/sv\/wp-json\/wp\/v2\/comments?post=11504"}],"wp:featuredmedia":[{"embeddable":true,"href":"https:\/\/nordicmart.andreevmaster.com\/sv\/wp-json\/wp\/v2\/media\/39876"}],"wp:attachment":[{"href":"https:\/\/nordicmart.andreevmaster.com\/sv\/wp-json\/wp\/v2\/media?parent=11504"}],"wp:term":[{"taxonomy":"product_brand","embeddable":true,"href":"https:\/\/nordicmart.andreevmaster.com\/sv\/wp-json\/wp\/v2\/product_brand?post=11504"},{"taxonomy":"product_cat","embeddable":true,"href":"https:\/\/nordicmart.andreevmaster.com\/sv\/wp-json\/wp\/v2\/product_cat?post=11504"},{"taxonomy":"product_tag","embeddable":true,"href":"https:\/\/nordicmart.andreevmaster.com\/sv\/wp-json\/wp\/v2\/product_tag?post=11504"}],"curies":[{"name":"wp","href":"https:\/\/api.w.org\/{rel}","templated":true}]}}