{"id":11503,"date":"2026-02-27T00:10:45","date_gmt":"2026-02-27T00:10:45","guid":{"rendered":"https:\/\/nordicmart.andreevmaster.com\/product\/songmics-tradgardsmobelset-brun-beige\/"},"modified":"2026-02-27T08:05:39","modified_gmt":"2026-02-27T08:05:39","slug":"songmics-tradgardsmobelset-brun-beige","status":"publish","type":"product","link":"https:\/\/nordicmart.andreevmaster.com\/sv\/produkt\/songmics-tradgardsmobelset-brun-beige\/","title":{"rendered":"SONGMICS tr\u00e4dg\u00e5rdsm\u00f6belset brun-beige"},"content":{"rendered":"<p>Ta en tupplur i tr\u00e4dg\u00e5rden, njut av en kaffepaus p\u00e5 terrassen, titta p\u00e5 solnedg\u00e5ngen tillsammans med dina n\u00e4ra och k\u00e4ra&#8230; Denna tr\u00e4dg\u00e5rdsm\u00f6belset g\u00f6r alla dina planer till verklighet, och de stora, stoppade sittplatserna garanterar h\u00f6g komfort. Det vackra v\u00e4dret lockar alla ut i friska luften. Vill du njuta av den varma solen i din tr\u00e4dg\u00e5rd? Unna dig denna tr\u00e4dg\u00e5rdsm\u00f6belset och tillbringa h\u00e4rliga stunder utomhus med dina n\u00e4ra och k\u00e4ra! Leveransomfattning: 2 x soffdel med armst\u00f6d\uff1b1 x soffdel utan armst\u00f6d1 x pall\uff1b1 x tr\u00e4dg\u00e5rdsbord3 x ryggkuddar \uff1b1 x tillbeh\u00f6rspaket \uff1b1 x bruksanvisning<\/p>\n","protected":false},"excerpt":{"rendered":"<p>SONGMICS tr\u00e4dg\u00e5rdsm\u00f6belset, 5 delar, av polyrotting, handfl\u00e4tat, tr\u00e4dg\u00e5rdssoffa, tr\u00e4dg\u00e5rdsbord med glasskiva, med kuddar, f\u00f6r utomhusbruk, tr\u00e4dg\u00e5rd, brun-beige GGF005K01<\/p>\n","protected":false},"featured_media":39875,"comment_status":"open","ping_status":"closed","template":"","meta":[],"product_brand":[],"product_cat":[33],"product_tag":[],"class_list":{"0":"post-11503","1":"product","2":"type-product","3":"status-publish","4":"has-post-thumbnail","6":"product_cat-okategoriserad","8":"first","9":"instock","10":"shipping-taxable","11":"purchasable","12":"product-type-simple"},"_links":{"self":[{"href":"https:\/\/nordicmart.andreevmaster.com\/sv\/wp-json\/wp\/v2\/product\/11503","targetHints":{"allow":["GET"]}}],"collection":[{"href":"https:\/\/nordicmart.andreevmaster.com\/sv\/wp-json\/wp\/v2\/product"}],"about":[{"href":"https:\/\/nordicmart.andreevmaster.com\/sv\/wp-json\/wp\/v2\/types\/product"}],"replies":[{"embeddable":true,"href":"https:\/\/nordicmart.andreevmaster.com\/sv\/wp-json\/wp\/v2\/comments?post=11503"}],"wp:featuredmedia":[{"embeddable":true,"href":"https:\/\/nordicmart.andreevmaster.com\/sv\/wp-json\/wp\/v2\/media\/39875"}],"wp:attachment":[{"href":"https:\/\/nordicmart.andreevmaster.com\/sv\/wp-json\/wp\/v2\/media?parent=11503"}],"wp:term":[{"taxonomy":"product_brand","embeddable":true,"href":"https:\/\/nordicmart.andreevmaster.com\/sv\/wp-json\/wp\/v2\/product_brand?post=11503"},{"taxonomy":"product_cat","embeddable":true,"href":"https:\/\/nordicmart.andreevmaster.com\/sv\/wp-json\/wp\/v2\/product_cat?post=11503"},{"taxonomy":"product_tag","embeddable":true,"href":"https:\/\/nordicmart.andreevmaster.com\/sv\/wp-json\/wp\/v2\/product_tag?post=11503"}],"curies":[{"name":"wp","href":"https:\/\/api.w.org\/{rel}","templated":true}]}}