{"id":11502,"date":"2026-02-27T00:10:44","date_gmt":"2026-02-27T00:10:44","guid":{"rendered":"https:\/\/nordicmart.andreevmaster.com\/product\/songmics-balkongmobler-av-pe-polyrotting-med-kuddar-och-glasbord\/"},"modified":"2026-02-27T08:05:39","modified_gmt":"2026-02-27T08:05:39","slug":"songmics-balkongmobler-av-pe-polyrotting-med-kuddar-och-glasbord","status":"publish","type":"product","link":"https:\/\/nordicmart.andreevmaster.com\/sv\/produkt\/songmics-balkongmobler-av-pe-polyrotting-med-kuddar-och-glasbord\/","title":{"rendered":"SONGMICS balkongm\u00f6bler av PE-polyrotting med kuddar och glasbord"},"content":{"rendered":"<p>SONGMICS tr\u00e4dg\u00e5rdsm\u00f6belset, 5 delar, av polyrotting, handfl\u00e4tat, tr\u00e4dg\u00e5rdssoffa, tr\u00e4dg\u00e5rdsbord med glasskiva, med kuddar, f\u00f6r utomhusbruk, tr\u00e4dg\u00e5rd, brun-beige GGF005K01<br \/>\nF\u00e4rg: Gr\u00e5<br \/>\nMaterial i soffa och bord: PE-polyrotting (polyeten), pulverlackerat st\u00e5l, h\u00e4rdat glas<br \/>\nMaterial i kuddarna: VFT-stoppning (Vertical Fibre Technology), \u00f6verdrag av polyestertyg<br \/>\nStorlek p\u00e5 3-sitssoffan: 173 x 60 x 66 cm (L x B x H)<br \/>\nStorlek p\u00e5 fotpallen: 58 x 58 x 34 cm (L x B x H)<br \/>\nStorlek p\u00e5 soffbordet: 58 x 58 x 34 cm (L x B x H)<br \/>\nTotalvikt: 32,6 kg<br \/>\nMax. statisk belastningskapacitet f\u00f6r 3-sits soffan: 350 kg<br \/>\nMax. statisk belastningskapacitet f\u00f6r fotpallen: 150 kg<br \/>\nMax. statisk belastningskapacitet f\u00f6r bordet: 30 kg<\/p>\n","protected":false},"excerpt":{"rendered":"<p>SONGMICS tr\u00e4dg\u00e5rdsm\u00f6belset, 5 delar, av polyrotting, handfl\u00e4tat, tr\u00e4dg\u00e5rdssoffa, tr\u00e4dg\u00e5rdsbord med glasskiva, med kuddar, f\u00f6r utomhusbruk, tr\u00e4dg\u00e5rd, brun-beige GGF005K01<\/p>\n","protected":false},"featured_media":39874,"comment_status":"open","ping_status":"closed","template":"","meta":[],"product_brand":[],"product_cat":[33],"product_tag":[],"class_list":{"0":"post-11502","1":"product","2":"type-product","3":"status-publish","4":"has-post-thumbnail","6":"product_cat-okategoriserad","8":"first","9":"instock","10":"shipping-taxable","11":"purchasable","12":"product-type-simple"},"_links":{"self":[{"href":"https:\/\/nordicmart.andreevmaster.com\/sv\/wp-json\/wp\/v2\/product\/11502","targetHints":{"allow":["GET"]}}],"collection":[{"href":"https:\/\/nordicmart.andreevmaster.com\/sv\/wp-json\/wp\/v2\/product"}],"about":[{"href":"https:\/\/nordicmart.andreevmaster.com\/sv\/wp-json\/wp\/v2\/types\/product"}],"replies":[{"embeddable":true,"href":"https:\/\/nordicmart.andreevmaster.com\/sv\/wp-json\/wp\/v2\/comments?post=11502"}],"wp:featuredmedia":[{"embeddable":true,"href":"https:\/\/nordicmart.andreevmaster.com\/sv\/wp-json\/wp\/v2\/media\/39874"}],"wp:attachment":[{"href":"https:\/\/nordicmart.andreevmaster.com\/sv\/wp-json\/wp\/v2\/media?parent=11502"}],"wp:term":[{"taxonomy":"product_brand","embeddable":true,"href":"https:\/\/nordicmart.andreevmaster.com\/sv\/wp-json\/wp\/v2\/product_brand?post=11502"},{"taxonomy":"product_cat","embeddable":true,"href":"https:\/\/nordicmart.andreevmaster.com\/sv\/wp-json\/wp\/v2\/product_cat?post=11502"},{"taxonomy":"product_tag","embeddable":true,"href":"https:\/\/nordicmart.andreevmaster.com\/sv\/wp-json\/wp\/v2\/product_tag?post=11502"}],"curies":[{"name":"wp","href":"https:\/\/api.w.org\/{rel}","templated":true}]}}