{"id":11497,"date":"2026-02-27T00:10:43","date_gmt":"2026-02-27T00:10:43","guid":{"rendered":"https:\/\/nordicmart.andreevmaster.com\/product\/songmics-balkongmobler-av-pe-polyrotting-svartgra\/"},"modified":"2026-02-27T08:05:38","modified_gmt":"2026-02-27T08:05:38","slug":"songmics-balkongmobler-av-pe-polyrotting-svartgra","status":"publish","type":"product","link":"https:\/\/nordicmart.andreevmaster.com\/sv\/produkt\/songmics-balkongmobler-av-pe-polyrotting-svartgra\/","title":{"rendered":"SONGMICS balkongm\u00f6bler av PE-polyrotting svartgr\u00e5"},"content":{"rendered":"<p>SONGMICS balkongm\u00f6bler, tr\u00e4dg\u00e5rdsm\u00f6belset, av PE-polyrotting, loungeset, terrassm\u00f6bler, utomhus, f\u00f6r terrass, balkong, tr\u00e4dg\u00e5rd, brun-taupe GGF004K05<br \/>\nF\u00e4rg: brun-taupe<br \/>\nMaterial f\u00f6r stol, bord och soffa: Ram av galvaniserad metall, PE-polyrotting, h\u00e4rdat glas<br \/>\nMaterial i kuddar: VFT-stoppning (Vertical Fibre Technology), \u00f6verdrag av polyestertyg<br \/>\nStolens storlek: 56,5 x 54,5 x 81,5 cm (L x B x H)<br \/>\nStorlek soffa: 99 x 54,5 x 81,5 cm (L x B x H)<br \/>\nBordets m\u00e5tt: 71 x 41 x 39 cm (L x B x H)<br \/>\nTotalvikt: 25,4 kg<br \/>\nMax. statisk belastningskapacitet per stol: 150 kg<br \/>\nMax. statisk belastningskapacitet f\u00f6r soffan: 200 kg<br \/>\nMax. statisk belastningskapacitet f\u00f6r bordet: 30 kg<\/p>\n","protected":false},"excerpt":{"rendered":"<p>SONGMICS balkongm\u00f6bler, tr\u00e4dg\u00e5rdsm\u00f6belset, av PE-polyrotting, loungeset, terrassm\u00f6bler, utomhus, f\u00f6r terrass, balkong, tr\u00e4dg\u00e5rd, brun-taupe GGF004K05<\/p>\n","protected":false},"featured_media":39869,"comment_status":"open","ping_status":"closed","template":"","meta":[],"product_brand":[],"product_cat":[33],"product_tag":[],"class_list":{"0":"post-11497","1":"product","2":"type-product","3":"status-publish","4":"has-post-thumbnail","6":"product_cat-okategoriserad","8":"first","9":"instock","10":"shipping-taxable","11":"purchasable","12":"product-type-simple"},"_links":{"self":[{"href":"https:\/\/nordicmart.andreevmaster.com\/sv\/wp-json\/wp\/v2\/product\/11497","targetHints":{"allow":["GET"]}}],"collection":[{"href":"https:\/\/nordicmart.andreevmaster.com\/sv\/wp-json\/wp\/v2\/product"}],"about":[{"href":"https:\/\/nordicmart.andreevmaster.com\/sv\/wp-json\/wp\/v2\/types\/product"}],"replies":[{"embeddable":true,"href":"https:\/\/nordicmart.andreevmaster.com\/sv\/wp-json\/wp\/v2\/comments?post=11497"}],"wp:featuredmedia":[{"embeddable":true,"href":"https:\/\/nordicmart.andreevmaster.com\/sv\/wp-json\/wp\/v2\/media\/39869"}],"wp:attachment":[{"href":"https:\/\/nordicmart.andreevmaster.com\/sv\/wp-json\/wp\/v2\/media?parent=11497"}],"wp:term":[{"taxonomy":"product_brand","embeddable":true,"href":"https:\/\/nordicmart.andreevmaster.com\/sv\/wp-json\/wp\/v2\/product_brand?post=11497"},{"taxonomy":"product_cat","embeddable":true,"href":"https:\/\/nordicmart.andreevmaster.com\/sv\/wp-json\/wp\/v2\/product_cat?post=11497"},{"taxonomy":"product_tag","embeddable":true,"href":"https:\/\/nordicmart.andreevmaster.com\/sv\/wp-json\/wp\/v2\/product_tag?post=11497"}],"curies":[{"name":"wp","href":"https:\/\/api.w.org\/{rel}","templated":true}]}}