{"id":11495,"date":"2026-02-27T00:10:43","date_gmt":"2026-02-27T00:10:43","guid":{"rendered":"https:\/\/nordicmart.andreevmaster.com\/product\/songmics-tradgardsmobelset-3-delat\/"},"modified":"2026-02-27T08:05:38","modified_gmt":"2026-02-27T08:05:38","slug":"songmics-tradgardsmobelset-3-delat","status":"publish","type":"product","link":"https:\/\/nordicmart.andreevmaster.com\/sv\/produkt\/songmics-tradgardsmobelset-3-delat\/","title":{"rendered":"SONGMICS tr\u00e4dg\u00e5rdsm\u00f6belset 3-delat"},"content":{"rendered":"<p>Anv\u00e4nd denna tr\u00e4dg\u00e5rdsm\u00f6belset fr\u00e5n SONGMICS varje vacker sommardag f\u00f6r att titta p\u00e5 solnedg\u00e5ngen tillsammans med din b\u00e4ttre h\u00e4lft! Finns det n\u00e5got b\u00e4ttre s\u00e4tt att avsluta dagen? G\u00f6r det bekv\u00e4mt f\u00f6r dig: S\u00e4g adj\u00f6 till smala, obekv\u00e4ma stolar! Dessa tr\u00e4dg\u00e5rdsstolar har ut\u00e5tb\u00f6jda armst\u00f6d och ett ryggst\u00f6d som \u00e4r lutat mer \u00e4n 90\u00b0 f\u00f6r att anpassa sig efter din kroppsform och st\u00f6dja din ryggrad. Njut av din fritid utomhus: St\u00e4ll ut m\u00f6belsetet i tr\u00e4dg\u00e5rden eller p\u00e5 g\u00e5rden f\u00f6r att skapa en plats f\u00f6r avkoppling. Du kan l\u00e4sa en bok under en mysig eftermiddag, prata med en v\u00e4n i skuggan eller njuta av en behaglig sommarbris vid poolen. Med denna sittgrupp \u00e4r allt m\u00f6jligt! Produktdetaljer: &#8211; F\u00e4rg: brun-taupe &#8211; Material i stol och bord: ram av galvaniserad metall, PE-polyrotting, h\u00e5rt glas &#8211; Material i kuddar: VFT-stoppning (Vertical Fibre Technology), \u00f6verdrag av polyestertyg &#8211; Storlek stol: 56,5 x 54,5 x 81,5 cm (L x B x H) &#8211; Storlek bord: 40 x 40 x 45,5 cm (L x B x H) &#8211; Totalvikt: 16,3 kg &#8211; Max. statisk belastningskapacitet per stol: 150 kg &#8211; Max. statisk belastningskapacitet f\u00f6r bordet: 30 kg SONGMICS Anm\u00e4rkningar:- Vi rekommenderar att du t\u00e4cker \u00f6ver denna m\u00f6belset vid d\u00e5ligt v\u00e4der eller under vintern. Detta \u00f6kar dess livsl\u00e4ngd. &#8211; Reng\u00f6r dessa produkter endast med en fuktig trasa. &#8211; F\u00f6r att garantera s\u00e4ker anv\u00e4ndning f\u00e5r den maximala belastningskapaciteten inte \u00f6verskridas. &#8211; Dra inte \u00e5t skruvarna omedelbart vid montering. Dra \u00e5t dem f\u00f6rsiktigt f\u00f6rst efter att du har satt i alla skruvar. &#8211; Om produkten wacklar, justera skruvarna f\u00f6r att stabilisera produkten.<\/p>\n","protected":false},"excerpt":{"rendered":"<p>SONGMICS balkongm\u00f6bler, tr\u00e4dg\u00e5rdsm\u00f6belset, av PE-polyrotting, loungeset, bord och 2 stolar, terrassm\u00f6bler, utomhus, f\u00f6r terrass, balkong, tr\u00e4dg\u00e5rd, svart-taupe GGF003B01<\/p>\n","protected":false},"featured_media":39867,"comment_status":"open","ping_status":"closed","template":"","meta":[],"product_brand":[],"product_cat":[33],"product_tag":[],"class_list":{"0":"post-11495","1":"product","2":"type-product","3":"status-publish","4":"has-post-thumbnail","6":"product_cat-okategoriserad","8":"first","9":"instock","10":"shipping-taxable","11":"purchasable","12":"product-type-simple"},"_links":{"self":[{"href":"https:\/\/nordicmart.andreevmaster.com\/sv\/wp-json\/wp\/v2\/product\/11495","targetHints":{"allow":["GET"]}}],"collection":[{"href":"https:\/\/nordicmart.andreevmaster.com\/sv\/wp-json\/wp\/v2\/product"}],"about":[{"href":"https:\/\/nordicmart.andreevmaster.com\/sv\/wp-json\/wp\/v2\/types\/product"}],"replies":[{"embeddable":true,"href":"https:\/\/nordicmart.andreevmaster.com\/sv\/wp-json\/wp\/v2\/comments?post=11495"}],"wp:featuredmedia":[{"embeddable":true,"href":"https:\/\/nordicmart.andreevmaster.com\/sv\/wp-json\/wp\/v2\/media\/39867"}],"wp:attachment":[{"href":"https:\/\/nordicmart.andreevmaster.com\/sv\/wp-json\/wp\/v2\/media?parent=11495"}],"wp:term":[{"taxonomy":"product_brand","embeddable":true,"href":"https:\/\/nordicmart.andreevmaster.com\/sv\/wp-json\/wp\/v2\/product_brand?post=11495"},{"taxonomy":"product_cat","embeddable":true,"href":"https:\/\/nordicmart.andreevmaster.com\/sv\/wp-json\/wp\/v2\/product_cat?post=11495"},{"taxonomy":"product_tag","embeddable":true,"href":"https:\/\/nordicmart.andreevmaster.com\/sv\/wp-json\/wp\/v2\/product_tag?post=11495"}],"curies":[{"name":"wp","href":"https:\/\/api.w.org\/{rel}","templated":true}]}}