{"id":11494,"date":"2026-02-27T00:10:42","date_gmt":"2026-02-27T00:10:42","guid":{"rendered":"https:\/\/nordicmart.andreevmaster.com\/product\/songmics-tradgardsmobelset-i-pe-polyrotting-svartgra\/"},"modified":"2026-02-27T08:05:38","modified_gmt":"2026-02-27T08:05:38","slug":"songmics-tradgardsmobelset-i-pe-polyrotting-svartgra","status":"publish","type":"product","link":"https:\/\/nordicmart.andreevmaster.com\/sv\/produkt\/songmics-tradgardsmobelset-i-pe-polyrotting-svartgra\/","title":{"rendered":"SONGMICS tr\u00e4dg\u00e5rdsm\u00f6belset i PE-polyrotting svartgr\u00e5"},"content":{"rendered":"<p>SONGMICS balkongm\u00f6bler, tr\u00e4dg\u00e5rdsm\u00f6belset, av PE-polyrotting, loungeset, bord och 2 stolar, terrassm\u00f6bler, utomhus, f\u00f6r terrass, balkong, tr\u00e4dg\u00e5rd, svart-taupe GGF003B01<br \/>\nF\u00e4rg: Svart-gr\u00e5<br \/>\nMaterial i stol och bord: Stomme av galvaniserad metall, PE-polyrotting, h\u00e4rdat glas,<br \/>\nMaterial i kuddar: VFT-stoppning (Vertical Fibre Technology), \u00f6verdrag av polyestertyg<br \/>\nStolens storlek: 56,5 x 54,5 x 81,5 cm (L x B x H)<br \/>\nBordets m\u00e5tt: 40 x 40 x 45,5 cm (L x B x H)<br \/>\nTotalvikt: 16,3 kg<br \/>\nMax. statisk belastningskapacitet per stol: 150 kg<br \/>\nMax. statisk belastningskapacitet f\u00f6r bordet: 30 kg<\/p>\n","protected":false},"excerpt":{"rendered":"<p>SONGMICS balkongm\u00f6bler, tr\u00e4dg\u00e5rdsm\u00f6belset, av PE-polyrotting, loungeset, bord och 2 stolar, terrassm\u00f6bler, utomhus, f\u00f6r terrass, balkong, tr\u00e4dg\u00e5rd, svart-taupe GGF003B01<\/p>\n","protected":false},"featured_media":0,"comment_status":"open","ping_status":"closed","template":"","meta":[],"product_brand":[],"product_cat":[33],"product_tag":[],"class_list":{"0":"post-11494","1":"product","2":"type-product","3":"status-publish","5":"product_cat-okategoriserad","7":"first","8":"instock","9":"shipping-taxable","10":"purchasable","11":"product-type-simple"},"_links":{"self":[{"href":"https:\/\/nordicmart.andreevmaster.com\/sv\/wp-json\/wp\/v2\/product\/11494","targetHints":{"allow":["GET"]}}],"collection":[{"href":"https:\/\/nordicmart.andreevmaster.com\/sv\/wp-json\/wp\/v2\/product"}],"about":[{"href":"https:\/\/nordicmart.andreevmaster.com\/sv\/wp-json\/wp\/v2\/types\/product"}],"replies":[{"embeddable":true,"href":"https:\/\/nordicmart.andreevmaster.com\/sv\/wp-json\/wp\/v2\/comments?post=11494"}],"wp:attachment":[{"href":"https:\/\/nordicmart.andreevmaster.com\/sv\/wp-json\/wp\/v2\/media?parent=11494"}],"wp:term":[{"taxonomy":"product_brand","embeddable":true,"href":"https:\/\/nordicmart.andreevmaster.com\/sv\/wp-json\/wp\/v2\/product_brand?post=11494"},{"taxonomy":"product_cat","embeddable":true,"href":"https:\/\/nordicmart.andreevmaster.com\/sv\/wp-json\/wp\/v2\/product_cat?post=11494"},{"taxonomy":"product_tag","embeddable":true,"href":"https:\/\/nordicmart.andreevmaster.com\/sv\/wp-json\/wp\/v2\/product_tag?post=11494"}],"curies":[{"name":"wp","href":"https:\/\/api.w.org\/{rel}","templated":true}]}}