{"id":11493,"date":"2026-02-27T00:10:42","date_gmt":"2026-02-27T00:10:42","guid":{"rendered":"https:\/\/nordicmart.andreevmaster.com\/product\/songmics-tradgardsmobelset-med-bord-och-2-stolar\/"},"modified":"2026-02-27T08:05:38","modified_gmt":"2026-02-27T08:05:38","slug":"songmics-tradgardsmobelset-med-bord-och-2-stolar","status":"publish","type":"product","link":"https:\/\/nordicmart.andreevmaster.com\/sv\/produkt\/songmics-tradgardsmobelset-med-bord-och-2-stolar\/","title":{"rendered":"SONGMICS tr\u00e4dg\u00e5rdsm\u00f6belset med bord och 2 stolar"},"content":{"rendered":"<p>Produktdetaljer: F\u00e4rg: Svart-taupe Material p\u00e5 stol och bord: Ram av galvaniserad metall, PE-polyrotting, h\u00e4rdat glas Material p\u00e5 kuddar: VFT-stoppning (Vertical Fibre Technology), \u00f6verdrag av polyestertyg Storlek stol: 56,5 x 54,5 x 81,5 cm (L x B x H) Storlek bord: 40 x 40 x 45,5 cm (L x B x H) Totalvikt: 16,3 kg Max. statisk belastningskapacitet per stol: 150 kg Max. statisk belastningskapacitet f\u00f6r bordet: 30 kg Leveransomfattning: 2 x tr\u00e4dg\u00e5rdsstol 1 x tr\u00e4dg\u00e5rdsbord 2 x kudde 1 x tillbeh\u00f6rspaket 1 x bruksanvisning SONGMICS Anm\u00e4rkningar: Vi rekommenderar att du t\u00e4cker \u00f6ver denna m\u00f6belset vid d\u00e5ligt v\u00e4der eller under vintern. Detta \u00f6kar dess livsl\u00e4ngd. Reng\u00f6r endast dessa produkter med en fuktig trasa. F\u00f6r att garantera s\u00e4ker anv\u00e4ndning f\u00e5r den maximala belastningskapaciteten inte \u00f6verskridas. Dra inte \u00e5t skruvarna omedelbart vid montering. F\u00f6rst efter att du har satt i alla skruvar ska du dra \u00e5t dem f\u00f6rsiktigt. Om produkten wobblar, justera skruvarna f\u00f6r att stabilisera produkten.<\/p>\n","protected":false},"excerpt":{"rendered":"<p>SONGMICS balkongm\u00f6bler, tr\u00e4dg\u00e5rdsm\u00f6belset, av PE-polyrotting, loungeset, bord och 2 stolar, terrassm\u00f6bler, utomhus, f\u00f6r terrass, balkong, tr\u00e4dg\u00e5rd, svart-taupe GGF003B01<\/p>\n","protected":false},"featured_media":39866,"comment_status":"open","ping_status":"closed","template":"","meta":[],"product_brand":[],"product_cat":[33],"product_tag":[],"class_list":{"0":"post-11493","1":"product","2":"type-product","3":"status-publish","4":"has-post-thumbnail","6":"product_cat-okategoriserad","8":"first","9":"instock","10":"shipping-taxable","11":"purchasable","12":"product-type-simple"},"_links":{"self":[{"href":"https:\/\/nordicmart.andreevmaster.com\/sv\/wp-json\/wp\/v2\/product\/11493","targetHints":{"allow":["GET"]}}],"collection":[{"href":"https:\/\/nordicmart.andreevmaster.com\/sv\/wp-json\/wp\/v2\/product"}],"about":[{"href":"https:\/\/nordicmart.andreevmaster.com\/sv\/wp-json\/wp\/v2\/types\/product"}],"replies":[{"embeddable":true,"href":"https:\/\/nordicmart.andreevmaster.com\/sv\/wp-json\/wp\/v2\/comments?post=11493"}],"wp:featuredmedia":[{"embeddable":true,"href":"https:\/\/nordicmart.andreevmaster.com\/sv\/wp-json\/wp\/v2\/media\/39866"}],"wp:attachment":[{"href":"https:\/\/nordicmart.andreevmaster.com\/sv\/wp-json\/wp\/v2\/media?parent=11493"}],"wp:term":[{"taxonomy":"product_brand","embeddable":true,"href":"https:\/\/nordicmart.andreevmaster.com\/sv\/wp-json\/wp\/v2\/product_brand?post=11493"},{"taxonomy":"product_cat","embeddable":true,"href":"https:\/\/nordicmart.andreevmaster.com\/sv\/wp-json\/wp\/v2\/product_cat?post=11493"},{"taxonomy":"product_tag","embeddable":true,"href":"https:\/\/nordicmart.andreevmaster.com\/sv\/wp-json\/wp\/v2\/product_tag?post=11493"}],"curies":[{"name":"wp","href":"https:\/\/api.w.org\/{rel}","templated":true}]}}