{"id":11490,"date":"2026-02-27T00:10:41","date_gmt":"2026-02-27T00:10:41","guid":{"rendered":"https:\/\/nordicmart.andreevmaster.com\/product\/songmics-tradgardsmobelset-tradgardsbank-och-2-gungstolar-med-bord-black-svart\/"},"modified":"2026-02-27T08:05:37","modified_gmt":"2026-02-27T08:05:37","slug":"songmics-tradgardsmobelset-tradgardsbank-och-2-gungstolar-med-bord-black-svart","status":"publish","type":"product","link":"https:\/\/nordicmart.andreevmaster.com\/sv\/produkt\/songmics-tradgardsmobelset-tradgardsbank-och-2-gungstolar-med-bord-black-svart\/","title":{"rendered":"SONGMICS tr\u00e4dg\u00e5rdsm\u00f6belset tr\u00e4dg\u00e5rdsb\u00e4nk och 2 gungstolar med bord bl\u00e4ck svart"},"content":{"rendered":"<p>SONGMICS tr\u00e4dg\u00e5rdsm\u00f6belset, balkongm\u00f6bler, 2 gungstolar med bord, tr\u00e4dg\u00e5rdsb\u00e4nk, st\u00e5l, terrassm\u00f6bler, med armst\u00f6d, andningsbart syntetfibertyg, terrass, balkong, tr\u00e4dg\u00e5rd, bl\u00e4ck svart GGF0028B01<br \/>\nF\u00e4rg: bl\u00e4ck svart<br \/>\nMaterial: Konstfiberv\u00e4v, pulverlackerat st\u00e5l<br \/>\nBordets storlek: 47,1 x 69,6 x 41,8 cm (D x B x H)<br \/>\nStorlek per stol: 73 x 60,8 x 76 cm (D x B x H)<br \/>\nStorlek balkongb\u00e4nk (med justerbara f\u00f6tter): 73 x 113,4 x 74 cm (D x B x H)<br \/>\nTotalvikt: 23,6 kg<br \/>\nMax. statisk belastningskapacitet per sittplats: 110 kg<\/p>\n","protected":false},"excerpt":{"rendered":"<p>SONGMICS tr\u00e4dg\u00e5rdsm\u00f6belset, balkongm\u00f6bler, 2 gungstolar med bord, tr\u00e4dg\u00e5rdsb\u00e4nk, st\u00e5l, terrassm\u00f6bler, med armst\u00f6d, andningsbart syntetfibertyg, terrass, balkong, tr\u00e4dg\u00e5rd, bl\u00e4ck svart GGF0028B01<\/p>\n","protected":false},"featured_media":39863,"comment_status":"open","ping_status":"closed","template":"","meta":[],"product_brand":[],"product_cat":[33],"product_tag":[],"class_list":{"0":"post-11490","1":"product","2":"type-product","3":"status-publish","4":"has-post-thumbnail","6":"product_cat-okategoriserad","8":"first","9":"instock","10":"shipping-taxable","11":"purchasable","12":"product-type-simple"},"_links":{"self":[{"href":"https:\/\/nordicmart.andreevmaster.com\/sv\/wp-json\/wp\/v2\/product\/11490","targetHints":{"allow":["GET"]}}],"collection":[{"href":"https:\/\/nordicmart.andreevmaster.com\/sv\/wp-json\/wp\/v2\/product"}],"about":[{"href":"https:\/\/nordicmart.andreevmaster.com\/sv\/wp-json\/wp\/v2\/types\/product"}],"replies":[{"embeddable":true,"href":"https:\/\/nordicmart.andreevmaster.com\/sv\/wp-json\/wp\/v2\/comments?post=11490"}],"wp:featuredmedia":[{"embeddable":true,"href":"https:\/\/nordicmart.andreevmaster.com\/sv\/wp-json\/wp\/v2\/media\/39863"}],"wp:attachment":[{"href":"https:\/\/nordicmart.andreevmaster.com\/sv\/wp-json\/wp\/v2\/media?parent=11490"}],"wp:term":[{"taxonomy":"product_brand","embeddable":true,"href":"https:\/\/nordicmart.andreevmaster.com\/sv\/wp-json\/wp\/v2\/product_brand?post=11490"},{"taxonomy":"product_cat","embeddable":true,"href":"https:\/\/nordicmart.andreevmaster.com\/sv\/wp-json\/wp\/v2\/product_cat?post=11490"},{"taxonomy":"product_tag","embeddable":true,"href":"https:\/\/nordicmart.andreevmaster.com\/sv\/wp-json\/wp\/v2\/product_tag?post=11490"}],"curies":[{"name":"wp","href":"https:\/\/api.w.org\/{rel}","templated":true}]}}