{"id":11488,"date":"2026-02-27T00:10:41","date_gmt":"2026-02-27T00:10:41","guid":{"rendered":"https:\/\/nordicmart.andreevmaster.com\/product\/songmics-tradgardsbank-i-pe-rotting-70-x-1385-x-79-cm-black-svart\/"},"modified":"2026-02-27T08:05:37","modified_gmt":"2026-02-27T08:05:37","slug":"songmics-tradgardsbank-i-pe-rotting-70-x-1385-x-79-cm-black-svart","status":"publish","type":"product","link":"https:\/\/nordicmart.andreevmaster.com\/sv\/produkt\/songmics-tradgardsbank-i-pe-rotting-70-x-1385-x-79-cm-black-svart\/","title":{"rendered":"SONGMICS tr\u00e4dg\u00e5rdsb\u00e4nk i PE-rotting 70 x 138,5 x 79 cm bl\u00e4ck svart"},"content":{"rendered":"<p>SONGMICS tr\u00e4dg\u00e5rdsb\u00e4nk, 2-sits, balkongb\u00e4nk, tr\u00e4dg\u00e5rdsm\u00f6bler av PE-rotting, tr\u00e4dg\u00e5rdsstol med ryggst\u00f6d, 70 x 138,5 x 79 cm, f\u00f6r terrass, tr\u00e4dg\u00e5rd, balkong, utomhus, bl\u00e4ck svart GGF0026B01<br \/>\nF\u00e4rg: bl\u00e4ck svart<br \/>\nMaterial: PE-rotting (polyeten), st\u00e5l<br \/>\nStorlek: 70 x 138,5 x 79 cm (D x B x H)<br \/>\nVikt: 6,5 kg<br \/>\nMax. statisk belastningskapacitet: 135 kg<\/p>\n","protected":false},"excerpt":{"rendered":"<p>SONGMICS tr\u00e4dg\u00e5rdsb\u00e4nk, 2-sits, balkongb\u00e4nk, tr\u00e4dg\u00e5rdsm\u00f6bler av PE-rotting, tr\u00e4dg\u00e5rdsstol med ryggst\u00f6d, 70 x 138,5 x 79 cm, f\u00f6r terrass, tr\u00e4dg\u00e5rd, balkong, utomhus, bl\u00e4ck svart GGF0026B01<\/p>\n","protected":false},"featured_media":39861,"comment_status":"open","ping_status":"closed","template":"","meta":[],"product_brand":[],"product_cat":[33],"product_tag":[],"class_list":{"0":"post-11488","1":"product","2":"type-product","3":"status-publish","4":"has-post-thumbnail","6":"product_cat-okategoriserad","8":"first","9":"instock","10":"shipping-taxable","11":"purchasable","12":"product-type-simple"},"_links":{"self":[{"href":"https:\/\/nordicmart.andreevmaster.com\/sv\/wp-json\/wp\/v2\/product\/11488","targetHints":{"allow":["GET"]}}],"collection":[{"href":"https:\/\/nordicmart.andreevmaster.com\/sv\/wp-json\/wp\/v2\/product"}],"about":[{"href":"https:\/\/nordicmart.andreevmaster.com\/sv\/wp-json\/wp\/v2\/types\/product"}],"replies":[{"embeddable":true,"href":"https:\/\/nordicmart.andreevmaster.com\/sv\/wp-json\/wp\/v2\/comments?post=11488"}],"wp:featuredmedia":[{"embeddable":true,"href":"https:\/\/nordicmart.andreevmaster.com\/sv\/wp-json\/wp\/v2\/media\/39861"}],"wp:attachment":[{"href":"https:\/\/nordicmart.andreevmaster.com\/sv\/wp-json\/wp\/v2\/media?parent=11488"}],"wp:term":[{"taxonomy":"product_brand","embeddable":true,"href":"https:\/\/nordicmart.andreevmaster.com\/sv\/wp-json\/wp\/v2\/product_brand?post=11488"},{"taxonomy":"product_cat","embeddable":true,"href":"https:\/\/nordicmart.andreevmaster.com\/sv\/wp-json\/wp\/v2\/product_cat?post=11488"},{"taxonomy":"product_tag","embeddable":true,"href":"https:\/\/nordicmart.andreevmaster.com\/sv\/wp-json\/wp\/v2\/product_tag?post=11488"}],"curies":[{"name":"wp","href":"https:\/\/api.w.org\/{rel}","templated":true}]}}