{"id":11486,"date":"2026-02-27T00:10:41","date_gmt":"2026-02-27T00:10:41","guid":{"rendered":"https:\/\/nordicmart.andreevmaster.com\/product\/songmics-tradgardsmobelset-i-polyrotting\/"},"modified":"2026-02-27T08:05:37","modified_gmt":"2026-02-27T08:05:37","slug":"songmics-tradgardsmobelset-i-polyrotting","status":"publish","type":"product","link":"https:\/\/nordicmart.andreevmaster.com\/sv\/produkt\/songmics-tradgardsmobelset-i-polyrotting\/","title":{"rendered":"SONGMICS tr\u00e4dg\u00e5rdsm\u00f6belset i polyrotting"},"content":{"rendered":"<p>Extremt stabil bordsskiva Bordsskivan p\u00e5 sidobordet \u00e4r tillverkad av h\u00e4rdat glas. Den \u00e4r fixerad med gummikuddar och erbjuder en stabil yta f\u00f6r kalla drycker p\u00e5 sommaren. Ergonomisk design Ryggst\u00f6det och armst\u00f6den p\u00e5 stolarna \u00e4r l\u00e4tt b\u00f6jda och anpassar sig efter din kroppsform f\u00f6r att garantera en s\u00e4rskilt bekv\u00e4m sittupplevelse. Avtagbara kudd\u00f6verdrag \u00d6verdragen p\u00e5 sittkuddarna kan tas av och tv\u00e4ttas i maskin.<\/p>\n","protected":false},"excerpt":{"rendered":"<p>SONGMICS Tr\u00e4dg\u00e5rdsm\u00f6belset i polyrotting, loungeset, i rottinglook, terrassm\u00f6bler, balkongm\u00f6bler, f\u00f6r terrass, tr\u00e4dg\u00e5rd, balkong, brunbeige GGF001K02<\/p>\n","protected":false},"featured_media":39859,"comment_status":"open","ping_status":"closed","template":"","meta":[],"product_brand":[],"product_cat":[33],"product_tag":[],"class_list":{"0":"post-11486","1":"product","2":"type-product","3":"status-publish","4":"has-post-thumbnail","6":"product_cat-okategoriserad","8":"first","9":"instock","10":"shipping-taxable","11":"purchasable","12":"product-type-simple"},"_links":{"self":[{"href":"https:\/\/nordicmart.andreevmaster.com\/sv\/wp-json\/wp\/v2\/product\/11486","targetHints":{"allow":["GET"]}}],"collection":[{"href":"https:\/\/nordicmart.andreevmaster.com\/sv\/wp-json\/wp\/v2\/product"}],"about":[{"href":"https:\/\/nordicmart.andreevmaster.com\/sv\/wp-json\/wp\/v2\/types\/product"}],"replies":[{"embeddable":true,"href":"https:\/\/nordicmart.andreevmaster.com\/sv\/wp-json\/wp\/v2\/comments?post=11486"}],"wp:featuredmedia":[{"embeddable":true,"href":"https:\/\/nordicmart.andreevmaster.com\/sv\/wp-json\/wp\/v2\/media\/39859"}],"wp:attachment":[{"href":"https:\/\/nordicmart.andreevmaster.com\/sv\/wp-json\/wp\/v2\/media?parent=11486"}],"wp:term":[{"taxonomy":"product_brand","embeddable":true,"href":"https:\/\/nordicmart.andreevmaster.com\/sv\/wp-json\/wp\/v2\/product_brand?post=11486"},{"taxonomy":"product_cat","embeddable":true,"href":"https:\/\/nordicmart.andreevmaster.com\/sv\/wp-json\/wp\/v2\/product_cat?post=11486"},{"taxonomy":"product_tag","embeddable":true,"href":"https:\/\/nordicmart.andreevmaster.com\/sv\/wp-json\/wp\/v2\/product_tag?post=11486"}],"curies":[{"name":"wp","href":"https:\/\/api.w.org\/{rel}","templated":true}]}}