{"id":11481,"date":"2026-02-27T00:10:40","date_gmt":"2026-02-27T00:10:40","guid":{"rendered":"https:\/\/nordicmart.andreevmaster.com\/product\/songmics-tradgardsgrind-tradgardsdorr-galvaniserat-stal\/"},"modified":"2026-02-27T08:05:36","modified_gmt":"2026-02-27T08:05:36","slug":"songmics-tradgardsgrind-tradgardsdorr-galvaniserat-stal","status":"publish","type":"product","link":"https:\/\/nordicmart.andreevmaster.com\/sv\/produkt\/songmics-tradgardsgrind-tradgardsdorr-galvaniserat-stal\/","title":{"rendered":"SONGMICS tr\u00e4dg\u00e5rdsgrind, tr\u00e4dg\u00e5rdsd\u00f6rr, galvaniserat st\u00e5l"},"content":{"rendered":"<p>SONGMICS tr\u00e4dg\u00e5rdsgrind tr\u00e4dg\u00e5rdsd\u00f6rr st\u00e4ngselgrind inkl. l\u00e5s och 3 nycklar gr\u00f6n GGD150G<br \/>\nProduktdetaljer:<br \/>\n&#8211; F\u00e4rg: Gr\u00f6n<br \/>\n&#8211; Material: F\u00f6rzinkat st\u00e5l, PP-plastgrepp, metallnyckel, aluminiumcylinder<br \/>\n&#8211; Storlek \u00f6ver marken: 106 x 90 cm (B x H)<br \/>\n&#8211; Total storlek: 106 x 6 x 145 cm (L x B x H)<br \/>\n&#8211; D\u00f6rrens storlek: 87 x 90 cm (L x H)<br \/>\n&#8211; Stolpens h\u00f6jd: 145 cm<br \/>\n&#8211; Stolpens diameter: 60 mm<br \/>\n&#8211; D\u00f6rrkarmsr\u00f6rets diameter: 40 mm<br \/>\n&#8211; Diameter p\u00e5 tr\u00e5dn\u00e4t: 4 mm<br \/>\n&#8211; Storlek p\u00e5 gallermaskor: 50 x 50 mm<br \/>\n&#8211; Vikt: 15 kg<\/p>\n<p>Leveransomfattning:<br \/>\n&#8211; Paket 1<br \/>\n&#8211; 1 x tr\u00e4dg\u00e5rdsgrind<br \/>\n&#8211; 1 x tillbeh\u00f6rspaket<br \/>\n&#8211; 1 x bruksanvisning<br \/>\n&#8211; Paket 2<br \/>\n&#8211; 2 x d\u00f6rrpost<\/p>\n<p>SONGMICS Anm\u00e4rkningar:<br \/>\n&#8211; Montera stolpen med g\u00e5ngj\u00e4rnen p\u00e5 v\u00e4nster sida om du vill att d\u00f6rren ska \u00f6ppnas mot dig.<br \/>\n&#8211; Se till att de tv\u00e5 d\u00f6rrposterna st\u00e5r vertikalt och p\u00e5 samma h\u00f6jd.<br \/>\n&#8211; F\u00f6rvara alla tillbeh\u00f6r noggrant under monteringen f\u00f6r att undvika besv\u00e4r p\u00e5 grund av f\u00f6rlust.<br \/>\n&#8211; Monteringen b\u00f6r utf\u00f6ras av tv\u00e5 vuxna personer.<\/p>\n","protected":false},"excerpt":{"rendered":"<p>SONGMICS tr\u00e4dg\u00e5rdsgrind tr\u00e4dg\u00e5rdsd\u00f6rr st\u00e4ngselgrind inkl. l\u00e5s och 3 nycklar gr\u00f6n GGD150G<\/p>\n","protected":false},"featured_media":39854,"comment_status":"open","ping_status":"closed","template":"","meta":[],"product_brand":[],"product_cat":[33],"product_tag":[],"class_list":{"0":"post-11481","1":"product","2":"type-product","3":"status-publish","4":"has-post-thumbnail","6":"product_cat-okategoriserad","8":"first","9":"instock","10":"shipping-taxable","11":"purchasable","12":"product-type-simple"},"_links":{"self":[{"href":"https:\/\/nordicmart.andreevmaster.com\/sv\/wp-json\/wp\/v2\/product\/11481","targetHints":{"allow":["GET"]}}],"collection":[{"href":"https:\/\/nordicmart.andreevmaster.com\/sv\/wp-json\/wp\/v2\/product"}],"about":[{"href":"https:\/\/nordicmart.andreevmaster.com\/sv\/wp-json\/wp\/v2\/types\/product"}],"replies":[{"embeddable":true,"href":"https:\/\/nordicmart.andreevmaster.com\/sv\/wp-json\/wp\/v2\/comments?post=11481"}],"wp:featuredmedia":[{"embeddable":true,"href":"https:\/\/nordicmart.andreevmaster.com\/sv\/wp-json\/wp\/v2\/media\/39854"}],"wp:attachment":[{"href":"https:\/\/nordicmart.andreevmaster.com\/sv\/wp-json\/wp\/v2\/media?parent=11481"}],"wp:term":[{"taxonomy":"product_brand","embeddable":true,"href":"https:\/\/nordicmart.andreevmaster.com\/sv\/wp-json\/wp\/v2\/product_brand?post=11481"},{"taxonomy":"product_cat","embeddable":true,"href":"https:\/\/nordicmart.andreevmaster.com\/sv\/wp-json\/wp\/v2\/product_cat?post=11481"},{"taxonomy":"product_tag","embeddable":true,"href":"https:\/\/nordicmart.andreevmaster.com\/sv\/wp-json\/wp\/v2\/product_tag?post=11481"}],"curies":[{"name":"wp","href":"https:\/\/api.w.org\/{rel}","templated":true}]}}