{"id":11480,"date":"2026-02-27T00:10:39","date_gmt":"2026-02-27T00:10:39","guid":{"rendered":"https:\/\/nordicmart.andreevmaster.com\/product\/songmics-liten-tradgardsgrind-i-metall\/"},"modified":"2026-02-27T08:05:36","modified_gmt":"2026-02-27T08:05:36","slug":"songmics-liten-tradgardsgrind-i-metall","status":"publish","type":"product","link":"https:\/\/nordicmart.andreevmaster.com\/sv\/produkt\/songmics-liten-tradgardsgrind-i-metall\/","title":{"rendered":"SONGMICS liten tr\u00e4dg\u00e5rdsgrind i metall"},"content":{"rendered":"<p>SONGMICS tr\u00e4dg\u00e5rdsgrind i galvaniserat st\u00e5l, tr\u00e4dg\u00e5rdsd\u00f6rr, st\u00e4ngselgrind, g\u00e5rdsgrind, med l\u00e5s, d\u00f6rrhandtag och nyckel, 106 x 100 cm (L x H), gr\u00e5 GGD350G<br \/>\n&#8211; F\u00e4rg: Gr\u00e5<br \/>\n&#8211; Material: Pulverlackerat galvaniserat st\u00e5l, aluminium, koppar<br \/>\n&#8211; Storlek \u00f6ver marken: 106 x 90 cm (B x H)<br \/>\n&#8211; Total storlek: 106 x 6 x 145 cm (L x B x H)<br \/>\n&#8211; D\u00f6rrens storlek: 87 x 90 cm (L x H)<br \/>\n&#8211; Stolpens h\u00f6jd: 145 cm<br \/>\n&#8211; Vikt: 21,1 kg<\/p>\n","protected":false},"excerpt":{"rendered":"<p>SONGMICS tr\u00e4dg\u00e5rdsgrind i galvaniserat st\u00e5l, tr\u00e4dg\u00e5rdsd\u00f6rr, st\u00e4ngselgrind, g\u00e5rdsgrind, med l\u00e5s, d\u00f6rrhandtag och nyckel, 106 x 100 cm (L x H), gr\u00e5 GGD350G<\/p>\n","protected":false},"featured_media":39853,"comment_status":"open","ping_status":"closed","template":"","meta":[],"product_brand":[],"product_cat":[33],"product_tag":[],"class_list":{"0":"post-11480","1":"product","2":"type-product","3":"status-publish","4":"has-post-thumbnail","6":"product_cat-okategoriserad","8":"first","9":"instock","10":"shipping-taxable","11":"purchasable","12":"product-type-simple"},"_links":{"self":[{"href":"https:\/\/nordicmart.andreevmaster.com\/sv\/wp-json\/wp\/v2\/product\/11480","targetHints":{"allow":["GET"]}}],"collection":[{"href":"https:\/\/nordicmart.andreevmaster.com\/sv\/wp-json\/wp\/v2\/product"}],"about":[{"href":"https:\/\/nordicmart.andreevmaster.com\/sv\/wp-json\/wp\/v2\/types\/product"}],"replies":[{"embeddable":true,"href":"https:\/\/nordicmart.andreevmaster.com\/sv\/wp-json\/wp\/v2\/comments?post=11480"}],"wp:featuredmedia":[{"embeddable":true,"href":"https:\/\/nordicmart.andreevmaster.com\/sv\/wp-json\/wp\/v2\/media\/39853"}],"wp:attachment":[{"href":"https:\/\/nordicmart.andreevmaster.com\/sv\/wp-json\/wp\/v2\/media?parent=11480"}],"wp:term":[{"taxonomy":"product_brand","embeddable":true,"href":"https:\/\/nordicmart.andreevmaster.com\/sv\/wp-json\/wp\/v2\/product_brand?post=11480"},{"taxonomy":"product_cat","embeddable":true,"href":"https:\/\/nordicmart.andreevmaster.com\/sv\/wp-json\/wp\/v2\/product_cat?post=11480"},{"taxonomy":"product_tag","embeddable":true,"href":"https:\/\/nordicmart.andreevmaster.com\/sv\/wp-json\/wp\/v2\/product_tag?post=11480"}],"curies":[{"name":"wp","href":"https:\/\/api.w.org\/{rel}","templated":true}]}}