{"id":11479,"date":"2026-02-27T00:10:39","date_gmt":"2026-02-27T00:10:39","guid":{"rendered":"https:\/\/nordicmart.andreevmaster.com\/product\/songmics-dubbelgrind-tradgardsdorr-tradgardsgrind-inkl\/"},"modified":"2026-02-27T08:05:36","modified_gmt":"2026-02-27T08:05:36","slug":"songmics-dubbelgrind-tradgardsdorr-tradgardsgrind-inkl","status":"publish","type":"product","link":"https:\/\/nordicmart.andreevmaster.com\/sv\/produkt\/songmics-dubbelgrind-tradgardsdorr-tradgardsgrind-inkl\/","title":{"rendered":"SONGMICS Dubbelgrind Tr\u00e4dg\u00e5rdsd\u00f6rr Tr\u00e4dg\u00e5rdsgrind Inkl"},"content":{"rendered":"<p>SONGMICS Dubbelgrind Tr\u00e4dg\u00e5rdsgrind Tr\u00e4dg\u00e5rdsgrind Inkl. l\u00e5s och 3 nycklar 100 x 320 cm GGD300G<br \/>\n&#8211; F\u00e4rg: Gr\u00f6n<br \/>\n&#8211; Material: F\u00f6rzinkat st\u00e5l<br \/>\n&#8211; Storlek \u00f6ver marken: 310 x 100 cm (B x H)<br \/>\n&#8211; Total storlek: 310 x 6 x 150 cm (L x B x H)<br \/>\n&#8211; V\u00e4ggtjocklek p\u00e5 grindstolpen: 1,5 mm<br \/>\n&#8211; Stolpens h\u00f6jd: 150 cm<br \/>\n&#8211; Diameter p\u00e5 m\u00e5lstolpen: 60 mm<br \/>\n&#8211; Diameter p\u00e5 st\u00e5ltr\u00e5den: 4 mm<br \/>\n&#8211; Bredd p\u00e5 m\u00e5lplattan: 290 cm<br \/>\n&#8211; H\u00f6jd p\u00e5 grindplattan: 100 cm<br \/>\n&#8211; Maskstorlek: 50 x 50 mm<br \/>\n&#8211; Vikt: 37 kg<\/p>\n","protected":false},"excerpt":{"rendered":"<p>SONGMICS Dubbelgrind Tr\u00e4dg\u00e5rdsgrind Tr\u00e4dg\u00e5rdsgrind Inkl. l\u00e5s och 3 nycklar 100 x 320 cm GGD300G<\/p>\n","protected":false},"featured_media":39852,"comment_status":"open","ping_status":"closed","template":"","meta":[],"product_brand":[],"product_cat":[33],"product_tag":[],"class_list":{"0":"post-11479","1":"product","2":"type-product","3":"status-publish","4":"has-post-thumbnail","6":"product_cat-okategoriserad","8":"first","9":"instock","10":"shipping-taxable","11":"purchasable","12":"product-type-simple"},"_links":{"self":[{"href":"https:\/\/nordicmart.andreevmaster.com\/sv\/wp-json\/wp\/v2\/product\/11479","targetHints":{"allow":["GET"]}}],"collection":[{"href":"https:\/\/nordicmart.andreevmaster.com\/sv\/wp-json\/wp\/v2\/product"}],"about":[{"href":"https:\/\/nordicmart.andreevmaster.com\/sv\/wp-json\/wp\/v2\/types\/product"}],"replies":[{"embeddable":true,"href":"https:\/\/nordicmart.andreevmaster.com\/sv\/wp-json\/wp\/v2\/comments?post=11479"}],"wp:featuredmedia":[{"embeddable":true,"href":"https:\/\/nordicmart.andreevmaster.com\/sv\/wp-json\/wp\/v2\/media\/39852"}],"wp:attachment":[{"href":"https:\/\/nordicmart.andreevmaster.com\/sv\/wp-json\/wp\/v2\/media?parent=11479"}],"wp:term":[{"taxonomy":"product_brand","embeddable":true,"href":"https:\/\/nordicmart.andreevmaster.com\/sv\/wp-json\/wp\/v2\/product_brand?post=11479"},{"taxonomy":"product_cat","embeddable":true,"href":"https:\/\/nordicmart.andreevmaster.com\/sv\/wp-json\/wp\/v2\/product_cat?post=11479"},{"taxonomy":"product_tag","embeddable":true,"href":"https:\/\/nordicmart.andreevmaster.com\/sv\/wp-json\/wp\/v2\/product_tag?post=11479"}],"curies":[{"name":"wp","href":"https:\/\/api.w.org\/{rel}","templated":true}]}}