{"id":11476,"date":"2026-02-27T00:10:38","date_gmt":"2026-02-27T00:10:38","guid":{"rendered":"https:\/\/nordicmart.andreevmaster.com\/product\/songmics-tradgardsgrind-med-las\/"},"modified":"2026-02-27T08:05:35","modified_gmt":"2026-02-27T08:05:35","slug":"songmics-tradgardsgrind-med-las","status":"publish","type":"product","link":"https:\/\/nordicmart.andreevmaster.com\/sv\/produkt\/songmics-tradgardsgrind-med-las\/","title":{"rendered":"SONGMICS tr\u00e4dg\u00e5rdsgrind med l\u00e5s"},"content":{"rendered":"<p>SONGMICS tr\u00e4dg\u00e5rdsgrind av galvaniserat j\u00e4rn, tr\u00e4dg\u00e5rdsd\u00f6rr, staketgrind, g\u00e5rdsgrind, robust och h\u00e5llbar, med kvalitetsl\u00e5s, d\u00f6rrhandtag och nyckel, 106 x 150 cm (L x H), gr\u00e5 GGD200GY<br \/>\n&#8211; F\u00e4rg: Gr\u00f6n<br \/>\n&#8211; Material: F\u00f6rzinkat st\u00e5l, PP-plastgrepp, metallnyckel, aluminiumcylinderl\u00e5s<br \/>\n&#8211; Storlek \u00f6ver marken: 106 x 150 cm (B x H)<br \/>\n&#8211; Total storlek: 106 x 6 x 200 cm (L x B x H)<br \/>\n&#8211; D\u00f6rrens storlek: 87 x 150 cm (L x H)<br \/>\n&#8211; Stolpens h\u00f6jd: 200 cm<br \/>\n&#8211; Stolpens diameter: 60 mm<br \/>\n&#8211; D\u00f6rrkarmens diameter: 40 mm<br \/>\n&#8211; Diameter p\u00e5 tr\u00e5dn\u00e4t: 4 mm<br \/>\n&#8211; Storlek p\u00e5 gallermaskor: 200 x 50 mm<br \/>\n&#8211; Vikt: 21,1 kg<\/p>\n","protected":false},"excerpt":{"rendered":"<p>SONGMICS tr\u00e4dg\u00e5rdsgrind av galvaniserat j\u00e4rn, tr\u00e4dg\u00e5rdsd\u00f6rr, staketgrind, g\u00e5rdsgrind, robust och h\u00e5llbar, med kvalitetsl\u00e5s, d\u00f6rrhandtag och nyckel, 106 x 150 cm (L x H), gr\u00e5 GGD200GY<\/p>\n","protected":false},"featured_media":39849,"comment_status":"open","ping_status":"closed","template":"","meta":[],"product_brand":[],"product_cat":[33],"product_tag":[],"class_list":{"0":"post-11476","1":"product","2":"type-product","3":"status-publish","4":"has-post-thumbnail","6":"product_cat-okategoriserad","8":"first","9":"instock","10":"shipping-taxable","11":"purchasable","12":"product-type-simple"},"_links":{"self":[{"href":"https:\/\/nordicmart.andreevmaster.com\/sv\/wp-json\/wp\/v2\/product\/11476","targetHints":{"allow":["GET"]}}],"collection":[{"href":"https:\/\/nordicmart.andreevmaster.com\/sv\/wp-json\/wp\/v2\/product"}],"about":[{"href":"https:\/\/nordicmart.andreevmaster.com\/sv\/wp-json\/wp\/v2\/types\/product"}],"replies":[{"embeddable":true,"href":"https:\/\/nordicmart.andreevmaster.com\/sv\/wp-json\/wp\/v2\/comments?post=11476"}],"wp:featuredmedia":[{"embeddable":true,"href":"https:\/\/nordicmart.andreevmaster.com\/sv\/wp-json\/wp\/v2\/media\/39849"}],"wp:attachment":[{"href":"https:\/\/nordicmart.andreevmaster.com\/sv\/wp-json\/wp\/v2\/media?parent=11476"}],"wp:term":[{"taxonomy":"product_brand","embeddable":true,"href":"https:\/\/nordicmart.andreevmaster.com\/sv\/wp-json\/wp\/v2\/product_brand?post=11476"},{"taxonomy":"product_cat","embeddable":true,"href":"https:\/\/nordicmart.andreevmaster.com\/sv\/wp-json\/wp\/v2\/product_cat?post=11476"},{"taxonomy":"product_tag","embeddable":true,"href":"https:\/\/nordicmart.andreevmaster.com\/sv\/wp-json\/wp\/v2\/product_tag?post=11476"}],"curies":[{"name":"wp","href":"https:\/\/api.w.org\/{rel}","templated":true}]}}