{"id":11470,"date":"2026-02-27T00:10:37","date_gmt":"2026-02-27T00:10:37","guid":{"rendered":"https:\/\/nordicmart.andreevmaster.com\/product\/songmics-tradgardsgrind-av-galvaniserat-stal\/"},"modified":"2026-02-27T08:05:34","modified_gmt":"2026-02-27T08:05:34","slug":"songmics-tradgardsgrind-av-galvaniserat-stal","status":"publish","type":"product","link":"https:\/\/nordicmart.andreevmaster.com\/sv\/produkt\/songmics-tradgardsgrind-av-galvaniserat-stal\/","title":{"rendered":"SONGMICS tr\u00e4dg\u00e5rdsgrind av galvaniserat st\u00e5l"},"content":{"rendered":"<p>SONGMICS tr\u00e4dg\u00e5rdsgrind tr\u00e4dg\u00e5rdsd\u00f6rr staketgrind inkl. l\u00e5s och 3 nycklar gr\u00f6n GGD150G<br \/>\n&#8211; F\u00e4rg: Gr\u00f6n<br \/>\n&#8211; Material: F\u00f6rzinkat st\u00e5l, PP-plastgrepp, metallnyckel, aluminiumcylinderl\u00e5s<br \/>\n&#8211; Storlek \u00f6ver marken: 106 x 100 cm (B x H)<br \/>\n&#8211; Total storlek: 106 x 6 x 150 cm (L x B x H)<br \/>\n&#8211; D\u00f6rrens storlek: 87 x 90 cm (L x H)<br \/>\n&#8211; Stolpens h\u00f6jd: 150 cm<br \/>\n&#8211; Stolpens diameter: 60 mm<br \/>\n&#8211; D\u00f6rrkarmsr\u00f6rets diameter: 40 mm<br \/>\n&#8211; Diameter p\u00e5 tr\u00e5dn\u00e4t: 4 mm<br \/>\n&#8211; Storlek p\u00e5 gallermaskor: 50 x 50 mm<br \/>\n&#8211; Vikt: 16,8 kg<\/p>\n","protected":false},"excerpt":{"rendered":"<p>SONGMICS tr\u00e4dg\u00e5rdsgrind tr\u00e4dg\u00e5rdsd\u00f6rr staketgrind inkl. l\u00e5s och 3 nycklar gr\u00f6n GGD150G<\/p>\n","protected":false},"featured_media":39843,"comment_status":"open","ping_status":"closed","template":"","meta":[],"product_brand":[],"product_cat":[33],"product_tag":[],"class_list":{"0":"post-11470","1":"product","2":"type-product","3":"status-publish","4":"has-post-thumbnail","6":"product_cat-okategoriserad","8":"first","9":"instock","10":"shipping-taxable","11":"purchasable","12":"product-type-simple"},"_links":{"self":[{"href":"https:\/\/nordicmart.andreevmaster.com\/sv\/wp-json\/wp\/v2\/product\/11470","targetHints":{"allow":["GET"]}}],"collection":[{"href":"https:\/\/nordicmart.andreevmaster.com\/sv\/wp-json\/wp\/v2\/product"}],"about":[{"href":"https:\/\/nordicmart.andreevmaster.com\/sv\/wp-json\/wp\/v2\/types\/product"}],"replies":[{"embeddable":true,"href":"https:\/\/nordicmart.andreevmaster.com\/sv\/wp-json\/wp\/v2\/comments?post=11470"}],"wp:featuredmedia":[{"embeddable":true,"href":"https:\/\/nordicmart.andreevmaster.com\/sv\/wp-json\/wp\/v2\/media\/39843"}],"wp:attachment":[{"href":"https:\/\/nordicmart.andreevmaster.com\/sv\/wp-json\/wp\/v2\/media?parent=11470"}],"wp:term":[{"taxonomy":"product_brand","embeddable":true,"href":"https:\/\/nordicmart.andreevmaster.com\/sv\/wp-json\/wp\/v2\/product_brand?post=11470"},{"taxonomy":"product_cat","embeddable":true,"href":"https:\/\/nordicmart.andreevmaster.com\/sv\/wp-json\/wp\/v2\/product_cat?post=11470"},{"taxonomy":"product_tag","embeddable":true,"href":"https:\/\/nordicmart.andreevmaster.com\/sv\/wp-json\/wp\/v2\/product_tag?post=11470"}],"curies":[{"name":"wp","href":"https:\/\/api.w.org\/{rel}","templated":true}]}}