{"id":11464,"date":"2026-02-27T00:10:36","date_gmt":"2026-02-27T00:10:36","guid":{"rendered":"https:\/\/nordicmart.andreevmaster.com\/product\/songmics-gabion-av-metall-rund-gabionkorg\/"},"modified":"2026-02-27T08:05:34","modified_gmt":"2026-02-27T08:05:34","slug":"songmics-gabion-av-metall-rund-gabionkorg","status":"publish","type":"product","link":"https:\/\/nordicmart.andreevmaster.com\/sv\/produkt\/songmics-gabion-av-metall-rund-gabionkorg\/","title":{"rendered":"SONGMICS Gabion av metall, rund, gabionkorg"},"content":{"rendered":"<p>Din dr\u00f6m om en magisk tr\u00e4dg\u00e5rd blir verklighet! Med detta tr\u00e5dst\u00e4ngsel fr\u00e5n SONGMICS kan du skapa en scen f\u00f6r en blommig uppvisning. Det f\u00f6rsta steget Att s\u00e4tta upp ramen f\u00f6r denna stengabion \u00e4r det f\u00f6rsta steget mot att skapa din nya oas. De runda tr\u00e5dn\u00e4ten kopplas ihop med spiralformade krokar. Fyll sedan utrymmet mellan de tv\u00e5 cirklarna med stenar och stabilisera konstruktionen med de medf\u00f6ljande distansh\u00e5llarna. Klart!  Nu n\u00e4r din nya dekorativa gabion st\u00e5r klar i din tr\u00e4dg\u00e5rd \u00e4r det bara att l\u00e5ta fantasin fl\u00f6da! Du kan till exempel str\u00f6 blomjord i mitten av den lilla cirkeln och plantera dina favoritv\u00e4xter d\u00e4r. Om du har r\u00e4tt material kan du till och med anl\u00e4gga en liten fiskdamm d\u00e4r.  Komplettera din tr\u00e4dg\u00e5rdsdekoration med denna stengabion! Produktdetaljer: &#8211; F\u00e4rg: silver &#8211; Material: galvaniserat st\u00e5l &#8211; Ytterringens storlek: 90 x 40 cm (\u00d8 x H) &#8211; Innerringens storlek: 70 x 40 cm (\u00d8 x H) &#8211; Maskstorlek: 2,5 x 10 cm &#8211; Tr\u00e5ddiameter: 2,5 mm &#8211; Distansh\u00e5llarens l\u00e4ngd: 10 cm &#8211; Diameter p\u00e5 spiralkrokar: 1,5 cm &#8211; Vikt: 5 kg &#8211; F\u00f6rpackningsstorlek: 110 x 42 x 3 cm Leveransomfattning: &#8211; 6 x metallgaller &#8211; 12 x spiralkrokar &#8211; 8 x distansh\u00e5llare &#8211; 1 x instruktioner (DE, EN, FR, IT, ES) SONGMICS Anvisningar:- H\u00e5ll barn borta fr\u00e5n produkten b\u00e5de under montering och anv\u00e4ndning. &#8211; Anv\u00e4nd handskar vid montering f\u00f6r att undvika skador. &#8211; Installera gabionen p\u00e5 en plan yta f\u00f6r att s\u00e4kerst\u00e4lla stabilitet och s\u00e4kerhet. &#8211; Stenar, jord, v\u00e4xter och annat fyllnadsmaterial ing\u00e5r inte i leveransen utan m\u00e5ste k\u00f6pas separat.<\/p>\n","protected":false},"excerpt":{"rendered":"<p>SONGMICS Gabione, rund dekorativ gabione, stengabione av metall, stenkorg, 2,5 x 10 cm t\u00e4ttmaskat galler, tr\u00e5dst\u00e4ngsel av galvaniserat st\u00e5l, rostfritt, 90 x 40 cm (\u00d8 x H), 10 cm avst\u00e5nd, tr\u00e4dg\u00e5rdsdekoration GGB479<\/p>\n","protected":false},"featured_media":39837,"comment_status":"open","ping_status":"closed","template":"","meta":[],"product_brand":[],"product_cat":[33],"product_tag":[],"class_list":{"0":"post-11464","1":"product","2":"type-product","3":"status-publish","4":"has-post-thumbnail","6":"product_cat-okategoriserad","8":"first","9":"instock","10":"shipping-taxable","11":"purchasable","12":"product-type-simple"},"_links":{"self":[{"href":"https:\/\/nordicmart.andreevmaster.com\/sv\/wp-json\/wp\/v2\/product\/11464","targetHints":{"allow":["GET"]}}],"collection":[{"href":"https:\/\/nordicmart.andreevmaster.com\/sv\/wp-json\/wp\/v2\/product"}],"about":[{"href":"https:\/\/nordicmart.andreevmaster.com\/sv\/wp-json\/wp\/v2\/types\/product"}],"replies":[{"embeddable":true,"href":"https:\/\/nordicmart.andreevmaster.com\/sv\/wp-json\/wp\/v2\/comments?post=11464"}],"wp:featuredmedia":[{"embeddable":true,"href":"https:\/\/nordicmart.andreevmaster.com\/sv\/wp-json\/wp\/v2\/media\/39837"}],"wp:attachment":[{"href":"https:\/\/nordicmart.andreevmaster.com\/sv\/wp-json\/wp\/v2\/media?parent=11464"}],"wp:term":[{"taxonomy":"product_brand","embeddable":true,"href":"https:\/\/nordicmart.andreevmaster.com\/sv\/wp-json\/wp\/v2\/product_brand?post=11464"},{"taxonomy":"product_cat","embeddable":true,"href":"https:\/\/nordicmart.andreevmaster.com\/sv\/wp-json\/wp\/v2\/product_cat?post=11464"},{"taxonomy":"product_tag","embeddable":true,"href":"https:\/\/nordicmart.andreevmaster.com\/sv\/wp-json\/wp\/v2\/product_tag?post=11464"}],"curies":[{"name":"wp","href":"https:\/\/api.w.org\/{rel}","templated":true}]}}