{"id":11441,"date":"2026-02-27T00:10:31","date_gmt":"2026-02-27T00:10:31","guid":{"rendered":"https:\/\/nordicmart.andreevmaster.com\/product\/songmics-stengabion-i-snackform\/"},"modified":"2026-02-27T08:05:30","modified_gmt":"2026-02-27T08:05:30","slug":"songmics-stengabion-i-snackform","status":"publish","type":"product","link":"https:\/\/nordicmart.andreevmaster.com\/sv\/produkt\/songmics-stengabion-i-snackform\/","title":{"rendered":"SONGMICS stengabion i sn\u00e4ckform"},"content":{"rendered":"<p>Dekorera din tr\u00e4dg\u00e5rd med denna 110 x 110 x 60 cm stora stengabion och skapa en oas av avkoppling som speglar din personlighet. Spara tid och pengar N\u00e4r du v\u00e4l har best\u00e4mt var du vill placera gabionen kan du montera den p\u00e5 rekordtid. Fyll tr\u00e5dst\u00e4ngslet med stenar och f\u00e4st distanshakarna innan du st\u00e4nger gabionen. Genom att imitera principen med cement och tegel skapar du ett mer tidsbesparande och prisv\u00e4rt alternativ som dessutom ser b\u00e4ttre ut. Kvalitet f\u00f6r kreativa personer Denna robusta stengabion av galvaniserat st\u00e5l \u00e4r perfekt f\u00f6r att f\u00f6rverkliga dina tr\u00e4dg\u00e5rdsdr\u00f6mmar: Skapa till exempel en blomsterrabatt och ge din tr\u00e4dg\u00e5rd f\u00e4rg med f\u00e4rgglada pens\u00e9er och ljung. Dags att f\u00e5 din tr\u00e4dg\u00e5rd att blomstra!Produktdetaljer: &#8211; F\u00e4rg: metallf\u00e4rger &#8211; Material: 40-60 g\/m\u00b2 galvaniserat st\u00e5l &#8211; Produktstorlek: 110 x 110 x 60 cm (L x B x H) &#8211; Storlek p\u00e5 enskilda maskor: 2,5 x 10 cm &#8211; Diameter p\u00e5 metalltr\u00e5den: 3,5 mm &#8211; L\u00e4ngd p\u00e5 krokarna: 10 cm &#8211; Vikt: 12,5 kg Leveransomfattning: &#8211; 16 x metalln\u00e4t &#8211; 12 x spiral &#8211; 15 x distanskrokar &#8211; 1 x instruktioner (DE, EN, FR, ES, IT) SONGMICS Anm\u00e4rkningar: &#8211; H\u00e5ll barn borta fr\u00e5n arbetsomr\u00e5det n\u00e4r du monterar gabionen f\u00f6r att undvika olyckor. &#8211; Anv\u00e4nd skyddshandskar under hela monteringsprocessen.- V\u00e4lj plats f\u00f6r gabionen f\u00f6re montering. Flytta inte produkten efter att den har installerats.<\/p>\n","protected":false},"excerpt":{"rendered":"<p>SONGMICS stengabion i sn\u00e4ckform, metallgabion med 2,5 x 10 cm maskstorlek, stenkorg, tr\u00e5dst\u00e4ngsel av rostfritt och galvaniserat st\u00e5l, 110 x 110 x 60 cm, tr\u00e4dg\u00e5rdsdekoration, blomsterrabatt GGB562<\/p>\n","protected":false},"featured_media":39816,"comment_status":"open","ping_status":"closed","template":"","meta":[],"product_brand":[],"product_cat":[33],"product_tag":[],"class_list":{"0":"post-11441","1":"product","2":"type-product","3":"status-publish","4":"has-post-thumbnail","6":"product_cat-okategoriserad","8":"first","9":"instock","10":"shipping-taxable","11":"purchasable","12":"product-type-simple"},"_links":{"self":[{"href":"https:\/\/nordicmart.andreevmaster.com\/sv\/wp-json\/wp\/v2\/product\/11441","targetHints":{"allow":["GET"]}}],"collection":[{"href":"https:\/\/nordicmart.andreevmaster.com\/sv\/wp-json\/wp\/v2\/product"}],"about":[{"href":"https:\/\/nordicmart.andreevmaster.com\/sv\/wp-json\/wp\/v2\/types\/product"}],"replies":[{"embeddable":true,"href":"https:\/\/nordicmart.andreevmaster.com\/sv\/wp-json\/wp\/v2\/comments?post=11441"}],"wp:featuredmedia":[{"embeddable":true,"href":"https:\/\/nordicmart.andreevmaster.com\/sv\/wp-json\/wp\/v2\/media\/39816"}],"wp:attachment":[{"href":"https:\/\/nordicmart.andreevmaster.com\/sv\/wp-json\/wp\/v2\/media?parent=11441"}],"wp:term":[{"taxonomy":"product_brand","embeddable":true,"href":"https:\/\/nordicmart.andreevmaster.com\/sv\/wp-json\/wp\/v2\/product_brand?post=11441"},{"taxonomy":"product_cat","embeddable":true,"href":"https:\/\/nordicmart.andreevmaster.com\/sv\/wp-json\/wp\/v2\/product_cat?post=11441"},{"taxonomy":"product_tag","embeddable":true,"href":"https:\/\/nordicmart.andreevmaster.com\/sv\/wp-json\/wp\/v2\/product_tag?post=11441"}],"curies":[{"name":"wp","href":"https:\/\/api.w.org\/{rel}","templated":true}]}}