{"id":11438,"date":"2026-02-27T00:10:30","date_gmt":"2026-02-27T00:10:30","guid":{"rendered":"https:\/\/nordicmart.andreevmaster.com\/product\/songmics-tradgardsdekoration-distanshallare-100-x-50-x-30-cm-5-pack-silver\/"},"modified":"2026-02-27T08:05:30","modified_gmt":"2026-02-27T08:05:30","slug":"songmics-tradgardsdekoration-distanshallare-100-x-50-x-30-cm-5-pack-silver","status":"publish","type":"product","link":"https:\/\/nordicmart.andreevmaster.com\/sv\/produkt\/songmics-tradgardsdekoration-distanshallare-100-x-50-x-30-cm-5-pack-silver\/","title":{"rendered":"SONGMICS tr\u00e4dg\u00e5rdsdekoration distansh\u00e5llare 100 x 50 x 30 cm 5-pack silver"},"content":{"rendered":"<p>SONGMICS 100 x 50 x 30 cm V\u00e4ggsits Sten-gabion Stenstaket Tr\u00e5dkorg GGB153, Silver<br \/>\nF\u00e4rg: silver<br \/>\nMaterial: 40-60 g\/m\u00b2 galvaniserat st\u00e5l<br \/>\nStorlek p\u00e5 varje gabion: 100 x 50 x 30 cm (L x B x H)<br \/>\nMaskstorlek: 5 x 10 cm<br \/>\nMetalltr\u00e5dens diameter: 4 mm<br \/>\nL\u00e4ngd p\u00e5 distanshaken: 30 cm<br \/>\nSpiralens delning: 5 cm<br \/>\nVikt: 37,5 kg<\/p>\n","protected":false},"excerpt":{"rendered":"<p>SONGMICS 100 x 50 x 30 cm V\u00e4ggsits Sten-gabion Stenstaket Tr\u00e5dkorg GGB153, Silver<\/p>\n","protected":false},"featured_media":39814,"comment_status":"open","ping_status":"closed","template":"","meta":[],"product_brand":[],"product_cat":[33],"product_tag":[],"class_list":{"0":"post-11438","1":"product","2":"type-product","3":"status-publish","4":"has-post-thumbnail","6":"product_cat-okategoriserad","8":"first","9":"instock","10":"shipping-taxable","11":"purchasable","12":"product-type-simple"},"_links":{"self":[{"href":"https:\/\/nordicmart.andreevmaster.com\/sv\/wp-json\/wp\/v2\/product\/11438","targetHints":{"allow":["GET"]}}],"collection":[{"href":"https:\/\/nordicmart.andreevmaster.com\/sv\/wp-json\/wp\/v2\/product"}],"about":[{"href":"https:\/\/nordicmart.andreevmaster.com\/sv\/wp-json\/wp\/v2\/types\/product"}],"replies":[{"embeddable":true,"href":"https:\/\/nordicmart.andreevmaster.com\/sv\/wp-json\/wp\/v2\/comments?post=11438"}],"wp:featuredmedia":[{"embeddable":true,"href":"https:\/\/nordicmart.andreevmaster.com\/sv\/wp-json\/wp\/v2\/media\/39814"}],"wp:attachment":[{"href":"https:\/\/nordicmart.andreevmaster.com\/sv\/wp-json\/wp\/v2\/media?parent=11438"}],"wp:term":[{"taxonomy":"product_brand","embeddable":true,"href":"https:\/\/nordicmart.andreevmaster.com\/sv\/wp-json\/wp\/v2\/product_brand?post=11438"},{"taxonomy":"product_cat","embeddable":true,"href":"https:\/\/nordicmart.andreevmaster.com\/sv\/wp-json\/wp\/v2\/product_cat?post=11438"},{"taxonomy":"product_tag","embeddable":true,"href":"https:\/\/nordicmart.andreevmaster.com\/sv\/wp-json\/wp\/v2\/product_tag?post=11438"}],"curies":[{"name":"wp","href":"https:\/\/api.w.org\/{rel}","templated":true}]}}