{"id":11429,"date":"2026-02-27T00:10:29","date_gmt":"2026-02-27T00:10:29","guid":{"rendered":"https:\/\/nordicmart.andreevmaster.com\/product\/songmics-gabionkorgar-100-x-30-x-30-cm-4-pack-silver\/"},"modified":"2026-02-27T08:05:28","modified_gmt":"2026-02-27T08:05:28","slug":"songmics-gabionkorgar-100-x-30-x-30-cm-4-pack-silver","status":"publish","type":"product","link":"https:\/\/nordicmart.andreevmaster.com\/sv\/produkt\/songmics-gabionkorgar-100-x-30-x-30-cm-4-pack-silver\/","title":{"rendered":"SONGMICS Gabionkorgar 100 x 30 x 30 cm 4-pack silver"},"content":{"rendered":"<p>SONGMICS Gabioner, stenkorg, tr\u00e5dst\u00e4ngsel, med 5 x 10 cm t\u00e4ttmaskat galler, av rostfritt galvaniserat st\u00e5l, 100 x 50 x 50 cm, tr\u00e4dg\u00e5rdsdekoration, v\u00e4xtv\u00e4gg, silver GGB155<br \/>\nF\u00e4rg: silver<br \/>\nMaterial: 4060 g\/m\u00b2 galvaniserat st\u00e5l<br \/>\nStorlek p\u00e5 varje gabion: 100 x 50 x 50 cm (L x B x H)<br \/>\nMaskstorlek: 5 x 10 cm<br \/>\nMetalltr\u00e5dens diameter: 4 mm<br \/>\nL\u00e4ngd p\u00e5 distanshaken: 30 cm<br \/>\nSpiralens delning: 5 cm<br \/>\nVikt: 39,2 kg<\/p>\n","protected":false},"excerpt":{"rendered":"<p>SONGMICS Gabioner, stenkorg, tr\u00e5dst\u00e4ngsel, med 5 x 10 cm t\u00e4ttmaskat galler, av rostfritt galvaniserat st\u00e5l, 100 x 50 x 50 cm, tr\u00e4dg\u00e5rdsdekoration, v\u00e4xtv\u00e4gg, silver GGB155<\/p>\n","protected":false},"featured_media":39809,"comment_status":"open","ping_status":"closed","template":"","meta":[],"product_brand":[],"product_cat":[33],"product_tag":[],"class_list":{"0":"post-11429","1":"product","2":"type-product","3":"status-publish","4":"has-post-thumbnail","6":"product_cat-okategoriserad","8":"first","9":"instock","10":"shipping-taxable","11":"purchasable","12":"product-type-simple"},"_links":{"self":[{"href":"https:\/\/nordicmart.andreevmaster.com\/sv\/wp-json\/wp\/v2\/product\/11429","targetHints":{"allow":["GET"]}}],"collection":[{"href":"https:\/\/nordicmart.andreevmaster.com\/sv\/wp-json\/wp\/v2\/product"}],"about":[{"href":"https:\/\/nordicmart.andreevmaster.com\/sv\/wp-json\/wp\/v2\/types\/product"}],"replies":[{"embeddable":true,"href":"https:\/\/nordicmart.andreevmaster.com\/sv\/wp-json\/wp\/v2\/comments?post=11429"}],"wp:featuredmedia":[{"embeddable":true,"href":"https:\/\/nordicmart.andreevmaster.com\/sv\/wp-json\/wp\/v2\/media\/39809"}],"wp:attachment":[{"href":"https:\/\/nordicmart.andreevmaster.com\/sv\/wp-json\/wp\/v2\/media?parent=11429"}],"wp:term":[{"taxonomy":"product_brand","embeddable":true,"href":"https:\/\/nordicmart.andreevmaster.com\/sv\/wp-json\/wp\/v2\/product_brand?post=11429"},{"taxonomy":"product_cat","embeddable":true,"href":"https:\/\/nordicmart.andreevmaster.com\/sv\/wp-json\/wp\/v2\/product_cat?post=11429"},{"taxonomy":"product_tag","embeddable":true,"href":"https:\/\/nordicmart.andreevmaster.com\/sv\/wp-json\/wp\/v2\/product_tag?post=11429"}],"curies":[{"name":"wp","href":"https:\/\/api.w.org\/{rel}","templated":true}]}}