{"id":11403,"date":"2026-02-27T00:10:24","date_gmt":"2026-02-27T00:10:24","guid":{"rendered":"https:\/\/nordicmart.andreevmaster.com\/product\/songmics-gabion-av-metallnat\/"},"modified":"2026-02-27T08:05:24","modified_gmt":"2026-02-27T08:05:24","slug":"songmics-gabion-av-metallnat","status":"publish","type":"product","link":"https:\/\/nordicmart.andreevmaster.com\/sv\/produkt\/songmics-gabion-av-metallnat\/","title":{"rendered":"SONGMICS Gabion av metalln\u00e4t"},"content":{"rendered":"<p>Dekorera din tr\u00e4dg\u00e5rd med denna 100 x 90 x 30 cm stora stengabion och skapa en oas av avkoppling som speglar din personlighet. Spara tid N\u00e4r du har best\u00e4mt var du vill placera gabionen kan du snabbt montera den. Fyll tr\u00e5dstaketet med stenar och f\u00e4st distanshakarna innan du st\u00e4nger gabionen. Genom att imitera principen med cement och tegel skapar du ett tidsbesparande alternativ som ocks\u00e5 ser b\u00e4ttre ut. Kvalitet f\u00f6r kreativa personer Denna robusta stengabion av galvaniserat st\u00e5l passar alla dina behov: skapa en stenb\u00e4nk f\u00f6r dina tr\u00e4dg\u00e5rdsfester eller ett skydd f\u00f6r din naturstensmur. Om du best\u00e4ller flera gabioner samtidigt kan du bygga en medelhavsinspirerad sten tr\u00e4dg\u00e5rd med vackra blommor och salvia. L\u00e5t din kreativitet fl\u00f6da och f\u00f6rverkliga alla dina tr\u00e4dg\u00e5rdsdr\u00f6mmar med denna gabion! Produktbeskrivning Produktdetaljer: &#8211; F\u00e4rg: silver &#8211; Material: 40-60 g\/m\u00b2 galvaniserat st\u00e5l &#8211; Storlek: 100 x 90 x 30 cm (L x B x H) &#8211; Storlek p\u00e5 enskilda maskor: 5 x 10 cm &#8211; Diameter p\u00e5 metalltr\u00e5den: 4 mm &#8211; L\u00e4ngd p\u00e5 krokarna: 30 cm &#8211; Stegning per spiral: 5 cm &#8211; Vikt: 11,9 kg Leveransomfattning: &#8211; 6 x metallgaller &#8211; 12 x spiraler &#8211; 9 x distanskrokar &#8211; 1 x instruktioner (DE, EN, FR, ES, IT) SONGMICS Anm\u00e4rkningar:- H\u00e5ll barn borta fr\u00e5n arbetsomr\u00e5det n\u00e4r du monterar gabionen f\u00f6r att undvika olyckor. &#8211; Anv\u00e4nd skyddshandskar under hela monteringen. &#8211; V\u00e4lj plats f\u00f6r gabionen innan du monterar den. Flytta inte produkten efter att den har monterats.<\/p>\n","protected":false},"excerpt":{"rendered":"<p>SONGMICS Gabione, stenkorg, tr\u00e5dst\u00e4ngsel, med 5 x 10 cm t\u00e4ttmaskat galler, av rostfritt galvaniserat st\u00e5l, 100 x 90 x 30 cm, tr\u00e4dg\u00e5rdsdekoration, v\u00e4xtv\u00e4gg, silverf\u00e4rgad GGB193<\/p>\n","protected":false},"featured_media":39796,"comment_status":"open","ping_status":"closed","template":"","meta":[],"product_brand":[],"product_cat":[33],"product_tag":[],"class_list":{"0":"post-11403","1":"product","2":"type-product","3":"status-publish","4":"has-post-thumbnail","6":"product_cat-okategoriserad","8":"first","9":"instock","10":"shipping-taxable","11":"purchasable","12":"product-type-simple"},"_links":{"self":[{"href":"https:\/\/nordicmart.andreevmaster.com\/sv\/wp-json\/wp\/v2\/product\/11403","targetHints":{"allow":["GET"]}}],"collection":[{"href":"https:\/\/nordicmart.andreevmaster.com\/sv\/wp-json\/wp\/v2\/product"}],"about":[{"href":"https:\/\/nordicmart.andreevmaster.com\/sv\/wp-json\/wp\/v2\/types\/product"}],"replies":[{"embeddable":true,"href":"https:\/\/nordicmart.andreevmaster.com\/sv\/wp-json\/wp\/v2\/comments?post=11403"}],"wp:featuredmedia":[{"embeddable":true,"href":"https:\/\/nordicmart.andreevmaster.com\/sv\/wp-json\/wp\/v2\/media\/39796"}],"wp:attachment":[{"href":"https:\/\/nordicmart.andreevmaster.com\/sv\/wp-json\/wp\/v2\/media?parent=11403"}],"wp:term":[{"taxonomy":"product_brand","embeddable":true,"href":"https:\/\/nordicmart.andreevmaster.com\/sv\/wp-json\/wp\/v2\/product_brand?post=11403"},{"taxonomy":"product_cat","embeddable":true,"href":"https:\/\/nordicmart.andreevmaster.com\/sv\/wp-json\/wp\/v2\/product_cat?post=11403"},{"taxonomy":"product_tag","embeddable":true,"href":"https:\/\/nordicmart.andreevmaster.com\/sv\/wp-json\/wp\/v2\/product_tag?post=11403"}],"curies":[{"name":"wp","href":"https:\/\/api.w.org\/{rel}","templated":true}]}}