{"id":11402,"date":"2026-02-27T00:10:23","date_gmt":"2026-02-27T00:10:23","guid":{"rendered":"https:\/\/nordicmart.andreevmaster.com\/product\/songmics-stengabion-av-metallnat\/"},"modified":"2026-02-27T08:05:24","modified_gmt":"2026-02-27T08:05:24","slug":"songmics-stengabion-av-metallnat","status":"publish","type":"product","link":"https:\/\/nordicmart.andreevmaster.com\/sv\/produkt\/songmics-stengabion-av-metallnat\/","title":{"rendered":"SONGMICS stengabion av metalln\u00e4t"},"content":{"rendered":"<p>Gabioner \u00e4r tr\u00e5dkorgar fyllda med olika stenar som kan anv\u00e4ndas i olika utf\u00f6randen beroende p\u00e5 behov. Gabionerna fr\u00e5n Songmics \u00e4r tillverkade av rost- och v\u00e4derbest\u00e4ndigt, galvaniserat st\u00e5l och \u00e4r mycket stabila och h\u00e5llbara. De erbjuder otroligt m\u00e5nga design- och kombinationsm\u00f6jligheter.  Maskorna \u00e4r 10 x 5 cm stora, och det rekommenderas att du fyller gabionen med stenar med en diameter p\u00e5 6\u201310 cm. Antalet stenar ber\u00e4knas utifr\u00e5n gabionens volym: Exempel: Stenar med en diameter p\u00e5 6 cm: GGB183 (0,24 m\u00b3) rymmer cirka 1000 stycken Stenar med en diameter p\u00e5 10 cm: GGB183 (0,24 m\u00b3) rymmer cirka 200 stycken Ovanst\u00e5ende information \u00e4r endast avsedd som referens. S\u00e4kerhetsanvisningar:  &#8211; H\u00e5ll barn borta fr\u00e5n produkten under montering eller anv\u00e4ndning f\u00f6r att undvika potentiella faror.  &#8211; Anv\u00e4nd handskar vid montering f\u00f6r att undvika skador.  Produktdetaljer:- Ytterm\u00e5tt: 100 x 80 x 30 cm- Maskstorlek: 10 x 5 cm- Tr\u00e5dtjocklek: 4 mm- Metall: Burar av galvaniserat st\u00e5l (h\u00f6g korrosionsbest\u00e4ndighet) &#8211; F\u00e4rg: gr\u00e5\/silver Leveransomfattning: &#8211; 6 x tr\u00e5dn\u00e4t &#8211; 12 x spiralf\u00f6rbindelse &#8211; 1 x instruktioner &#8211; 9 x distansh\u00e5llare<\/p>\n","protected":false},"excerpt":{"rendered":"<p>SONGMICS Gabioner, stenkorg, tr\u00e5dst\u00e4ngsel, med 5 x 10 cm t\u00e4ttmaskat galler, av rostfritt galvaniserat st\u00e5l, 100 x 80 x 30 cm, tr\u00e4dg\u00e5rdsdekoration, v\u00e4xtv\u00e4gg, silver GGB183<\/p>\n","protected":false},"featured_media":39795,"comment_status":"open","ping_status":"closed","template":"","meta":[],"product_brand":[],"product_cat":[33],"product_tag":[],"class_list":{"0":"post-11402","1":"product","2":"type-product","3":"status-publish","4":"has-post-thumbnail","6":"product_cat-okategoriserad","8":"first","9":"instock","10":"shipping-taxable","11":"purchasable","12":"product-type-simple"},"_links":{"self":[{"href":"https:\/\/nordicmart.andreevmaster.com\/sv\/wp-json\/wp\/v2\/product\/11402","targetHints":{"allow":["GET"]}}],"collection":[{"href":"https:\/\/nordicmart.andreevmaster.com\/sv\/wp-json\/wp\/v2\/product"}],"about":[{"href":"https:\/\/nordicmart.andreevmaster.com\/sv\/wp-json\/wp\/v2\/types\/product"}],"replies":[{"embeddable":true,"href":"https:\/\/nordicmart.andreevmaster.com\/sv\/wp-json\/wp\/v2\/comments?post=11402"}],"wp:featuredmedia":[{"embeddable":true,"href":"https:\/\/nordicmart.andreevmaster.com\/sv\/wp-json\/wp\/v2\/media\/39795"}],"wp:attachment":[{"href":"https:\/\/nordicmart.andreevmaster.com\/sv\/wp-json\/wp\/v2\/media?parent=11402"}],"wp:term":[{"taxonomy":"product_brand","embeddable":true,"href":"https:\/\/nordicmart.andreevmaster.com\/sv\/wp-json\/wp\/v2\/product_brand?post=11402"},{"taxonomy":"product_cat","embeddable":true,"href":"https:\/\/nordicmart.andreevmaster.com\/sv\/wp-json\/wp\/v2\/product_cat?post=11402"},{"taxonomy":"product_tag","embeddable":true,"href":"https:\/\/nordicmart.andreevmaster.com\/sv\/wp-json\/wp\/v2\/product_tag?post=11402"}],"curies":[{"name":"wp","href":"https:\/\/api.w.org\/{rel}","templated":true}]}}