{"id":11401,"date":"2026-02-27T00:10:23","date_gmt":"2026-02-27T00:10:23","guid":{"rendered":"https:\/\/nordicmart.andreevmaster.com\/product\/songmics-gabioner-100-x-50-x-50-cm\/"},"modified":"2026-02-27T08:05:23","modified_gmt":"2026-02-27T08:05:23","slug":"songmics-gabioner-100-x-50-x-50-cm","status":"publish","type":"product","link":"https:\/\/nordicmart.andreevmaster.com\/sv\/produkt\/songmics-gabioner-100-x-50-x-50-cm\/","title":{"rendered":"SONGMICS Gabioner 100 x 50 x 50 cm"},"content":{"rendered":"<p>Anvisningar: Gabionen ska st\u00e5 p\u00e5 fast underlag. Om du vill stapla gabionerna p\u00e5 varandra b\u00f6r du anv\u00e4nda tr\u00e5d eller buntband f\u00f6r att f\u00e4sta ihop de intilliggande gallerv\u00e4ggarna.Det \u00e4r b\u00e4ttre om gabionerna inte staplas h\u00f6gre \u00e4n tv\u00e5 lager p\u00e5 varandra vid anv\u00e4ndning. S\u00e4kerhetsanvisningar: H\u00e5ll barn borta fr\u00e5n produkten vid montering eller anv\u00e4ndning f\u00f6r att undvika potentiella faror.Vid montering kr\u00e4vs handskar f\u00f6r att undvika skador. Produktdetaljer: M\u00e5tt: 100 x 50 x 50 cm Maskstorlek: 10 x 5 cm Tr\u00e5dtjocklek: 4 mm Metall: Burar av galvaniserat st\u00e5l (h\u00f6g korrosionsbest\u00e4ndighet) F\u00e4rg: gr\u00e5\/silver Leveransomfattning: 1 x gabion<\/p>\n","protected":false},"excerpt":{"rendered":"<p>SONGMICS Gabioner, stenkorg, tr\u00e5dst\u00e4ngsel, med 5 x 10 cm t\u00e4ttmaskat galler, av rostfritt galvaniserat st\u00e5l, 100 x 50 x 50 cm, tr\u00e4dg\u00e5rdsdekoration, v\u00e4xtv\u00e4gg, silver GGB155<\/p>\n","protected":false},"featured_media":39794,"comment_status":"open","ping_status":"closed","template":"","meta":[],"product_brand":[],"product_cat":[33],"product_tag":[],"class_list":{"0":"post-11401","1":"product","2":"type-product","3":"status-publish","4":"has-post-thumbnail","6":"product_cat-okategoriserad","8":"first","9":"instock","10":"shipping-taxable","11":"purchasable","12":"product-type-simple"},"_links":{"self":[{"href":"https:\/\/nordicmart.andreevmaster.com\/sv\/wp-json\/wp\/v2\/product\/11401","targetHints":{"allow":["GET"]}}],"collection":[{"href":"https:\/\/nordicmart.andreevmaster.com\/sv\/wp-json\/wp\/v2\/product"}],"about":[{"href":"https:\/\/nordicmart.andreevmaster.com\/sv\/wp-json\/wp\/v2\/types\/product"}],"replies":[{"embeddable":true,"href":"https:\/\/nordicmart.andreevmaster.com\/sv\/wp-json\/wp\/v2\/comments?post=11401"}],"wp:featuredmedia":[{"embeddable":true,"href":"https:\/\/nordicmart.andreevmaster.com\/sv\/wp-json\/wp\/v2\/media\/39794"}],"wp:attachment":[{"href":"https:\/\/nordicmart.andreevmaster.com\/sv\/wp-json\/wp\/v2\/media?parent=11401"}],"wp:term":[{"taxonomy":"product_brand","embeddable":true,"href":"https:\/\/nordicmart.andreevmaster.com\/sv\/wp-json\/wp\/v2\/product_brand?post=11401"},{"taxonomy":"product_cat","embeddable":true,"href":"https:\/\/nordicmart.andreevmaster.com\/sv\/wp-json\/wp\/v2\/product_cat?post=11401"},{"taxonomy":"product_tag","embeddable":true,"href":"https:\/\/nordicmart.andreevmaster.com\/sv\/wp-json\/wp\/v2\/product_tag?post=11401"}],"curies":[{"name":"wp","href":"https:\/\/api.w.org\/{rel}","templated":true}]}}