{"id":11399,"date":"2026-02-27T00:10:23","date_gmt":"2026-02-27T00:10:23","guid":{"rendered":"https:\/\/nordicmart.andreevmaster.com\/product\/songmics-gabioner-silver\/"},"modified":"2026-02-27T08:05:23","modified_gmt":"2026-02-27T08:05:23","slug":"songmics-gabioner-silver","status":"publish","type":"product","link":"https:\/\/nordicmart.andreevmaster.com\/sv\/produkt\/songmics-gabioner-silver\/","title":{"rendered":"SONGMICS Gabioner silver"},"content":{"rendered":"<p>Best\u00e5ende vackert utseende \u00c5rstiderna g\u00e5r, men sk\u00f6nheten i din tr\u00e4dg\u00e5rd kommer inte att f\u00f6rsvinna med denna gabion. Oavsett om du vill bygga en stenmur eller en pelare f\u00f6r dina v\u00e4xter \u2013 denna gabionkorg kommer att f\u00f6rsk\u00f6na din tr\u00e4dg\u00e5rd under alla \u00e5rstider och ge den en unik accent. Bygg och s\u00e4tt ig\u00e5ng! N\u00e4r du har best\u00e4mt var denna gabion ska placeras \u00e4r det enkelt att bygga den. Tack vare de medf\u00f6ljande spiralerna och distanshakarna beh\u00f6ver du inga verktyg f\u00f6r att montera gabionen. Skapa ett minst 15 cm djupt betongfundament s\u00e5 att gabionen st\u00e5r stadigt. Fyll sedan gabionen med stenar eller klippblock. Produktdetaljer: &#8211; F\u00e4rg: Silver &#8211; Material: F\u00f6rzinkat st\u00e5l  &#8211; Storlek: 30 x 30 x 145 cm (L x B x H) &#8211; Storlek p\u00e5 enskilda maskor: 5 x 10 cm &#8211; Diameter p\u00e5 metalltr\u00e5d: 4 mm  &#8211; Stegning per spiral: 5 cm &#8211; Vikt: 8 kgLeveransomfattning:- 6 x metallgaller &#8211; 12 x spiral &#8211; 5 x distanshakar &#8211; 1 x instruktioner (DE, EN, FR, ES, IT) SONGMICS Anm\u00e4rkningar: &#8211; H\u00e5ll barn borta fr\u00e5n arbetsomr\u00e5det n\u00e4r du monterar gabionen f\u00f6r att undvika olyckor. &#8211; Anv\u00e4nd skyddshandskar under hela monteringsprocessen.- Betongfundamentet m\u00e5ste byggas 15 cm djupt i marken innan gabionen fylls med stenar. &#8211; Stenar, jord, v\u00e4xter och andra fyllnadsmaterial ing\u00e5r inte i leveransen och m\u00e5ste k\u00f6pas separat.<\/p>\n","protected":false},"excerpt":{"rendered":"<p>SONGMICS Gabioner, stenkorg, tr\u00e5dst\u00e4ngsel, med 5 x 10 cm t\u00e4ttmaskat galler, av rostfritt galvaniserat st\u00e5l, tr\u00e4dg\u00e5rdsdekoration, v\u00e4xtv\u00e4gg, silver GGB145E01<\/p>\n","protected":false},"featured_media":39792,"comment_status":"open","ping_status":"closed","template":"","meta":[],"product_brand":[],"product_cat":[33],"product_tag":[],"class_list":{"0":"post-11399","1":"product","2":"type-product","3":"status-publish","4":"has-post-thumbnail","6":"product_cat-okategoriserad","8":"first","9":"instock","10":"shipping-taxable","11":"purchasable","12":"product-type-simple"},"_links":{"self":[{"href":"https:\/\/nordicmart.andreevmaster.com\/sv\/wp-json\/wp\/v2\/product\/11399","targetHints":{"allow":["GET"]}}],"collection":[{"href":"https:\/\/nordicmart.andreevmaster.com\/sv\/wp-json\/wp\/v2\/product"}],"about":[{"href":"https:\/\/nordicmart.andreevmaster.com\/sv\/wp-json\/wp\/v2\/types\/product"}],"replies":[{"embeddable":true,"href":"https:\/\/nordicmart.andreevmaster.com\/sv\/wp-json\/wp\/v2\/comments?post=11399"}],"wp:featuredmedia":[{"embeddable":true,"href":"https:\/\/nordicmart.andreevmaster.com\/sv\/wp-json\/wp\/v2\/media\/39792"}],"wp:attachment":[{"href":"https:\/\/nordicmart.andreevmaster.com\/sv\/wp-json\/wp\/v2\/media?parent=11399"}],"wp:term":[{"taxonomy":"product_brand","embeddable":true,"href":"https:\/\/nordicmart.andreevmaster.com\/sv\/wp-json\/wp\/v2\/product_brand?post=11399"},{"taxonomy":"product_cat","embeddable":true,"href":"https:\/\/nordicmart.andreevmaster.com\/sv\/wp-json\/wp\/v2\/product_cat?post=11399"},{"taxonomy":"product_tag","embeddable":true,"href":"https:\/\/nordicmart.andreevmaster.com\/sv\/wp-json\/wp\/v2\/product_tag?post=11399"}],"curies":[{"name":"wp","href":"https:\/\/api.w.org\/{rel}","templated":true}]}}