{"id":11398,"date":"2026-02-27T00:10:22","date_gmt":"2026-02-27T00:10:22","guid":{"rendered":"https:\/\/nordicmart.andreevmaster.com\/product\/songmics-gabione-100-x-30-x-30-cm\/"},"modified":"2026-02-27T08:05:23","modified_gmt":"2026-02-27T08:05:23","slug":"songmics-gabione-100-x-30-x-30-cm","status":"publish","type":"product","link":"https:\/\/nordicmart.andreevmaster.com\/sv\/produkt\/songmics-gabione-100-x-30-x-30-cm\/","title":{"rendered":"SONGMICS Gabione 100 x 30 x 30 cm"},"content":{"rendered":"<p>Anvisningar:Bilderna ovan \u00e4r endast exempel. Stenarna som fylls i gabionen ing\u00e5r inte i leveransen.Maskstorleken \u00e4r 10 x 5 cm. Det rekommenderas att fylla gabionen med stenar med en diameter mellan 6 och 10 cm. S\u00e4kerhetsanvisningar: H\u00e5ll barn borta fr\u00e5n produkten vid montering eller anv\u00e4ndning f\u00f6r att undvika potentiella faror. Vid montering kr\u00e4vs handskar f\u00f6r att undvika skador.Produktdetaljer: M\u00e5tt: 100 x 30 x 30 cm Maskstorlek: 10 x 5 cm Tr\u00e5dtjocklek: 4 mm Metall: Burar av galvaniserat st\u00e5l (h\u00f6g korrosionsbest\u00e4ndighet) F\u00e4rg: gr\u00e5\/silver Leveransomfattning: 6 x tr\u00e5dn\u00e4t 12 x spiralf\u00f6rbindelse 1 x instruktion 4 x distansh\u00e5llare<\/p>\n","protected":false},"excerpt":{"rendered":"<p>SONGMICS Gabione 100 x 30 x 30 cm f\u00f6r st\u00f6dmurar Tr\u00e4dg\u00e5rdsstaket Gabionenv\u00e4gg Mur Pelare F\u00f6rzinkad GGB133<\/p>\n","protected":false},"featured_media":39791,"comment_status":"open","ping_status":"closed","template":"","meta":[],"product_brand":[],"product_cat":[33],"product_tag":[],"class_list":{"0":"post-11398","1":"product","2":"type-product","3":"status-publish","4":"has-post-thumbnail","6":"product_cat-okategoriserad","8":"first","9":"instock","10":"shipping-taxable","11":"purchasable","12":"product-type-simple"},"_links":{"self":[{"href":"https:\/\/nordicmart.andreevmaster.com\/sv\/wp-json\/wp\/v2\/product\/11398","targetHints":{"allow":["GET"]}}],"collection":[{"href":"https:\/\/nordicmart.andreevmaster.com\/sv\/wp-json\/wp\/v2\/product"}],"about":[{"href":"https:\/\/nordicmart.andreevmaster.com\/sv\/wp-json\/wp\/v2\/types\/product"}],"replies":[{"embeddable":true,"href":"https:\/\/nordicmart.andreevmaster.com\/sv\/wp-json\/wp\/v2\/comments?post=11398"}],"wp:featuredmedia":[{"embeddable":true,"href":"https:\/\/nordicmart.andreevmaster.com\/sv\/wp-json\/wp\/v2\/media\/39791"}],"wp:attachment":[{"href":"https:\/\/nordicmart.andreevmaster.com\/sv\/wp-json\/wp\/v2\/media?parent=11398"}],"wp:term":[{"taxonomy":"product_brand","embeddable":true,"href":"https:\/\/nordicmart.andreevmaster.com\/sv\/wp-json\/wp\/v2\/product_brand?post=11398"},{"taxonomy":"product_cat","embeddable":true,"href":"https:\/\/nordicmart.andreevmaster.com\/sv\/wp-json\/wp\/v2\/product_cat?post=11398"},{"taxonomy":"product_tag","embeddable":true,"href":"https:\/\/nordicmart.andreevmaster.com\/sv\/wp-json\/wp\/v2\/product_tag?post=11398"}],"curies":[{"name":"wp","href":"https:\/\/api.w.org\/{rel}","templated":true}]}}