{"id":11382,"date":"2026-02-27T00:10:19","date_gmt":"2026-02-27T00:10:19","guid":{"rendered":"https:\/\/nordicmart.andreevmaster.com\/product\/songmics-blomhylla-med-3-hyllplan\/"},"modified":"2026-02-27T08:05:21","modified_gmt":"2026-02-27T08:05:21","slug":"songmics-blomhylla-med-3-hyllplan","status":"publish","type":"product","link":"https:\/\/nordicmart.andreevmaster.com\/sv\/produkt\/songmics-blomhylla-med-3-hyllplan\/","title":{"rendered":"SONGMICS blomhylla med 3 hyllplan"},"content":{"rendered":"<p>SONGMICS tr\u00e4dg\u00e5rdshylla med 3 hyllplan, tillverkad av pulverlackerat j\u00e4rn, \u00e4r tack vare sin goda rostbest\u00e4ndighet l\u00e4mplig f\u00f6r b\u00e5de inomhus- och utomhusbruk. Trots sin l\u00e4tta konstruktion och enkla montering \u00e4r den mycket stabil och stadig. Och i smakfull svart f\u00e4rg kan den enkelt kombineras med andra m\u00f6bler och passar in i n\u00e4stan alla milj\u00f6er. Som plats f\u00f6r v\u00e4xter och blommor i l\u00e4genheten, tr\u00e4dg\u00e5rden, p\u00e5 terrassen, balkongen etc. Med sina rankmotiv skapar det omsorgsfullt bearbetade j\u00e4rnhyllan en charmig st\u00e4mning i ditt hem. Produktdetaljer: &#8211; M\u00e5tt: 54 x 101 x 30 cm (B x H x D) &#8211; H\u00f6jd mellan hyllorna: 32 cm &#8211; Material: j\u00e4rn &#8211; F\u00e4rg: svart &#8211; Nettovikt: 5,34 kg Leveransomfattning: &#8211; 1 x stativ &#8211; 4 x fot<\/p>\n","protected":false},"excerpt":{"rendered":"<p>SONGMICS badrumshylla blomstertrappa smidesj\u00e4rn tr\u00e4dg\u00e5rdshylla v\u00e4xtst\u00e4ll blomsterhylla med 3 hyllplan GFS102B<\/p>\n","protected":false},"featured_media":39780,"comment_status":"open","ping_status":"closed","template":"","meta":[],"product_brand":[],"product_cat":[33],"product_tag":[],"class_list":{"0":"post-11382","1":"product","2":"type-product","3":"status-publish","4":"has-post-thumbnail","6":"product_cat-okategoriserad","8":"first","9":"instock","10":"shipping-taxable","11":"purchasable","12":"product-type-simple"},"_links":{"self":[{"href":"https:\/\/nordicmart.andreevmaster.com\/sv\/wp-json\/wp\/v2\/product\/11382","targetHints":{"allow":["GET"]}}],"collection":[{"href":"https:\/\/nordicmart.andreevmaster.com\/sv\/wp-json\/wp\/v2\/product"}],"about":[{"href":"https:\/\/nordicmart.andreevmaster.com\/sv\/wp-json\/wp\/v2\/types\/product"}],"replies":[{"embeddable":true,"href":"https:\/\/nordicmart.andreevmaster.com\/sv\/wp-json\/wp\/v2\/comments?post=11382"}],"wp:featuredmedia":[{"embeddable":true,"href":"https:\/\/nordicmart.andreevmaster.com\/sv\/wp-json\/wp\/v2\/media\/39780"}],"wp:attachment":[{"href":"https:\/\/nordicmart.andreevmaster.com\/sv\/wp-json\/wp\/v2\/media?parent=11382"}],"wp:term":[{"taxonomy":"product_brand","embeddable":true,"href":"https:\/\/nordicmart.andreevmaster.com\/sv\/wp-json\/wp\/v2\/product_brand?post=11382"},{"taxonomy":"product_cat","embeddable":true,"href":"https:\/\/nordicmart.andreevmaster.com\/sv\/wp-json\/wp\/v2\/product_cat?post=11382"},{"taxonomy":"product_tag","embeddable":true,"href":"https:\/\/nordicmart.andreevmaster.com\/sv\/wp-json\/wp\/v2\/product_tag?post=11382"}],"curies":[{"name":"wp","href":"https:\/\/api.w.org\/{rel}","templated":true}]}}