{"id":11381,"date":"2026-02-27T00:10:19","date_gmt":"2026-02-27T00:10:19","guid":{"rendered":"https:\/\/nordicmart.andreevmaster.com\/product\/songmics-tradgardsmobeloverdrag-242-x-162-gront\/"},"modified":"2026-02-27T08:05:21","modified_gmt":"2026-02-27T08:05:21","slug":"songmics-tradgardsmobeloverdrag-242-x-162-gront","status":"publish","type":"product","link":"https:\/\/nordicmart.andreevmaster.com\/sv\/produkt\/songmics-tradgardsmobeloverdrag-242-x-162-gront\/","title":{"rendered":"SONGMICS tr\u00e4dg\u00e5rdsm\u00f6bel\u00f6verdrag 242 x 162 gr\u00f6nt"},"content":{"rendered":"<p>SONGMICS skydds\u00f6verdrag f\u00f6r tr\u00e4dg\u00e5rdsm\u00f6bler, 240 x 140 x 90 cm, presenning f\u00f6r bord och stolar, utomhusbruk, vattent\u00e4t, rektangul\u00e4r, gr\u00f6n GFC93L<\/p>\n","protected":false},"excerpt":{"rendered":"<p>SONGMICS skydds\u00f6verdrag f\u00f6r tr\u00e4dg\u00e5rdsm\u00f6bler, 240 x 140 x 90 cm, presenning f\u00f6r bord och stolar, utomhusbruk, vattent\u00e4t, rektangul\u00e4r, gr\u00f6n GFC93L<\/p>\n","protected":false},"featured_media":39779,"comment_status":"open","ping_status":"closed","template":"","meta":[],"product_brand":[],"product_cat":[33],"product_tag":[],"class_list":{"0":"post-11381","1":"product","2":"type-product","3":"status-publish","4":"has-post-thumbnail","6":"product_cat-okategoriserad","8":"first","9":"instock","10":"shipping-taxable","11":"purchasable","12":"product-type-simple"},"_links":{"self":[{"href":"https:\/\/nordicmart.andreevmaster.com\/sv\/wp-json\/wp\/v2\/product\/11381","targetHints":{"allow":["GET"]}}],"collection":[{"href":"https:\/\/nordicmart.andreevmaster.com\/sv\/wp-json\/wp\/v2\/product"}],"about":[{"href":"https:\/\/nordicmart.andreevmaster.com\/sv\/wp-json\/wp\/v2\/types\/product"}],"replies":[{"embeddable":true,"href":"https:\/\/nordicmart.andreevmaster.com\/sv\/wp-json\/wp\/v2\/comments?post=11381"}],"wp:featuredmedia":[{"embeddable":true,"href":"https:\/\/nordicmart.andreevmaster.com\/sv\/wp-json\/wp\/v2\/media\/39779"}],"wp:attachment":[{"href":"https:\/\/nordicmart.andreevmaster.com\/sv\/wp-json\/wp\/v2\/media?parent=11381"}],"wp:term":[{"taxonomy":"product_brand","embeddable":true,"href":"https:\/\/nordicmart.andreevmaster.com\/sv\/wp-json\/wp\/v2\/product_brand?post=11381"},{"taxonomy":"product_cat","embeddable":true,"href":"https:\/\/nordicmart.andreevmaster.com\/sv\/wp-json\/wp\/v2\/product_cat?post=11381"},{"taxonomy":"product_tag","embeddable":true,"href":"https:\/\/nordicmart.andreevmaster.com\/sv\/wp-json\/wp\/v2\/product_tag?post=11381"}],"curies":[{"name":"wp","href":"https:\/\/api.w.org\/{rel}","templated":true}]}}