{"id":11379,"date":"2026-02-27T00:10:19","date_gmt":"2026-02-27T00:10:19","guid":{"rendered":"https:\/\/nordicmart.andreevmaster.com\/product\/songmics-presenning-for-tradgardsstolar-gra\/"},"modified":"2026-02-27T08:05:20","modified_gmt":"2026-02-27T08:05:20","slug":"songmics-presenning-for-tradgardsstolar-gra","status":"publish","type":"product","link":"https:\/\/nordicmart.andreevmaster.com\/sv\/produkt\/songmics-presenning-for-tradgardsstolar-gra\/","title":{"rendered":"SONGMICS presenning f\u00f6r tr\u00e4dg\u00e5rdsstolar Gr\u00e5"},"content":{"rendered":"<p>Regnt\u00e4t presenning f\u00f6r tr\u00e4dg\u00e5rdsstolar. \u00c4ven staplade stolar f\u00e5r plats under skyddspresenningen. Den skyddar tr\u00e4dg\u00e5rdsstolarna mot regn, damm, smuts och pollen och kan \u00e4ven anv\u00e4ndas p\u00e5 vintern. L\u00e4ngs ned finns \u00f6glor med metallringar som g\u00f6r att presenningen kan f\u00e4stas med den medf\u00f6ljande f\u00e4stsn\u00f6ren och d\u00e4rmed ge b\u00e4ttre vindskydd.Med ventilations\u00f6ppningar och handtag Handtagen p\u00e5 presenningen underl\u00e4ttar montering och borttagning fr\u00e5n tr\u00e4dg\u00e5rdsm\u00f6blerna. Ventilations\u00f6ppningarna s\u00e4kerst\u00e4ller ventilation inuti, s\u00e5 att mindre fukt stannar kvar och samtidigt f\u00f6rhindrar m\u00f6gel. Presenningen kan f\u00f6rvaras i den medf\u00f6ljande v\u00e4skan tills den beh\u00f6vs. Robust och v\u00e4derbest\u00e4ndig skydds\u00f6verdrag Presenningen \u00e4r tillverkad av h\u00f6gkvalitativt 280 g\/m\u00b2 600D Oxford-tyg med PVC-bel\u00e4ggning och erbjuder ett utm\u00e4rkt skydd mot v\u00e4der och vind. F\u00e4rgbest\u00e4ndigheten mot ljus och vatten \u00e4r testad och certifierad av T\u00dcV Rheinland (rapport nr 1160042500a 001). Vid nedsmutsning kan den spolas av med kallt vatten och reng\u00f6ras med en mjuk trasa och milt reng\u00f6ringsmedel. Produktdetaljer:- F\u00e4rg: gr\u00e5 &#8211; Material: Oxford-tyg &#8211; Produktm\u00e5tt: 66 x 66 x 80\/120 cm (B x D x H) &#8211; Nettovikt: 1 kg Leveransomfattning: &#8211; 1 x presenning &#8211; 1 x f\u00f6rvaringsv\u00e4ska &#8211; 1 x rep <\/p>\n","protected":false},"excerpt":{"rendered":"<p>SONGMICS 600D Oxford presenning \u00f6verdrag f\u00f6r stolar, skydds\u00f6verdrag f\u00f6r tr\u00e4dg\u00e5rdsstolar, vattent\u00e4tt, vinterbest\u00e4ndigt, UV-skydd GFC95G<\/p>\n","protected":false},"featured_media":39777,"comment_status":"open","ping_status":"closed","template":"","meta":[],"product_brand":[],"product_cat":[33],"product_tag":[],"class_list":{"0":"post-11379","1":"product","2":"type-product","3":"status-publish","4":"has-post-thumbnail","6":"product_cat-okategoriserad","8":"first","9":"instock","10":"shipping-taxable","11":"purchasable","12":"product-type-simple"},"_links":{"self":[{"href":"https:\/\/nordicmart.andreevmaster.com\/sv\/wp-json\/wp\/v2\/product\/11379","targetHints":{"allow":["GET"]}}],"collection":[{"href":"https:\/\/nordicmart.andreevmaster.com\/sv\/wp-json\/wp\/v2\/product"}],"about":[{"href":"https:\/\/nordicmart.andreevmaster.com\/sv\/wp-json\/wp\/v2\/types\/product"}],"replies":[{"embeddable":true,"href":"https:\/\/nordicmart.andreevmaster.com\/sv\/wp-json\/wp\/v2\/comments?post=11379"}],"wp:featuredmedia":[{"embeddable":true,"href":"https:\/\/nordicmart.andreevmaster.com\/sv\/wp-json\/wp\/v2\/media\/39777"}],"wp:attachment":[{"href":"https:\/\/nordicmart.andreevmaster.com\/sv\/wp-json\/wp\/v2\/media?parent=11379"}],"wp:term":[{"taxonomy":"product_brand","embeddable":true,"href":"https:\/\/nordicmart.andreevmaster.com\/sv\/wp-json\/wp\/v2\/product_brand?post=11379"},{"taxonomy":"product_cat","embeddable":true,"href":"https:\/\/nordicmart.andreevmaster.com\/sv\/wp-json\/wp\/v2\/product_cat?post=11379"},{"taxonomy":"product_tag","embeddable":true,"href":"https:\/\/nordicmart.andreevmaster.com\/sv\/wp-json\/wp\/v2\/product_tag?post=11379"}],"curies":[{"name":"wp","href":"https:\/\/api.w.org\/{rel}","templated":true}]}}