{"id":11378,"date":"2026-02-27T00:10:18","date_gmt":"2026-02-27T00:10:18","guid":{"rendered":"https:\/\/nordicmart.andreevmaster.com\/product\/songmics-skyddsoverdrag-for-tradgardsmobler-morkgra\/"},"modified":"2026-02-27T08:05:20","modified_gmt":"2026-02-27T08:05:20","slug":"songmics-skyddsoverdrag-for-tradgardsmobler-morkgra","status":"publish","type":"product","link":"https:\/\/nordicmart.andreevmaster.com\/sv\/produkt\/songmics-skyddsoverdrag-for-tradgardsmobler-morkgra\/","title":{"rendered":"SONGMICS skydds\u00f6verdrag f\u00f6r tr\u00e4dg\u00e5rdsm\u00f6bler \u2013 m\u00f6rkgr\u00e5"},"content":{"rendered":"<p>Regnt\u00e4t presenning f\u00f6r tr\u00e4dg\u00e5rdsm\u00f6bler Under denna rektangul\u00e4ra skyddspresenning f\u00e5r ditt tr\u00e4dg\u00e5rdsbord med stolar eller tr\u00e4dg\u00e5rdsb\u00e4nkar plats. Den skyddar tr\u00e4dg\u00e5rdsm\u00f6blerna mot regn, damm, smuts och pollen och kan \u00e4ven anv\u00e4ndas p\u00e5 vintern.Lakanets nedre kant har en snodd och fyra remmar med sp\u00e4nnen. Dra \u00e5t snodden och f\u00e4st lakanet med hj\u00e4lp av de fyra remmarna med sp\u00e4nnen p\u00e5 m\u00f6blernas ben s\u00e5 att det skyddas optimalt mot vind. F\u00f6rsett med ventilations\u00f6ppningar och handtag Handtagen p\u00e5 lakanet g\u00f6r det l\u00e4ttare att dra \u00f6ver och ta bort det.Ventilations\u00f6ppningarna s\u00e4kerst\u00e4ller god luftcirkulation under presenningen, vilket minskar fuktansamlingen och f\u00f6rhindrar m\u00f6gelbildning. Robust och v\u00e4derbest\u00e4ndig skydds\u00f6verdrag Tillverkad av h\u00f6gkvalitativt 280 g\/m\u00b2 600D Oxford-tyg med PVC-bel\u00e4ggning, erbjuder presenningen ett bra skydd mot alla typer av v\u00e4derf\u00f6rh\u00e5llanden.F\u00e4rgbest\u00e4ndigheten under p\u00e5verkan av ljus och vatten har testats och bekr\u00e4ftats av T\u00dcV Rheinland (rapport nr 1160042500a 001). Presenningen kan spolas av med kallt vatten vid nedsmutsning och reng\u00f6ras med en mjuk trasa och milt reng\u00f6ringsmedel. Produktdetaljer:- F\u00e4rg: M\u00f6rkgr\u00e5 &#8211; Material: 280 g\/m\u00b2 600D Oxford-tyg &#8211; Storlek: 170 x 100 x 70 cm cm (L x B x H) &#8211; Vikt: 1,85 kg Leveransomfattning: &#8211; 1 x \u00f6verdrag f\u00f6r tr\u00e4dg\u00e5rdsm\u00f6bler<\/p>\n","protected":false},"excerpt":{"rendered":"<p>SONGMICS skydds\u00f6verdrag f\u00f6r tr\u00e4dg\u00e5rdsm\u00f6belset, 240 x 140 x 90 cm (L x B x H), 600D Oxford-tyg, skydds\u00f6verdrag, skyddsk\u00e5pa f\u00f6r bord och stolar, vattent\u00e4tt och f\u00e4rgbest\u00e4ndigt, f\u00f6r utomhusbruk, m\u00f6rkgr\u00e5 GFC93G<\/p>\n","protected":false},"featured_media":39776,"comment_status":"open","ping_status":"closed","template":"","meta":[],"product_brand":[],"product_cat":[33],"product_tag":[],"class_list":{"0":"post-11378","1":"product","2":"type-product","3":"status-publish","4":"has-post-thumbnail","6":"product_cat-okategoriserad","8":"first","9":"instock","10":"shipping-taxable","11":"purchasable","12":"product-type-simple"},"_links":{"self":[{"href":"https:\/\/nordicmart.andreevmaster.com\/sv\/wp-json\/wp\/v2\/product\/11378","targetHints":{"allow":["GET"]}}],"collection":[{"href":"https:\/\/nordicmart.andreevmaster.com\/sv\/wp-json\/wp\/v2\/product"}],"about":[{"href":"https:\/\/nordicmart.andreevmaster.com\/sv\/wp-json\/wp\/v2\/types\/product"}],"replies":[{"embeddable":true,"href":"https:\/\/nordicmart.andreevmaster.com\/sv\/wp-json\/wp\/v2\/comments?post=11378"}],"wp:featuredmedia":[{"embeddable":true,"href":"https:\/\/nordicmart.andreevmaster.com\/sv\/wp-json\/wp\/v2\/media\/39776"}],"wp:attachment":[{"href":"https:\/\/nordicmart.andreevmaster.com\/sv\/wp-json\/wp\/v2\/media?parent=11378"}],"wp:term":[{"taxonomy":"product_brand","embeddable":true,"href":"https:\/\/nordicmart.andreevmaster.com\/sv\/wp-json\/wp\/v2\/product_brand?post=11378"},{"taxonomy":"product_cat","embeddable":true,"href":"https:\/\/nordicmart.andreevmaster.com\/sv\/wp-json\/wp\/v2\/product_cat?post=11378"},{"taxonomy":"product_tag","embeddable":true,"href":"https:\/\/nordicmart.andreevmaster.com\/sv\/wp-json\/wp\/v2\/product_tag?post=11378"}],"curies":[{"name":"wp","href":"https:\/\/api.w.org\/{rel}","templated":true}]}}