{"id":11377,"date":"2026-02-27T00:10:18","date_gmt":"2026-02-27T00:10:18","guid":{"rendered":"https:\/\/nordicmart.andreevmaster.com\/product\/songmics-tradgardsmobeloverdrag-24-x-14-m-beige\/"},"modified":"2026-02-27T08:05:20","modified_gmt":"2026-02-27T08:05:20","slug":"songmics-tradgardsmobeloverdrag-24-x-14-m-beige","status":"publish","type":"product","link":"https:\/\/nordicmart.andreevmaster.com\/sv\/produkt\/songmics-tradgardsmobeloverdrag-24-x-14-m-beige\/","title":{"rendered":"SONGMICS tr\u00e4dg\u00e5rdsm\u00f6bel\u00f6verdrag 2,4 x 1,4 m beige"},"content":{"rendered":"<p>Har du gl\u00f6mt att t\u00e4cka \u00f6ver ditt bord och dina stolar och det har redan b\u00f6rjat regna? Oroa dig inte, f\u00f6r de tv\u00e5 h\u00f6gkvalitativa handtagen p\u00e5 presenningens sidor g\u00f6r det enkelt f\u00f6r dig att t\u00e4cka \u00f6ver bordet och stolarna utan att f\u00f6rlora mycket tid. Stark vind? Dra \u00e5t repet p\u00e5 undersidan av skyddet s\u00e5 att det inte flyger iv\u00e4g som en ballong.Titta \u00e4ven p\u00e5 andra skydd som SONGMICS erbjuder f\u00f6r att skydda alla dina utem\u00f6bler! Produktdetaljer: &#8211; F\u00e4rg: Beige &#8211; Material: 600D Oxford-tyg med PVC-bel\u00e4ggning &#8211; M\u00e5tt: 240 x 140 x 90 cm (L x B x H) &#8211; Vikt: 3,6 kg Leveransomfattning:- 1 x skydds\u00f6verdrag f\u00f6r tr\u00e4dg\u00e5rdsm\u00f6bler SONGMICS Anvisningar: &#8211; Uts\u00e4tt inte produkten f\u00f6r h\u00f6ga temperaturer och f\u00f6rvara den p\u00e5 en sval, torr plats. &#8211; Tv\u00e4tta inte i tv\u00e4ttmaskin.<\/p>\n","protected":false},"excerpt":{"rendered":"<p>SONGMICS skydds\u00f6verdrag f\u00f6r tr\u00e4dg\u00e5rdsm\u00f6belset, 240 x 140 x 90 cm (L x B x H), 600D Oxford-tyg, skydds\u00f6verdrag, skyddsk\u00e5pa f\u00f6r bord och stolar, vattent\u00e4tt och f\u00e4rgbest\u00e4ndigt, f\u00f6r utomhusbruk, m\u00f6rkgr\u00e5 GFC93G<\/p>\n","protected":false},"featured_media":39775,"comment_status":"open","ping_status":"closed","template":"","meta":[],"product_brand":[],"product_cat":[33],"product_tag":[],"class_list":{"0":"post-11377","1":"product","2":"type-product","3":"status-publish","4":"has-post-thumbnail","6":"product_cat-okategoriserad","8":"first","9":"instock","10":"shipping-taxable","11":"purchasable","12":"product-type-simple"},"_links":{"self":[{"href":"https:\/\/nordicmart.andreevmaster.com\/sv\/wp-json\/wp\/v2\/product\/11377","targetHints":{"allow":["GET"]}}],"collection":[{"href":"https:\/\/nordicmart.andreevmaster.com\/sv\/wp-json\/wp\/v2\/product"}],"about":[{"href":"https:\/\/nordicmart.andreevmaster.com\/sv\/wp-json\/wp\/v2\/types\/product"}],"replies":[{"embeddable":true,"href":"https:\/\/nordicmart.andreevmaster.com\/sv\/wp-json\/wp\/v2\/comments?post=11377"}],"wp:featuredmedia":[{"embeddable":true,"href":"https:\/\/nordicmart.andreevmaster.com\/sv\/wp-json\/wp\/v2\/media\/39775"}],"wp:attachment":[{"href":"https:\/\/nordicmart.andreevmaster.com\/sv\/wp-json\/wp\/v2\/media?parent=11377"}],"wp:term":[{"taxonomy":"product_brand","embeddable":true,"href":"https:\/\/nordicmart.andreevmaster.com\/sv\/wp-json\/wp\/v2\/product_brand?post=11377"},{"taxonomy":"product_cat","embeddable":true,"href":"https:\/\/nordicmart.andreevmaster.com\/sv\/wp-json\/wp\/v2\/product_cat?post=11377"},{"taxonomy":"product_tag","embeddable":true,"href":"https:\/\/nordicmart.andreevmaster.com\/sv\/wp-json\/wp\/v2\/product_tag?post=11377"}],"curies":[{"name":"wp","href":"https:\/\/api.w.org\/{rel}","templated":true}]}}