{"id":11376,"date":"2026-02-27T00:10:18","date_gmt":"2026-02-27T00:10:18","guid":{"rendered":"https:\/\/nordicmart.andreevmaster.com\/product\/songmics-tradgardsmobeloverdrag-24-x-14-m-gront\/"},"modified":"2026-02-27T08:05:20","modified_gmt":"2026-02-27T08:05:20","slug":"songmics-tradgardsmobeloverdrag-24-x-14-m-gront","status":"publish","type":"product","link":"https:\/\/nordicmart.andreevmaster.com\/sv\/produkt\/songmics-tradgardsmobeloverdrag-24-x-14-m-gront\/","title":{"rendered":"SONGMICS tr\u00e4dg\u00e5rdsm\u00f6bel\u00f6verdrag 2,4 x 1,4 m gr\u00f6nt"},"content":{"rendered":"<p>Vill du skydda dina m\u00f6bler mot d\u00e5ligt v\u00e4der?  Songmics presenning \u00e4r ditt b\u00e4sta val. Den finns i olika material och storlekar,  s\u00e5 du kan vara s\u00e4ker p\u00e5 att hitta en passande storlek f\u00f6r dina m\u00f6bler.  Songmics presenning ger dina m\u00f6bler l\u00e5ngvarigt skydd mot vatten, damm och solstr\u00e5lning.  Produktdetaljer: &#8211; Material: PE-tyg &#8211; M\u00e5tt: 240 x 140 x 90 cm &#8211; Bruttovikt: 1,5 kg &#8211; F\u00e4rg: m\u00f6rkgr\u00f6n Leveransomfattning: &#8211; 1 x skyddspresenning f\u00f6r tr\u00e4dg\u00e5rdsm\u00f6bler &#8211; 1 x b\u00e4rv\u00e4ska av PE-tyg<\/p>\n","protected":false},"excerpt":{"rendered":"<p>SONGMICS skydds\u00f6verdrag f\u00f6r tr\u00e4dg\u00e5rdsm\u00f6bler, 240 x 140 x 90 cm, presenning f\u00f6r bord och stolar, utomhusbruk, vattent\u00e4t, rektangul\u00e4r, gr\u00f6n GFC93L<\/p>\n","protected":false},"featured_media":39774,"comment_status":"open","ping_status":"closed","template":"","meta":[],"product_brand":[],"product_cat":[33],"product_tag":[],"class_list":{"0":"post-11376","1":"product","2":"type-product","3":"status-publish","4":"has-post-thumbnail","6":"product_cat-okategoriserad","8":"first","9":"instock","10":"shipping-taxable","11":"purchasable","12":"product-type-simple"},"_links":{"self":[{"href":"https:\/\/nordicmart.andreevmaster.com\/sv\/wp-json\/wp\/v2\/product\/11376","targetHints":{"allow":["GET"]}}],"collection":[{"href":"https:\/\/nordicmart.andreevmaster.com\/sv\/wp-json\/wp\/v2\/product"}],"about":[{"href":"https:\/\/nordicmart.andreevmaster.com\/sv\/wp-json\/wp\/v2\/types\/product"}],"replies":[{"embeddable":true,"href":"https:\/\/nordicmart.andreevmaster.com\/sv\/wp-json\/wp\/v2\/comments?post=11376"}],"wp:featuredmedia":[{"embeddable":true,"href":"https:\/\/nordicmart.andreevmaster.com\/sv\/wp-json\/wp\/v2\/media\/39774"}],"wp:attachment":[{"href":"https:\/\/nordicmart.andreevmaster.com\/sv\/wp-json\/wp\/v2\/media?parent=11376"}],"wp:term":[{"taxonomy":"product_brand","embeddable":true,"href":"https:\/\/nordicmart.andreevmaster.com\/sv\/wp-json\/wp\/v2\/product_brand?post=11376"},{"taxonomy":"product_cat","embeddable":true,"href":"https:\/\/nordicmart.andreevmaster.com\/sv\/wp-json\/wp\/v2\/product_cat?post=11376"},{"taxonomy":"product_tag","embeddable":true,"href":"https:\/\/nordicmart.andreevmaster.com\/sv\/wp-json\/wp\/v2\/product_tag?post=11376"}],"curies":[{"name":"wp","href":"https:\/\/api.w.org\/{rel}","templated":true}]}}