{"id":11373,"date":"2026-02-27T00:10:17","date_gmt":"2026-02-27T00:10:17","guid":{"rendered":"https:\/\/nordicmart.andreevmaster.com\/product\/songmics-skyddsoverdrag-for-tradgardsmobler-2-x-16-m\/"},"modified":"2026-02-27T08:05:19","modified_gmt":"2026-02-27T08:05:19","slug":"songmics-skyddsoverdrag-for-tradgardsmobler-2-x-16-m","status":"publish","type":"product","link":"https:\/\/nordicmart.andreevmaster.com\/sv\/produkt\/songmics-skyddsoverdrag-for-tradgardsmobler-2-x-16-m\/","title":{"rendered":"SONGMICS skydds\u00f6verdrag f\u00f6r tr\u00e4dg\u00e5rdsm\u00f6bler 2 x 1,6 m"},"content":{"rendered":"<p>Vill du skydda dina m\u00f6bler mot d\u00e5ligt v\u00e4der?  Songmics skyddspresenning \u00e4r det b\u00e4sta valet. Den finns i olika material och storlekar,  s\u00e5 du kan v\u00e4lja en storlek som passar dina m\u00f6bler.  Songmics skyddspresenning ger dina m\u00f6bler l\u00e5ngvarigt skydd mot vatten, damm och solstr\u00e5lning.  Produktdetaljer: &#8211; Material: PE-tyg &#8211; M\u00e5tt: 200 x 160 x 70 cm &#8211; Bruttovikt: 1,25 kg &#8211; F\u00e4rg: m\u00f6rkgr\u00f6n Leveransomfattning: &#8211; 1 x skyddspresenning f\u00f6r tr\u00e4dg\u00e5rdsm\u00f6bler &#8211; 1 x b\u00e4rv\u00e4ska av PE-tyg<\/p>\n","protected":false},"excerpt":{"rendered":"<p>SONGMICS skydds\u00f6verdrag f\u00f6r tr\u00e4dg\u00e5rdsm\u00f6bler, 200 x 160 x 70 cm, presenning f\u00f6r bord och stolar, utomhus, vattent\u00e4t, rektangul\u00e4r, gr\u00f6n GFC91L<\/p>\n","protected":false},"featured_media":39771,"comment_status":"open","ping_status":"closed","template":"","meta":[],"product_brand":[],"product_cat":[33],"product_tag":[],"class_list":{"0":"post-11373","1":"product","2":"type-product","3":"status-publish","4":"has-post-thumbnail","6":"product_cat-okategoriserad","8":"first","9":"instock","10":"shipping-taxable","11":"purchasable","12":"product-type-simple"},"_links":{"self":[{"href":"https:\/\/nordicmart.andreevmaster.com\/sv\/wp-json\/wp\/v2\/product\/11373","targetHints":{"allow":["GET"]}}],"collection":[{"href":"https:\/\/nordicmart.andreevmaster.com\/sv\/wp-json\/wp\/v2\/product"}],"about":[{"href":"https:\/\/nordicmart.andreevmaster.com\/sv\/wp-json\/wp\/v2\/types\/product"}],"replies":[{"embeddable":true,"href":"https:\/\/nordicmart.andreevmaster.com\/sv\/wp-json\/wp\/v2\/comments?post=11373"}],"wp:featuredmedia":[{"embeddable":true,"href":"https:\/\/nordicmart.andreevmaster.com\/sv\/wp-json\/wp\/v2\/media\/39771"}],"wp:attachment":[{"href":"https:\/\/nordicmart.andreevmaster.com\/sv\/wp-json\/wp\/v2\/media?parent=11373"}],"wp:term":[{"taxonomy":"product_brand","embeddable":true,"href":"https:\/\/nordicmart.andreevmaster.com\/sv\/wp-json\/wp\/v2\/product_brand?post=11373"},{"taxonomy":"product_cat","embeddable":true,"href":"https:\/\/nordicmart.andreevmaster.com\/sv\/wp-json\/wp\/v2\/product_cat?post=11373"},{"taxonomy":"product_tag","embeddable":true,"href":"https:\/\/nordicmart.andreevmaster.com\/sv\/wp-json\/wp\/v2\/product_tag?post=11373"}],"curies":[{"name":"wp","href":"https:\/\/api.w.org\/{rel}","templated":true}]}}