{"id":11372,"date":"2026-02-27T00:10:17","date_gmt":"2026-02-27T00:10:17","guid":{"rendered":"https:\/\/nordicmart.andreevmaster.com\/product\/songmics-skyddspresenning-for-tradgardsmobler\/"},"modified":"2026-02-27T08:05:19","modified_gmt":"2026-02-27T08:05:19","slug":"songmics-skyddspresenning-for-tradgardsmobler","status":"publish","type":"product","link":"https:\/\/nordicmart.andreevmaster.com\/sv\/produkt\/songmics-skyddspresenning-for-tradgardsmobler\/","title":{"rendered":"SONGMICS skyddspresenning f\u00f6r tr\u00e4dg\u00e5rdsm\u00f6bler"},"content":{"rendered":"<p>V\u00c4DER ELLER SOLSTR\u00c5LAR: Frisk luft, varm solsken, mild vind \u2013 att koppla av utomhus i s\u00e5dant v\u00e4der \u00e4r ren njutning. Men n\u00e4r v\u00e4dret blir s\u00e4mre \u00e4r det dags f\u00f6r denna presenning fr\u00e5n SONGMICS att r\u00e4dda dina tr\u00e4dg\u00e5rdsm\u00f6bler. Presenningen skyddar ditt tr\u00e4dg\u00e5rdsbord och dina tr\u00e4dg\u00e5rdsstolar mot regn, sn\u00f6, vind, damm, pollen, solljus etc.<\/p>\n","protected":false},"excerpt":{"rendered":"<p>SONGMICS skydds\u00f6verdrag f\u00f6r tr\u00e4dg\u00e5rdsm\u00f6bler, 200 x 160 x 70 cm, presenning f\u00f6r bord och stolar, utomhus, vattent\u00e4t, rektangul\u00e4r, gr\u00f6n GFC91L<\/p>\n","protected":false},"featured_media":39770,"comment_status":"open","ping_status":"closed","template":"","meta":[],"product_brand":[],"product_cat":[33],"product_tag":[],"class_list":{"0":"post-11372","1":"product","2":"type-product","3":"status-publish","4":"has-post-thumbnail","6":"product_cat-okategoriserad","8":"first","9":"instock","10":"shipping-taxable","11":"purchasable","12":"product-type-simple"},"_links":{"self":[{"href":"https:\/\/nordicmart.andreevmaster.com\/sv\/wp-json\/wp\/v2\/product\/11372","targetHints":{"allow":["GET"]}}],"collection":[{"href":"https:\/\/nordicmart.andreevmaster.com\/sv\/wp-json\/wp\/v2\/product"}],"about":[{"href":"https:\/\/nordicmart.andreevmaster.com\/sv\/wp-json\/wp\/v2\/types\/product"}],"replies":[{"embeddable":true,"href":"https:\/\/nordicmart.andreevmaster.com\/sv\/wp-json\/wp\/v2\/comments?post=11372"}],"wp:featuredmedia":[{"embeddable":true,"href":"https:\/\/nordicmart.andreevmaster.com\/sv\/wp-json\/wp\/v2\/media\/39770"}],"wp:attachment":[{"href":"https:\/\/nordicmart.andreevmaster.com\/sv\/wp-json\/wp\/v2\/media?parent=11372"}],"wp:term":[{"taxonomy":"product_brand","embeddable":true,"href":"https:\/\/nordicmart.andreevmaster.com\/sv\/wp-json\/wp\/v2\/product_brand?post=11372"},{"taxonomy":"product_cat","embeddable":true,"href":"https:\/\/nordicmart.andreevmaster.com\/sv\/wp-json\/wp\/v2\/product_cat?post=11372"},{"taxonomy":"product_tag","embeddable":true,"href":"https:\/\/nordicmart.andreevmaster.com\/sv\/wp-json\/wp\/v2\/product_tag?post=11372"}],"curies":[{"name":"wp","href":"https:\/\/api.w.org\/{rel}","templated":true}]}}